{"id":18759,"date":"2022-03-09T14:46:34","date_gmt":"2022-03-09T14:46:34","guid":{"rendered":"https:\/\/iksel.com.tr\/?page_id=18759"},"modified":"2026-04-02T13:11:54","modified_gmt":"2026-04-02T13:11:54","slug":"iletisim","status":"publish","type":"page","link":"https:\/\/iksel.com.tr\/en\/iletisim\/","title":{"rendered":"Contact"},"content":{"rendered":"<div data-elementor-type=\"wp-page\" data-elementor-id=\"18759\" class=\"elementor elementor-18759\">\n\t\t\t\t\t\t<section class=\"elementor-section elementor-top-section elementor-element elementor-element-05f1a4d elementor-section-full_width elementor-section-height-default elementor-section-height-default sc_fly_static\" data-id=\"05f1a4d\" data-element_type=\"section\" data-e-type=\"section\" data-settings=\"{&quot;background_background&quot;:&quot;classic&quot;}\">\n\t\t\t\t\t\t<div class=\"elementor-container elementor-column-gap-no\">\n\t\t\t\t\t<div class=\"elementor-column elementor-col-100 elementor-top-column elementor-element elementor-element-ffefd5c sc_content_align_inherit sc_layouts_column_icons_position_left sc_fly_static\" data-id=\"ffefd5c\" data-element_type=\"column\" data-e-type=\"column\">\n\t\t\t<div class=\"elementor-widget-wrap elementor-element-populated\">\n\t\t\t\t\t\t<div class=\"elementor-element elementor-element-9f0294b sc_fly_static elementor-widget elementor-widget-trx_sc_googlemap\" data-id=\"9f0294b\" data-element_type=\"widget\" data-e-type=\"widget\" data-widget_type=\"trx_sc_googlemap.default\">\n\t\t\t\t<div class=\"elementor-widget-container\">\n\t\t\t\t\t<div id=\"sc_googlemap_60783262_wrap\" class=\"sc_googlemap_wrap\"><div id=\"sc_googlemap_60783262\"\t\t\tclass=\"sc_item_content sc_map sc_googlemap sc_googlemap_default trx_addons_inline_2005339193\"\n\t\t\t \t\t\tdata-zoom=\"14\"\n\t\t\tdata-center=\"\"\n\t\t\tdata-style=\"extra\"\n\t\t\tdata-map-id=\"\"\n\t\t\tdata-cluster-icon=\"\"\n\t\t\t><iframe\n\t\t\t\t\t\tsrc=\"https:\/\/maps.google.com\/maps?t=m&output=embed&iwloc=near&z=14&q=%C4%B0ksel+Elektromekanik+A.%C5%9E+Gebze+Plastik%C3%A7iler+OSB%2C+12.+Sk.+No%3A3%2C+41400+Gebze+%2F+KOCAEL%C4%B0\"\n\t\t\t\t\t\taria-label=\"One\"><\/iframe><\/div><\/div>\t\t\t\t<\/div>\n\t\t\t\t<\/div>\n\t\t\t\t\t<\/div>\n\t\t<\/div>\n\t\t\t\t\t<\/div>\n\t\t<\/section>\n\t\t\t\t<section class=\"elementor-section elementor-top-section elementor-element elementor-element-23fd22c scheme_default elementor-section-boxed elementor-section-height-default elementor-section-height-default sc_fly_static\" data-id=\"23fd22c\" data-element_type=\"section\" data-e-type=\"section\" data-settings=\"{&quot;background_background&quot;:&quot;classic&quot;}\">\n\t\t\t\t\t\t\t<div class=\"elementor-background-overlay\"><\/div>\n\t\t\t\t\t\t\t<div class=\"elementor-container elementor-column-gap-extended\">\n\t\t\t\t\t<div class=\"elementor-column elementor-col-100 elementor-top-column elementor-element elementor-element-5ab8b3d sc_content_align_inherit sc_layouts_column_icons_position_left sc_fly_static\" data-id=\"5ab8b3d\" data-element_type=\"column\" data-e-type=\"column\">\n\t\t\t<div class=\"elementor-widget-wrap elementor-element-populated\">\n\t\t\t\t\t\t<div class=\"elementor-element elementor-element-e1b6d69 sc_height_large sc_fly_static elementor-widget elementor-widget-spacer\" data-id=\"e1b6d69\" data-element_type=\"widget\" data-e-type=\"widget\" data-widget_type=\"spacer.default\">\n\t\t\t\t<div class=\"elementor-widget-container\">\n\t\t\t\t\t\t\t<div class=\"elementor-spacer\">\n\t\t\t<div class=\"elementor-spacer-inner\"><\/div>\n\t\t<\/div>\n\t\t\t\t\t\t<\/div>\n\t\t\t\t<\/div>\n\t\t\t\t<section class=\"elementor-section elementor-inner-section elementor-element elementor-element-f896137 elementor-section-boxed elementor-section-height-default elementor-section-height-default sc_fly_static\" data-id=\"f896137\" data-element_type=\"section\" data-e-type=\"section\">\n\t\t\t\t\t\t<div class=\"elementor-container elementor-column-gap-no\">\n\t\t\t\t\t<div class=\"elementor-column elementor-col-33 elementor-inner-column elementor-element elementor-element-650d6be sc_content_align_inherit sc_layouts_column_icons_position_left sc_fly_static\" data-id=\"650d6be\" data-element_type=\"column\" data-e-type=\"column\">\n\t\t\t<div class=\"elementor-widget-wrap elementor-element-populated\">\n\t\t\t\t\t\t<div class=\"elementor-element elementor-element-5af4419 sc_layouts_hide_on_mobile sc_fly_static elementor-widget elementor-widget-spacer\" data-id=\"5af4419\" data-element_type=\"widget\" data-e-type=\"widget\" data-widget_type=\"spacer.default\">\n\t\t\t\t<div class=\"elementor-widget-container\">\n\t\t\t\t\t\t\t<div class=\"elementor-spacer\">\n\t\t\t<div class=\"elementor-spacer-inner\"><\/div>\n\t\t<\/div>\n\t\t\t\t\t\t<\/div>\n\t\t\t\t<\/div>\n\t\t\t\t<div class=\"elementor-element elementor-element-114fffe sc_fly_static elementor-widget elementor-widget-trx_sc_title\" data-id=\"114fffe\" data-element_type=\"widget\" data-e-type=\"widget\" data-widget_type=\"trx_sc_title.default\">\n\t\t\t\t<div class=\"elementor-widget-container\">\n\t\t\t\t\t<div\t\tclass=\"sc_title sc_title_default\" ><h4 class=\"sc_item_title sc_title_title sc_item_title_style_default sc_item_title_tag\"\n\t\t\t><span class=\"sc_item_title_text\">Get in Touch\n<\/span><\/h4><div class=\"sc_item_descr sc_title_descr\"><p>You can reach us using the contact information and location details.<\/p>\n<\/div><\/div>\t\t\t\t<\/div>\n\t\t\t\t<\/div>\n\t\t\t\t<div class=\"elementor-element elementor-element-218198f sc_fly_static elementor-widget elementor-widget-spacer\" data-id=\"218198f\" data-element_type=\"widget\" data-e-type=\"widget\" data-widget_type=\"spacer.default\">\n\t\t\t\t<div class=\"elementor-widget-container\">\n\t\t\t\t\t\t\t<div class=\"elementor-spacer\">\n\t\t\t<div class=\"elementor-spacer-inner\"><\/div>\n\t\t<\/div>\n\t\t\t\t\t\t<\/div>\n\t\t\t\t<\/div>\n\t\t\t\t<div class=\"elementor-element elementor-element-0f8281f sc_fly_static elementor-widget elementor-widget-trx_sc_icons\" data-id=\"0f8281f\" data-element_type=\"widget\" data-e-type=\"widget\" data-widget_type=\"trx_sc_icons.default\">\n\t\t\t\t<div class=\"elementor-widget-container\">\n\t\t\t\t\t<div \tclass=\"sc_icons sc_icons_simple sc_icons_size_small sc_align_none\" ><div class=\"sc_icons_item sc_icons_item_linked\"><div class=\"sc_icons_item_details\"><div class=\"sc_icons_item_description\"><span><\/span><span>Gebze Plastik\u00e7iler OSB, 12. Sk. No:3, 41400 Gebze \/ KOCAEL\u0130<\/span><span><\/span><\/div><a href=\"https:\/\/maps.app.goo.gl\/gi4ufBTHUxp96cjDA?g_st=im\"\n                        class=\"sc_icons_item_link\" target=\"_blank\">\n                        <\/a><\/div><\/div><div class=\"sc_icons_item with_more\"><div class=\"sc_icons_item_details\"><div class=\"sc_icons_item_description\"><span><a href=\"mailto:info@iksel.com.tr\">info@iksel.com.tr<\/a><\/span><\/div><\/div><\/div><div class=\"sc_icons_item sc_icons_item_linked with_more\"><div class=\"sc_icons_item_details\"><a href=\"tel:+90%20262%20503%2003%2050\" class=\"sc_icons_item_more_link\">\n                        <span class=\"link_text\">+90 262 503 03 50<\/span><span class=\"link_icon\"><\/span>\n                        <\/a><a href=\"tel:+90%20262%20503%2003%2050\"\n                        class=\"sc_icons_item_link\">\n                        <\/a><\/div><\/div><div class=\"sc_icons_item sc_icons_item_linked with_more\"><div class=\"sc_icons_item_details\"><a href=\"tel:+90%20262%20502%2040%2080\" class=\"sc_icons_item_more_link\">\n                        <span class=\"link_text\">+90 262 502 40 80<\/span><span class=\"link_icon\"><\/span>\n                        <\/a><a href=\"tel:+90%20262%20502%2040%2080\"\n                        class=\"sc_icons_item_link\">\n                        <\/a><\/div><\/div><\/div><!-- \/.sc_icons -->\t\t\t\t<\/div>\n\t\t\t\t<\/div>\n\t\t\t\t<div class=\"elementor-element elementor-element-8772350 sc_fly_static elementor-widget elementor-widget-spacer\" data-id=\"8772350\" data-element_type=\"widget\" data-e-type=\"widget\" data-widget_type=\"spacer.default\">\n\t\t\t\t<div class=\"elementor-widget-container\">\n\t\t\t\t\t\t\t<div class=\"elementor-spacer\">\n\t\t\t<div class=\"elementor-spacer-inner\"><\/div>\n\t\t<\/div>\n\t\t\t\t\t\t<\/div>\n\t\t\t\t<\/div>\n\t\t\t\t<div class=\"elementor-element elementor-element-00348cc sc_fly_static elementor-widget elementor-widget-trx_sc_socials\" data-id=\"00348cc\" data-element_type=\"widget\" data-e-type=\"widget\" data-widget_type=\"trx_sc_socials.default\">\n\t\t\t\t<div class=\"elementor-widget-container\">\n\t\t\t\t\t<div  \n\t\tclass=\"sc_socials sc_socials_default sc_align_none\" ><div class=\"socials_wrap sc_item_content\"><a target=\"_blank\" rel=\"nofollow\" href=\"https:\/\/iksel.com.tr\/en\/\" class=\"social_item social_item_style_icons sc_icon_type_icons social_item_type_icons\"><span class=\"social_icon social_icon_linkedin\" style=\"\"><span class=\"screen-reader-text\">linkedin<\/span><span class=\"icon-linkedin\"><\/span><\/span><\/a><a target=\"_blank\" rel=\"nofollow\" href=\"https:\/\/iksel.com.tr\/en\/\" class=\"social_item social_item_style_icons sc_icon_type_icons social_item_type_icons\"><span class=\"social_icon social_icon_youtube2\" style=\"\"><span class=\"screen-reader-text\">youtube2<\/span><span class=\"trx_addons_icon-youtube2\"><\/span><\/span><\/a><\/div><\/div>\t\t\t\t<\/div>\n\t\t\t\t<\/div>\n\t\t\t\t<div class=\"elementor-element elementor-element-770a0a0 sc_height_medium sc_layouts_hide_on_wide sc_layouts_hide_on_desktop sc_layouts_hide_on_notebook sc_layouts_hide_on_tablet sc_fly_static elementor-widget elementor-widget-spacer\" data-id=\"770a0a0\" data-element_type=\"widget\" data-e-type=\"widget\" data-widget_type=\"spacer.default\">\n\t\t\t\t<div class=\"elementor-widget-container\">\n\t\t\t\t\t\t\t<div class=\"elementor-spacer\">\n\t\t\t<div class=\"elementor-spacer-inner\"><\/div>\n\t\t<\/div>\n\t\t\t\t\t\t<\/div>\n\t\t\t\t<\/div>\n\t\t\t\t\t<\/div>\n\t\t<\/div>\n\t\t\t\t<div class=\"elementor-column elementor-col-66 elementor-inner-column elementor-element elementor-element-0a9f336 sc_content_align_inherit sc_layouts_column_icons_position_left sc_fly_static\" data-id=\"0a9f336\" data-element_type=\"column\" data-e-type=\"column\">\n\t\t\t<div class=\"elementor-widget-wrap elementor-element-populated\">\n\t\t\t\t\t\t<div class=\"elementor-element elementor-element-9b6b163 sc_fly_static elementor-widget elementor-widget-trx_sc_contact_form_7\" data-id=\"9b6b163\" data-element_type=\"widget\" data-e-type=\"widget\" data-widget_type=\"trx_sc_contact_form_7.default\">\n\t\t\t\t<div class=\"elementor-widget-container\">\n\t\t\t\t\t\n<div class=\"wpcf7 no-js\" id=\"wpcf7-f1324-o1\" lang=\"en-US\" dir=\"ltr\" data-wpcf7-id=\"1324\">\n<div class=\"screen-reader-response\"><p role=\"status\" aria-live=\"polite\" aria-atomic=\"true\"><\/p> <ul><\/ul><\/div>\n<form action=\"\/en\/wp-json\/wp\/v2\/pages\/18759#wpcf7-f1324-o1\" method=\"post\" class=\"wpcf7-form init\" aria-label=\"Contact form\" novalidate=\"novalidate\" data-status=\"init\" data-trp-original-action=\"\/en\/wp-json\/wp\/v2\/pages\/18759#wpcf7-f1324-o1\">\n<fieldset class=\"hidden-fields-container\"><input type=\"hidden\" name=\"_wpcf7\" value=\"1324\" \/><input type=\"hidden\" name=\"_wpcf7_version\" value=\"6.1.5\" \/><input type=\"hidden\" name=\"_wpcf7_locale\" value=\"en_US\" \/><input type=\"hidden\" name=\"_wpcf7_unit_tag\" value=\"wpcf7-f1324-o1\" \/><input type=\"hidden\" name=\"_wpcf7_container_post\" value=\"0\" \/><input type=\"hidden\" name=\"_wpcf7_posted_data_hash\" value=\"\" \/>\n<\/fieldset>\n<div class=\"form-style-3\">\n\t<div class=\"columns_wrap\">\n\t\t<div class=\"column-1_2\">\n\t\t\t<p><span class=\"style-line icon-name\"><span class=\"wpcf7-form-control-wrap\" data-name=\"your-name\"><input size=\"40\" maxlength=\"400\" class=\"wpcf7-form-control wpcf7-text wpcf7-validates-as-required\" aria-required=\"true\" aria-invalid=\"false\" placeholder=\"Name Surname\" value=\"\" type=\"text\" name=\"your-name\" \/><\/span><\/span>\n\t\t\t<\/p>\n\t\t<\/div>\n\t\t<div class=\"column-1_2\">\n\t\t\t<p><span class=\"style-line icon-email\"><span class=\"wpcf7-form-control-wrap\" data-name=\"your-email\"><input size=\"40\" maxlength=\"400\" class=\"wpcf7-form-control wpcf7-email wpcf7-validates-as-required wpcf7-text wpcf7-validates-as-email\" aria-required=\"true\" aria-invalid=\"false\" placeholder=\"E-mail\" value=\"\" type=\"email\" name=\"your-email\" \/><\/span><\/span>\n\t\t\t<\/p>\n\t\t<\/div>\n\t<\/div>\n\t<div class=\"columns_wrap\">\n\t\t<div class=\"column-1_2\">\n\t\t\t<p><span class=\"style-line icon-phone\"><span class=\"wpcf7-form-control-wrap\" data-name=\"phone\"><input size=\"40\" maxlength=\"400\" class=\"wpcf7-form-control wpcf7-tel wpcf7-validates-as-required wpcf7-text wpcf7-validates-as-tel\" aria-required=\"true\" aria-invalid=\"false\" placeholder=\"Phone\" value=\"\" type=\"tel\" name=\"phone\" \/><\/span><\/span>\n\t\t\t<\/p>\n\t\t<\/div>\n\t\t<div class=\"column-1_2\">\n\t\t\t<p><span class=\"style-line icon-subject\"><span class=\"wpcf7-form-control-wrap\" data-name=\"subject\"><input size=\"40\" maxlength=\"400\" class=\"wpcf7-form-control wpcf7-text wpcf7-validates-as-required\" aria-required=\"true\" aria-invalid=\"false\" placeholder=\"Subject\" value=\"\" type=\"text\" name=\"subject\" \/><\/span><\/span>\n\t\t\t<\/p>\n\t\t<\/div>\n\t<\/div>\n\t<div class=\"columns_wrap margin-bottom\">\n\t\t<div class=\"column-1_1\">\n\t\t\t<p><span class=\"style-line icon-textarea\"><span class=\"wpcf7-form-control-wrap\" data-name=\"your-message\"><textarea cols=\"40\" rows=\"10\" maxlength=\"2000\" class=\"wpcf7-form-control wpcf7-textarea wpcf7-validates-as-required\" aria-required=\"true\" aria-invalid=\"false\" placeholder=\"Your message that you would like to add...\" name=\"your-message\"><\/textarea><\/span><\/span>\n\t\t\t<\/p>\n\t\t<\/div>\n\t<\/div>\n\t<p><input class=\"wpcf7-form-control wpcf7-submit has-spinner\" type=\"submit\" value=\"Send\" \/><span class=\"wpcf7-form-control-wrap\" data-name=\"acceptance\"><span class=\"wpcf7-form-control wpcf7-acceptance\"><span class=\"wpcf7-list-item\"><label><input type=\"checkbox\" name=\"acceptance\" value=\"1\" aria-invalid=\"false\" \/><span class=\"wpcf7-list-item-label\"><a href=\"\/en\/gizlilik-politikasi\/\">Privacy Policy<\/a> I have read and approve.<\/span><\/label><\/span><\/span><\/span>\n\t<\/p>\n<\/div><div class=\"wpcf7-response-output\" aria-hidden=\"true\"><\/div>\n<input type=\"hidden\" name=\"trp-form-language\" value=\"en\"\/><\/form>\n<\/div>\n\t\t\t\t<\/div>\n\t\t\t\t<\/div>\n\t\t\t\t\t<\/div>\n\t\t<\/div>\n\t\t\t\t\t<\/div>\n\t\t<\/section>\n\t\t\t\t<div class=\"elementor-element elementor-element-5b2bf05 sc_height_large sc_fly_static elementor-widget elementor-widget-spacer\" data-id=\"5b2bf05\" data-element_type=\"widget\" data-e-type=\"widget\" data-widget_type=\"spacer.default\">\n\t\t\t\t<div class=\"elementor-widget-container\">\n\t\t\t\t\t\t\t<div class=\"elementor-spacer\">\n\t\t\t<div class=\"elementor-spacer-inner\"><\/div>\n\t\t<\/div>\n\t\t\t\t\t\t<\/div>\n\t\t\t\t<\/div>\n\t\t\t\t\t<\/div>\n\t\t<\/div>\n\t\t\t\t\t<\/div>\n\t\t<\/section>\n\t\t\t\t<\/div>","protected":false},"excerpt":{"rendered":"<p>\u0130leti\u015fime Ge\u00e7in \u0130leti\u015fim bilgilerinden ve konumdan bizlere ula\u015fabilirsiniz. Gebze Plastik\u00e7iler OSB, 12. Sk. No:3, 41400 Gebze \/ KOCAEL\u0130 info@iksel.com.tr +90 262 503 03 50 +90 262 502 40 80 linkedinyoutube2&hellip;<\/p>","protected":false},"author":1,"featured_media":0,"parent":0,"menu_order":0,"comment_status":"closed","ping_status":"closed","template":"","meta":{"footnotes":""},"class_list":["post-18759","page","type-page","status-publish","hentry"],"yoast_head":"<!-- This site is optimized with the Yoast SEO plugin v27.4 - https:\/\/yoast.com\/product\/yoast-seo-wordpress\/ -->\n<title>\u0130leti\u015fim - \u0130KSEL Elektromekanik<\/title>\n<meta name=\"robots\" content=\"index, follow, max-snippet:-1, max-image-preview:large, max-video-preview:-1\" \/>\n<link rel=\"canonical\" href=\"https:\/\/iksel.com.tr\/en\/iletisim\/\" \/>\n<meta property=\"og:locale\" content=\"en_US\" \/>\n<meta property=\"og:type\" content=\"article\" \/>\n<meta property=\"og:title\" content=\"\u0130leti\u015fim - \u0130KSEL Elektromekanik\" \/>\n<meta property=\"og:description\" content=\"\u0130leti\u015fime Ge\u00e7in \u0130leti\u015fim bilgilerinden ve konumdan bizlere ula\u015fabilirsiniz. Gebze Plastik\u00e7iler OSB, 12. Sk. No:3, 41400 Gebze \/ KOCAEL\u0130 info@iksel.com.tr +90 262 503 03 50 +90 262 502 40 80 linkedinyoutube2&hellip;\" \/>\n<meta property=\"og:url\" content=\"https:\/\/iksel.com.tr\/en\/iletisim\/\" \/>\n<meta property=\"og:site_name\" content=\"\u0130KSEL Elektromekanik\" \/>\n<meta property=\"article:modified_time\" content=\"2026-04-02T13:11:54+00:00\" \/>\n<meta name=\"twitter:card\" content=\"summary_large_image\" \/>\n<meta name=\"twitter:label1\" content=\"Est. reading time\" \/>\n\t<meta name=\"twitter:data1\" content=\"1 minute\" \/>\n<script type=\"application\/ld+json\" class=\"yoast-schema-graph\">{\"@context\":\"https:\\\/\\\/schema.org\",\"@graph\":[{\"@type\":\"WebPage\",\"@id\":\"https:\\\/\\\/iksel.com.tr\\\/en\\\/iletisim\\\/\",\"url\":\"https:\\\/\\\/iksel.com.tr\\\/en\\\/iletisim\\\/\",\"name\":\"\u0130leti\u015fim - \u0130KSEL Elektromekanik\",\"isPartOf\":{\"@id\":\"https:\\\/\\\/iksel.com.tr\\\/en\\\/#website\"},\"datePublished\":\"2022-03-09T14:46:34+00:00\",\"dateModified\":\"2026-04-02T13:11:54+00:00\",\"breadcrumb\":{\"@id\":\"https:\\\/\\\/iksel.com.tr\\\/en\\\/iletisim\\\/#breadcrumb\"},\"inLanguage\":\"en-US\",\"potentialAction\":[{\"@type\":\"ReadAction\",\"target\":[\"https:\\\/\\\/iksel.com.tr\\\/en\\\/iletisim\\\/\"]}]},{\"@type\":\"BreadcrumbList\",\"@id\":\"https:\\\/\\\/iksel.com.tr\\\/en\\\/iletisim\\\/#breadcrumb\",\"itemListElement\":[{\"@type\":\"ListItem\",\"position\":1,\"name\":\"Anasayfa\",\"item\":\"https:\\\/\\\/iksel.com.tr\\\/\"},{\"@type\":\"ListItem\",\"position\":2,\"name\":\"\u0130leti\u015fim\"}]},{\"@type\":\"WebSite\",\"@id\":\"https:\\\/\\\/iksel.com.tr\\\/en\\\/#website\",\"url\":\"https:\\\/\\\/iksel.com.tr\\\/en\\\/\",\"name\":\"\u0130KSEL Elektromekanik\",\"description\":\"Entegre Elektromekanik \u00dcretim \u00c7\u00f6z\u00fcmleri\",\"publisher\":{\"@id\":\"https:\\\/\\\/iksel.com.tr\\\/en\\\/#organization\"},\"potentialAction\":[{\"@type\":\"SearchAction\",\"target\":{\"@type\":\"EntryPoint\",\"urlTemplate\":\"https:\\\/\\\/iksel.com.tr\\\/en\\\/?s={search_term_string}\"},\"query-input\":{\"@type\":\"PropertyValueSpecification\",\"valueRequired\":true,\"valueName\":\"search_term_string\"}}],\"inLanguage\":\"en-US\"},{\"@type\":\"Organization\",\"@id\":\"https:\\\/\\\/iksel.com.tr\\\/en\\\/#organization\",\"name\":\"\u0130KSEL Elektromekanik\",\"url\":\"https:\\\/\\\/iksel.com.tr\\\/en\\\/\",\"logo\":{\"@type\":\"ImageObject\",\"inLanguage\":\"en-US\",\"@id\":\"https:\\\/\\\/iksel.com.tr\\\/en\\\/#\\\/schema\\\/logo\\\/image\\\/\",\"url\":\"https:\\\/\\\/iksel.com.tr\\\/wp-content\\\/uploads\\\/2026\\\/04\\\/Iksel-logo_koyu-renk-1.png\",\"contentUrl\":\"https:\\\/\\\/iksel.com.tr\\\/wp-content\\\/uploads\\\/2026\\\/04\\\/Iksel-logo_koyu-renk-1.png\",\"width\":1226,\"height\":472,\"caption\":\"\u0130KSEL Elektromekanik\"},\"image\":{\"@id\":\"https:\\\/\\\/iksel.com.tr\\\/en\\\/#\\\/schema\\\/logo\\\/image\\\/\"}}]}<\/script>\n<!-- \/ Yoast SEO plugin. -->","yoast_head_json":{"title":"\u0130leti\u015fim - \u0130KSEL Elektromekanik","robots":{"index":"index","follow":"follow","max-snippet":"max-snippet:-1","max-image-preview":"max-image-preview:large","max-video-preview":"max-video-preview:-1"},"canonical":"https:\/\/iksel.com.tr\/en\/iletisim\/","og_locale":"en_US","og_type":"article","og_title":"\u0130leti\u015fim - \u0130KSEL Elektromekanik","og_description":"\u0130leti\u015fime Ge\u00e7in \u0130leti\u015fim bilgilerinden ve konumdan bizlere ula\u015fabilirsiniz. Gebze Plastik\u00e7iler OSB, 12. Sk. No:3, 41400 Gebze \/ KOCAEL\u0130 info@iksel.com.tr +90 262 503 03 50 +90 262 502 40 80 linkedinyoutube2&hellip;","og_url":"https:\/\/iksel.com.tr\/en\/iletisim\/","og_site_name":"\u0130KSEL Elektromekanik","article_modified_time":"2026-04-02T13:11:54+00:00","twitter_card":"summary_large_image","twitter_misc":{"Est. reading time":"1 minute"},"schema":{"@context":"https:\/\/schema.org","@graph":[{"@type":"WebPage","@id":"https:\/\/iksel.com.tr\/en\/iletisim\/","url":"https:\/\/iksel.com.tr\/en\/iletisim\/","name":"\u0130leti\u015fim - \u0130KSEL Elektromekanik","isPartOf":{"@id":"https:\/\/iksel.com.tr\/en\/#website"},"datePublished":"2022-03-09T14:46:34+00:00","dateModified":"2026-04-02T13:11:54+00:00","breadcrumb":{"@id":"https:\/\/iksel.com.tr\/en\/iletisim\/#breadcrumb"},"inLanguage":"en-US","potentialAction":[{"@type":"ReadAction","target":["https:\/\/iksel.com.tr\/en\/iletisim\/"]}]},{"@type":"BreadcrumbList","@id":"https:\/\/iksel.com.tr\/en\/iletisim\/#breadcrumb","itemListElement":[{"@type":"ListItem","position":1,"name":"Anasayfa","item":"https:\/\/iksel.com.tr\/"},{"@type":"ListItem","position":2,"name":"\u0130leti\u015fim"}]},{"@type":"WebSite","@id":"https:\/\/iksel.com.tr\/en\/#website","url":"https:\/\/iksel.com.tr\/en\/","name":"IKSEL Electromechanical","description":"Entegre Elektromekanik \u00dcretim \u00c7\u00f6z\u00fcmleri","publisher":{"@id":"https:\/\/iksel.com.tr\/en\/#organization"},"potentialAction":[{"@type":"SearchAction","target":{"@type":"EntryPoint","urlTemplate":"https:\/\/iksel.com.tr\/en\/?s={search_term_string}"},"query-input":{"@type":"PropertyValueSpecification","valueRequired":true,"valueName":"search_term_string"}}],"inLanguage":"en-US"},{"@type":"Organization","@id":"https:\/\/iksel.com.tr\/en\/#organization","name":"IKSEL Electromechanical","url":"https:\/\/iksel.com.tr\/en\/","logo":{"@type":"ImageObject","inLanguage":"en-US","@id":"https:\/\/iksel.com.tr\/en\/#\/schema\/logo\/image\/","url":"https:\/\/iksel.com.tr\/wp-content\/uploads\/2026\/04\/Iksel-logo_koyu-renk-1.png","contentUrl":"https:\/\/iksel.com.tr\/wp-content\/uploads\/2026\/04\/Iksel-logo_koyu-renk-1.png","width":1226,"height":472,"caption":"\u0130KSEL Elektromekanik"},"image":{"@id":"https:\/\/iksel.com.tr\/en\/#\/schema\/logo\/image\/"}}]}},"_links":{"self":[{"href":"https:\/\/iksel.com.tr\/en\/wp-json\/wp\/v2\/pages\/18759","targetHints":{"allow":["GET"]}}],"collection":[{"href":"https:\/\/iksel.com.tr\/en\/wp-json\/wp\/v2\/pages"}],"about":[{"href":"https:\/\/iksel.com.tr\/en\/wp-json\/wp\/v2\/types\/page"}],"author":[{"embeddable":true,"href":"https:\/\/iksel.com.tr\/en\/wp-json\/wp\/v2\/users\/1"}],"replies":[{"embeddable":true,"href":"https:\/\/iksel.com.tr\/en\/wp-json\/wp\/v2\/comments?post=18759"}],"version-history":[{"count":52,"href":"https:\/\/iksel.com.tr\/en\/wp-json\/wp\/v2\/pages\/18759\/revisions"}],"predecessor-version":[{"id":22860,"href":"https:\/\/iksel.com.tr\/en\/wp-json\/wp\/v2\/pages\/18759\/revisions\/22860"}],"wp:attachment":[{"href":"https:\/\/iksel.com.tr\/en\/wp-json\/wp\/v2\/media?parent=18759"}],"curies":[{"name":"wp","href":"https:\/\/api.w.org\/{rel}","templated":true}]}}