{"id":21625,"date":"2026-03-25T18:47:30","date_gmt":"2026-03-25T18:47:30","guid":{"rendered":"https:\/\/iksel.com.tr\/?page_id=21625"},"modified":"2026-04-02T14:23:49","modified_gmt":"2026-04-02T14:23:49","slug":"sektorler","status":"publish","type":"page","link":"https:\/\/iksel.com.tr\/en\/sektorler\/","title":{"rendered":"Indutries"},"content":{"rendered":"<div data-elementor-type=\"wp-page\" data-elementor-id=\"21625\" class=\"elementor elementor-21625\">\n\t\t\t\t\t\t<section class=\"elementor-section elementor-top-section elementor-element elementor-element-58390ac1 elementor-section-boxed elementor-section-height-default elementor-section-height-default sc_fly_static\" data-id=\"58390ac1\" data-element_type=\"section\" data-e-type=\"section\" data-settings=\"{&quot;background_background&quot;:&quot;classic&quot;}\">\n\t\t\t\t\t\t<div class=\"elementor-container elementor-column-gap-extended\">\n\t\t\t\t\t<div class=\"elementor-column elementor-col-100 elementor-top-column elementor-element elementor-element-460d60e5 sc_content_align_inherit sc_layouts_column_icons_position_left sc_fly_static\" data-id=\"460d60e5\" data-element_type=\"column\" data-e-type=\"column\">\n\t\t\t<div class=\"elementor-widget-wrap elementor-element-populated\">\n\t\t\t\t\t\t<div class=\"elementor-element elementor-element-b46b057 sc_height_large sc_fly_static elementor-widget elementor-widget-spacer\" data-id=\"b46b057\" data-element_type=\"widget\" data-e-type=\"widget\" data-widget_type=\"spacer.default\">\n\t\t\t\t<div class=\"elementor-widget-container\">\n\t\t\t\t\t\t\t<div class=\"elementor-spacer\">\n\t\t\t<div class=\"elementor-spacer-inner\"><\/div>\n\t\t<\/div>\n\t\t\t\t\t\t<\/div>\n\t\t\t\t<\/div>\n\t\t\t\t<div class=\"elementor-element elementor-element-53a84e1 sc_style_default sc_fly_static elementor-widget elementor-widget-trx_sc_blogger\" data-id=\"53a84e1\" data-element_type=\"widget\" data-e-type=\"widget\" data-widget_type=\"trx_sc_blogger.default\">\n\t\t\t\t<div class=\"elementor-widget-container\">\n\t\t\t\t\t<div \t\tclass=\"sc_blogger sc_blogger_lay_portfolio sc_blogger_lay_portfolio_style-1 sc_item_filters_tabs_none alignnone\" ><div class=\"sc_blogger_columns_wrap sc_item_columns sc_item_posts_container trx_addons_columns_wrap columns_padding_bottom\" ><div class=\"trx_addons_column-1_3 trx_addons_column-1_3-tablet trx_addons_column-1_2-mobile\"><div data-post-id=\"21785\" data-item-number=\"1\" class=\"sc_blogger_item sc_item_container post_container sc_blogger_item_lay_portfolio sc_blogger_item_lay_portfolio_style-1 sc_blogger_item_odd sc_blogger_item_align_none post_format_standard sc_blogger_item_with_image sc_blogger_item_no_excerpt sc_blogger_item_image_position_top post-21785 cpt_services type-cpt_services status-publish has-post-thumbnail hentry cpt_services_group-sektorler\" ><div class=\"sc_blogger_item_body\"><div class=\"post_featured with_thumb hover_on_waves sc_item_featured sc_blogger_item_featured trx_addons_image_effects_on_waves\" data-image-effect=\"on_waves\" data-image-effect-scale=\"1\" data-image-effect-strength=\"30\"><img fetchpriority=\"high\" decoding=\"async\" width=\"650\" height=\"572\" src=\"https:\/\/iksel.com.tr\/wp-content\/uploads\/2026\/03\/1-Telekomunikasyon-650x572.jpg\" class=\"attachment-planty-thumb-medium-square size-planty-thumb-medium-square wp-post-image\" alt=\"\" \/>\t\t\t\t\t\t<div class=\"mask\"><\/div>\n\t\t\t\t\t\t\t\t\t\t<a href=\"https:\/\/iksel.com.tr\/en\/sektorler\/telekomunikasyon\/\"  aria-hidden=\"true\" class=\"icons\"><\/a>\n\t\t\t\t<\/div><div class=\"sc_blogger_item_content entry-content\"><h5 class=\"sc_blogger_item_title entry-title\" data-item-number=\"1\"><a href=\"https:\/\/iksel.com.tr\/en\/sektorler\/telekomunikasyon\/\" rel=\"bookmark\">Telecommunication<\/a><\/h5><\/div><!-- .entry-content --><\/div><!-- .sc_blogger_item_body --><\/div><!-- .sc_blogger_item --><\/div><div class=\"trx_addons_column-1_3 trx_addons_column-1_3-tablet trx_addons_column-1_2-mobile\"><div data-post-id=\"21786\" data-item-number=\"2\" class=\"sc_blogger_item sc_item_container post_container sc_blogger_item_lay_portfolio sc_blogger_item_lay_portfolio_style-1 sc_blogger_item_even sc_blogger_item_align_none post_format_standard sc_blogger_item_with_image sc_blogger_item_no_excerpt sc_blogger_item_image_position_top post-21786 cpt_services type-cpt_services status-publish has-post-thumbnail hentry cpt_services_group-sektorler\" ><div class=\"sc_blogger_item_body\"><div class=\"post_featured with_thumb hover_on_waves sc_item_featured sc_blogger_item_featured trx_addons_image_effects_on_waves\" data-image-effect=\"on_waves\" data-image-effect-scale=\"1\" data-image-effect-strength=\"30\"><img decoding=\"async\" width=\"650\" height=\"572\" src=\"https:\/\/iksel.com.tr\/wp-content\/uploads\/2026\/03\/2-Veri-Merkezi-ve-Bilgi-Teknolojileri-650x572.jpg\" class=\"attachment-planty-thumb-medium-square size-planty-thumb-medium-square wp-post-image\" alt=\"\" \/>\t\t\t\t\t\t<div class=\"mask\"><\/div>\n\t\t\t\t\t\t\t\t\t\t<a href=\"https:\/\/iksel.com.tr\/en\/sektorler\/veri-merkezi-ve-bt\/\"  aria-hidden=\"true\" class=\"icons\"><\/a>\n\t\t\t\t<\/div><div class=\"sc_blogger_item_content entry-content\"><h5 class=\"sc_blogger_item_title entry-title\" data-item-number=\"2\"><a href=\"https:\/\/iksel.com.tr\/en\/sektorler\/veri-merkezi-ve-bt\/\" rel=\"bookmark\">Data Center &amp; IT<\/a><\/h5><\/div><!-- .entry-content --><\/div><!-- .sc_blogger_item_body --><\/div><!-- .sc_blogger_item --><\/div><div class=\"trx_addons_column-1_3 trx_addons_column-1_3-tablet trx_addons_column-1_2-mobile\"><div data-post-id=\"21787\" data-item-number=\"3\" class=\"sc_blogger_item sc_item_container post_container sc_blogger_item_lay_portfolio sc_blogger_item_lay_portfolio_style-1 sc_blogger_item_odd sc_blogger_item_align_none post_format_standard sc_blogger_item_with_image sc_blogger_item_no_excerpt sc_blogger_item_image_position_top post-21787 cpt_services type-cpt_services status-publish has-post-thumbnail hentry cpt_services_group-sektorler\" ><div class=\"sc_blogger_item_body\"><div class=\"post_featured with_thumb hover_on_waves sc_item_featured sc_blogger_item_featured trx_addons_image_effects_on_waves\" data-image-effect=\"on_waves\" data-image-effect-scale=\"1\" data-image-effect-strength=\"30\"><img decoding=\"async\" width=\"650\" height=\"572\" src=\"https:\/\/iksel.com.tr\/wp-content\/uploads\/2026\/03\/3-Enerji-ve-Guc-Sistemleri-650x572.jpg\" class=\"attachment-planty-thumb-medium-square size-planty-thumb-medium-square wp-post-image\" alt=\"\" \/>\t\t\t\t\t\t<div class=\"mask\"><\/div>\n\t\t\t\t\t\t\t\t\t\t<a href=\"https:\/\/iksel.com.tr\/en\/sektorler\/enerji-ve-guc-sistemleri\/\"  aria-hidden=\"true\" class=\"icons\"><\/a>\n\t\t\t\t<\/div><div class=\"sc_blogger_item_content entry-content\"><h5 class=\"sc_blogger_item_title entry-title\" data-item-number=\"3\"><a href=\"https:\/\/iksel.com.tr\/en\/sektorler\/enerji-ve-guc-sistemleri\/\" rel=\"bookmark\">Energy &amp; Power Systems<\/a><\/h5><\/div><!-- .entry-content --><\/div><!-- .sc_blogger_item_body --><\/div><!-- .sc_blogger_item --><\/div><div class=\"trx_addons_column-1_3 trx_addons_column-1_3-tablet trx_addons_column-1_2-mobile\"><div data-post-id=\"21788\" data-item-number=\"4\" class=\"sc_blogger_item sc_item_container post_container sc_blogger_item_lay_portfolio sc_blogger_item_lay_portfolio_style-1 sc_blogger_item_even sc_blogger_item_align_none post_format_standard sc_blogger_item_with_image sc_blogger_item_no_excerpt sc_blogger_item_image_position_top post-21788 cpt_services type-cpt_services status-publish has-post-thumbnail hentry cpt_services_group-sektorler\" ><div class=\"sc_blogger_item_body\"><div class=\"post_featured with_thumb hover_on_waves sc_item_featured sc_blogger_item_featured trx_addons_image_effects_on_waves\" data-image-effect=\"on_waves\" data-image-effect-scale=\"1\" data-image-effect-strength=\"30\"><img loading=\"lazy\" decoding=\"async\" width=\"650\" height=\"572\" src=\"https:\/\/iksel.com.tr\/wp-content\/uploads\/2026\/03\/4-Otomasyon-ve-Makine-650x572.jpg\" class=\"attachment-planty-thumb-medium-square size-planty-thumb-medium-square wp-post-image\" alt=\"\" \/>\t\t\t\t\t\t<div class=\"mask\"><\/div>\n\t\t\t\t\t\t\t\t\t\t<a href=\"https:\/\/iksel.com.tr\/en\/sektorler\/otomasyon-ve-makine\/\"  aria-hidden=\"true\" class=\"icons\"><\/a>\n\t\t\t\t<\/div><div class=\"sc_blogger_item_content entry-content\"><h5 class=\"sc_blogger_item_title entry-title\" data-item-number=\"4\"><a href=\"https:\/\/iksel.com.tr\/en\/sektorler\/otomasyon-ve-makine\/\" rel=\"bookmark\">Automation &amp; Machinery<\/a><\/h5><\/div><!-- .entry-content --><\/div><!-- .sc_blogger_item_body --><\/div><!-- .sc_blogger_item --><\/div><div class=\"trx_addons_column-1_3 trx_addons_column-1_3-tablet trx_addons_column-1_2-mobile\"><div data-post-id=\"21784\" data-item-number=\"5\" class=\"sc_blogger_item sc_item_container post_container sc_blogger_item_lay_portfolio sc_blogger_item_lay_portfolio_style-1 sc_blogger_item_odd sc_blogger_item_align_none post_format_standard sc_blogger_item_with_image sc_blogger_item_no_excerpt sc_blogger_item_image_position_top post-21784 cpt_services type-cpt_services status-publish has-post-thumbnail hentry cpt_services_group-sektorler\" ><div class=\"sc_blogger_item_body\"><div class=\"post_featured with_thumb hover_on_waves sc_item_featured sc_blogger_item_featured trx_addons_image_effects_on_waves\" data-image-effect=\"on_waves\" data-image-effect-scale=\"1\" data-image-effect-strength=\"30\"><img loading=\"lazy\" decoding=\"async\" width=\"650\" height=\"572\" src=\"https:\/\/iksel.com.tr\/wp-content\/uploads\/2026\/03\/5-Ulasim-ve-Mobilite-650x572.jpg\" class=\"attachment-planty-thumb-medium-square size-planty-thumb-medium-square wp-post-image\" alt=\"\" \/>\t\t\t\t\t\t<div class=\"mask\"><\/div>\n\t\t\t\t\t\t\t\t\t\t<a href=\"https:\/\/iksel.com.tr\/en\/sektorler\/ulasim-ve-mobilite\/\"  aria-hidden=\"true\" class=\"icons\"><\/a>\n\t\t\t\t<\/div><div class=\"sc_blogger_item_content entry-content\"><h5 class=\"sc_blogger_item_title entry-title\" data-item-number=\"5\"><a href=\"https:\/\/iksel.com.tr\/en\/sektorler\/ulasim-ve-mobilite\/\" rel=\"bookmark\">Transportation &amp; Mobility<\/a><\/h5><\/div><!-- .entry-content --><\/div><!-- .sc_blogger_item_body --><\/div><!-- .sc_blogger_item --><\/div><div class=\"trx_addons_column-1_3 trx_addons_column-1_3-tablet trx_addons_column-1_2-mobile\"><div data-post-id=\"21768\" data-item-number=\"6\" class=\"sc_blogger_item sc_item_container post_container sc_blogger_item_lay_portfolio sc_blogger_item_lay_portfolio_style-1 sc_blogger_item_even sc_blogger_item_align_none post_format_standard sc_blogger_item_with_image sc_blogger_item_no_excerpt sc_blogger_item_image_position_top post-21768 cpt_services type-cpt_services status-publish has-post-thumbnail hentry cpt_services_group-sektorler\" ><div class=\"sc_blogger_item_body\"><div class=\"post_featured with_thumb hover_on_waves sc_item_featured sc_blogger_item_featured trx_addons_image_effects_on_waves\" data-image-effect=\"on_waves\" data-image-effect-scale=\"1\" data-image-effect-strength=\"30\"><img loading=\"lazy\" decoding=\"async\" width=\"650\" height=\"572\" src=\"https:\/\/iksel.com.tr\/wp-content\/uploads\/2026\/03\/6-Savunma-Destek-650x572.jpg\" class=\"attachment-planty-thumb-medium-square size-planty-thumb-medium-square wp-post-image\" alt=\"\" \/>\t\t\t\t\t\t<div class=\"mask\"><\/div>\n\t\t\t\t\t\t\t\t\t\t<a href=\"https:\/\/iksel.com.tr\/en\/sektorler\/savunma-destek\/\"  aria-hidden=\"true\" class=\"icons\"><\/a>\n\t\t\t\t<\/div><div class=\"sc_blogger_item_content entry-content\"><h5 class=\"sc_blogger_item_title entry-title\" data-item-number=\"6\"><a href=\"https:\/\/iksel.com.tr\/en\/sektorler\/savunma-destek\/\" rel=\"bookmark\">Defense &amp; Support<\/a><\/h5><\/div><!-- .entry-content --><\/div><!-- .sc_blogger_item_body --><\/div><!-- .sc_blogger_item --><\/div><\/div><\/div>\t\t\t\t<\/div>\n\t\t\t\t<\/div>\n\t\t\t\t<section class=\"elementor-section elementor-inner-section elementor-element elementor-element-175ad428 elementor-section-boxed elementor-section-height-default elementor-section-height-default sc_fly_static\" data-id=\"175ad428\" data-element_type=\"section\" data-e-type=\"section\">\n\t\t\t\t\t\t<div class=\"elementor-container elementor-column-gap-no\">\n\t\t\t\t\t<div class=\"elementor-column elementor-col-100 elementor-inner-column elementor-element elementor-element-625b2a49 sc_content_align_inherit sc_layouts_column_icons_position_left sc_fly_static\" data-id=\"625b2a49\" data-element_type=\"column\" data-e-type=\"column\">\n\t\t\t<div class=\"elementor-widget-wrap elementor-element-populated\">\n\t\t\t\t\t\t<div class=\"elementor-element elementor-element-131a2336 sc_layouts_hide_on_mobile sc_height_medium sc_fly_static elementor-widget elementor-widget-spacer\" data-id=\"131a2336\" data-element_type=\"widget\" data-e-type=\"widget\" data-widget_type=\"spacer.default\">\n\t\t\t\t<div class=\"elementor-widget-container\">\n\t\t\t\t\t\t\t<div class=\"elementor-spacer\">\n\t\t\t<div class=\"elementor-spacer-inner\"><\/div>\n\t\t<\/div>\n\t\t\t\t\t\t<\/div>\n\t\t\t\t<\/div>\n\t\t\t\t\t<\/div>\n\t\t<\/div>\n\t\t\t\t\t<\/div>\n\t\t<\/section>\n\t\t\t\t\t<\/div>\n\t\t<\/div>\n\t\t\t\t\t<\/div>\n\t\t<\/section>\n\t\t\t\t<\/div>","protected":false},"excerpt":{"rendered":"<p>Telekom\u00fcnikasyon Veri Merkezi ve BT Enerji ve G\u00fc\u00e7 Sistemleri Otomasyon ve Makine Ula\u015f\u0131m ve Mobilite Savunma &#038; Destek<\/p>","protected":false},"author":1,"featured_media":0,"parent":0,"menu_order":0,"comment_status":"closed","ping_status":"closed","template":"","meta":{"footnotes":""},"class_list":["post-21625","page","type-page","status-publish","hentry"],"yoast_head":"<!-- This site is optimized with the Yoast SEO plugin v27.4 - https:\/\/yoast.com\/product\/yoast-seo-wordpress\/ -->\n<title>Sekt\u00f6rler - \u0130KSEL Elektromekanik<\/title>\n<meta name=\"robots\" content=\"index, follow, max-snippet:-1, max-image-preview:large, max-video-preview:-1\" \/>\n<link rel=\"canonical\" href=\"https:\/\/iksel.com.tr\/en\/sektorler\/\" \/>\n<meta property=\"og:locale\" content=\"en_US\" \/>\n<meta property=\"og:type\" content=\"article\" \/>\n<meta property=\"og:title\" content=\"Sekt\u00f6rler - \u0130KSEL Elektromekanik\" \/>\n<meta property=\"og:description\" content=\"Telekom\u00fcnikasyon Veri Merkezi ve BT Enerji ve G\u00fc\u00e7 Sistemleri Otomasyon ve Makine Ula\u015f\u0131m ve Mobilite Savunma &#038; Destek\" \/>\n<meta property=\"og:url\" content=\"https:\/\/iksel.com.tr\/en\/sektorler\/\" \/>\n<meta property=\"og:site_name\" content=\"\u0130KSEL Elektromekanik\" \/>\n<meta property=\"article:modified_time\" content=\"2026-04-02T14:23:49+00:00\" \/>\n<meta property=\"og:image\" content=\"https:\/\/iksel.com.tr\/wp-content\/uploads\/2026\/03\/1-Telekomunikasyon-650x572.jpg\" \/>\n<meta name=\"twitter:card\" content=\"summary_large_image\" \/>\n<meta name=\"twitter:label1\" content=\"Est. reading time\" \/>\n\t<meta name=\"twitter:data1\" content=\"2 minutes\" \/>\n<script type=\"application\/ld+json\" class=\"yoast-schema-graph\">{\"@context\":\"https:\\\/\\\/schema.org\",\"@graph\":[{\"@type\":\"WebPage\",\"@id\":\"https:\\\/\\\/iksel.com.tr\\\/en\\\/sektorler\\\/\",\"url\":\"https:\\\/\\\/iksel.com.tr\\\/en\\\/sektorler\\\/\",\"name\":\"Sekt\u00f6rler - \u0130KSEL Elektromekanik\",\"isPartOf\":{\"@id\":\"https:\\\/\\\/iksel.com.tr\\\/en\\\/#website\"},\"primaryImageOfPage\":{\"@id\":\"https:\\\/\\\/iksel.com.tr\\\/en\\\/sektorler\\\/#primaryimage\"},\"image\":{\"@id\":\"https:\\\/\\\/iksel.com.tr\\\/en\\\/sektorler\\\/#primaryimage\"},\"thumbnailUrl\":\"https:\\\/\\\/iksel.com.tr\\\/wp-content\\\/uploads\\\/2026\\\/03\\\/1-Telekomunikasyon-650x572.jpg\",\"datePublished\":\"2026-03-25T18:47:30+00:00\",\"dateModified\":\"2026-04-02T14:23:49+00:00\",\"breadcrumb\":{\"@id\":\"https:\\\/\\\/iksel.com.tr\\\/en\\\/sektorler\\\/#breadcrumb\"},\"inLanguage\":\"en-US\",\"potentialAction\":[{\"@type\":\"ReadAction\",\"target\":[\"https:\\\/\\\/iksel.com.tr\\\/en\\\/sektorler\\\/\"]}]},{\"@type\":\"ImageObject\",\"inLanguage\":\"en-US\",\"@id\":\"https:\\\/\\\/iksel.com.tr\\\/en\\\/sektorler\\\/#primaryimage\",\"url\":\"https:\\\/\\\/iksel.com.tr\\\/wp-content\\\/uploads\\\/2026\\\/03\\\/1-Telekomunikasyon-650x572.jpg\",\"contentUrl\":\"https:\\\/\\\/iksel.com.tr\\\/wp-content\\\/uploads\\\/2026\\\/03\\\/1-Telekomunikasyon-650x572.jpg\"},{\"@type\":\"BreadcrumbList\",\"@id\":\"https:\\\/\\\/iksel.com.tr\\\/en\\\/sektorler\\\/#breadcrumb\",\"itemListElement\":[{\"@type\":\"ListItem\",\"position\":1,\"name\":\"Anasayfa\",\"item\":\"https:\\\/\\\/iksel.com.tr\\\/\"},{\"@type\":\"ListItem\",\"position\":2,\"name\":\"Sekt\u00f6rler\"}]},{\"@type\":\"WebSite\",\"@id\":\"https:\\\/\\\/iksel.com.tr\\\/en\\\/#website\",\"url\":\"https:\\\/\\\/iksel.com.tr\\\/en\\\/\",\"name\":\"\u0130KSEL Elektromekanik\",\"description\":\"Entegre Elektromekanik \u00dcretim \u00c7\u00f6z\u00fcmleri\",\"publisher\":{\"@id\":\"https:\\\/\\\/iksel.com.tr\\\/en\\\/#organization\"},\"potentialAction\":[{\"@type\":\"SearchAction\",\"target\":{\"@type\":\"EntryPoint\",\"urlTemplate\":\"https:\\\/\\\/iksel.com.tr\\\/en\\\/?s={search_term_string}\"},\"query-input\":{\"@type\":\"PropertyValueSpecification\",\"valueRequired\":true,\"valueName\":\"search_term_string\"}}],\"inLanguage\":\"en-US\"},{\"@type\":\"Organization\",\"@id\":\"https:\\\/\\\/iksel.com.tr\\\/en\\\/#organization\",\"name\":\"\u0130KSEL Elektromekanik\",\"url\":\"https:\\\/\\\/iksel.com.tr\\\/en\\\/\",\"logo\":{\"@type\":\"ImageObject\",\"inLanguage\":\"en-US\",\"@id\":\"https:\\\/\\\/iksel.com.tr\\\/en\\\/#\\\/schema\\\/logo\\\/image\\\/\",\"url\":\"https:\\\/\\\/iksel.com.tr\\\/wp-content\\\/uploads\\\/2026\\\/04\\\/Iksel-logo_koyu-renk-1.png\",\"contentUrl\":\"https:\\\/\\\/iksel.com.tr\\\/wp-content\\\/uploads\\\/2026\\\/04\\\/Iksel-logo_koyu-renk-1.png\",\"width\":1226,\"height\":472,\"caption\":\"\u0130KSEL Elektromekanik\"},\"image\":{\"@id\":\"https:\\\/\\\/iksel.com.tr\\\/en\\\/#\\\/schema\\\/logo\\\/image\\\/\"}}]}<\/script>\n<!-- \/ Yoast SEO plugin. -->","yoast_head_json":{"title":"Sekt\u00f6rler - \u0130KSEL Elektromekanik","robots":{"index":"index","follow":"follow","max-snippet":"max-snippet:-1","max-image-preview":"max-image-preview:large","max-video-preview":"max-video-preview:-1"},"canonical":"https:\/\/iksel.com.tr\/en\/sektorler\/","og_locale":"en_US","og_type":"article","og_title":"Sekt\u00f6rler - \u0130KSEL Elektromekanik","og_description":"Telekom\u00fcnikasyon Veri Merkezi ve BT Enerji ve G\u00fc\u00e7 Sistemleri Otomasyon ve Makine Ula\u015f\u0131m ve Mobilite Savunma &#038; Destek","og_url":"https:\/\/iksel.com.tr\/en\/sektorler\/","og_site_name":"\u0130KSEL Elektromekanik","article_modified_time":"2026-04-02T14:23:49+00:00","og_image":[{"url":"https:\/\/iksel.com.tr\/wp-content\/uploads\/2026\/03\/1-Telekomunikasyon-650x572.jpg","type":"","width":"","height":""}],"twitter_card":"summary_large_image","twitter_misc":{"Est. reading time":"2 minutes"},"schema":{"@context":"https:\/\/schema.org","@graph":[{"@type":"WebPage","@id":"https:\/\/iksel.com.tr\/en\/sektorler\/","url":"https:\/\/iksel.com.tr\/en\/sektorler\/","name":"Sekt\u00f6rler - \u0130KSEL Elektromekanik","isPartOf":{"@id":"https:\/\/iksel.com.tr\/en\/#website"},"primaryImageOfPage":{"@id":"https:\/\/iksel.com.tr\/en\/sektorler\/#primaryimage"},"image":{"@id":"https:\/\/iksel.com.tr\/en\/sektorler\/#primaryimage"},"thumbnailUrl":"https:\/\/iksel.com.tr\/wp-content\/uploads\/2026\/03\/1-Telekomunikasyon-650x572.jpg","datePublished":"2026-03-25T18:47:30+00:00","dateModified":"2026-04-02T14:23:49+00:00","breadcrumb":{"@id":"https:\/\/iksel.com.tr\/en\/sektorler\/#breadcrumb"},"inLanguage":"en-US","potentialAction":[{"@type":"ReadAction","target":["https:\/\/iksel.com.tr\/en\/sektorler\/"]}]},{"@type":"ImageObject","inLanguage":"en-US","@id":"https:\/\/iksel.com.tr\/en\/sektorler\/#primaryimage","url":"https:\/\/iksel.com.tr\/wp-content\/uploads\/2026\/03\/1-Telekomunikasyon-650x572.jpg","contentUrl":"https:\/\/iksel.com.tr\/wp-content\/uploads\/2026\/03\/1-Telekomunikasyon-650x572.jpg"},{"@type":"BreadcrumbList","@id":"https:\/\/iksel.com.tr\/en\/sektorler\/#breadcrumb","itemListElement":[{"@type":"ListItem","position":1,"name":"Anasayfa","item":"https:\/\/iksel.com.tr\/"},{"@type":"ListItem","position":2,"name":"Sekt\u00f6rler"}]},{"@type":"WebSite","@id":"https:\/\/iksel.com.tr\/en\/#website","url":"https:\/\/iksel.com.tr\/en\/","name":"IKSEL Electromechanical","description":"Entegre Elektromekanik \u00dcretim \u00c7\u00f6z\u00fcmleri","publisher":{"@id":"https:\/\/iksel.com.tr\/en\/#organization"},"potentialAction":[{"@type":"SearchAction","target":{"@type":"EntryPoint","urlTemplate":"https:\/\/iksel.com.tr\/en\/?s={search_term_string}"},"query-input":{"@type":"PropertyValueSpecification","valueRequired":true,"valueName":"search_term_string"}}],"inLanguage":"en-US"},{"@type":"Organization","@id":"https:\/\/iksel.com.tr\/en\/#organization","name":"IKSEL Electromechanical","url":"https:\/\/iksel.com.tr\/en\/","logo":{"@type":"ImageObject","inLanguage":"en-US","@id":"https:\/\/iksel.com.tr\/en\/#\/schema\/logo\/image\/","url":"https:\/\/iksel.com.tr\/wp-content\/uploads\/2026\/04\/Iksel-logo_koyu-renk-1.png","contentUrl":"https:\/\/iksel.com.tr\/wp-content\/uploads\/2026\/04\/Iksel-logo_koyu-renk-1.png","width":1226,"height":472,"caption":"\u0130KSEL Elektromekanik"},"image":{"@id":"https:\/\/iksel.com.tr\/en\/#\/schema\/logo\/image\/"}}]}},"_links":{"self":[{"href":"https:\/\/iksel.com.tr\/en\/wp-json\/wp\/v2\/pages\/21625","targetHints":{"allow":["GET"]}}],"collection":[{"href":"https:\/\/iksel.com.tr\/en\/wp-json\/wp\/v2\/pages"}],"about":[{"href":"https:\/\/iksel.com.tr\/en\/wp-json\/wp\/v2\/types\/page"}],"author":[{"embeddable":true,"href":"https:\/\/iksel.com.tr\/en\/wp-json\/wp\/v2\/users\/1"}],"replies":[{"embeddable":true,"href":"https:\/\/iksel.com.tr\/en\/wp-json\/wp\/v2\/comments?post=21625"}],"version-history":[{"count":19,"href":"https:\/\/iksel.com.tr\/en\/wp-json\/wp\/v2\/pages\/21625\/revisions"}],"predecessor-version":[{"id":22941,"href":"https:\/\/iksel.com.tr\/en\/wp-json\/wp\/v2\/pages\/21625\/revisions\/22941"}],"wp:attachment":[{"href":"https:\/\/iksel.com.tr\/en\/wp-json\/wp\/v2\/media?parent=21625"}],"curies":[{"name":"wp","href":"https:\/\/api.w.org\/{rel}","templated":true}]}}