{"id":21661,"date":"2026-03-25T19:37:32","date_gmt":"2026-03-25T19:37:32","guid":{"rendered":"https:\/\/iksel.com.tr\/?page_id=21661"},"modified":"2026-03-25T19:45:48","modified_gmt":"2026-03-25T19:45:48","slug":"gizlilik-politikasi","status":"publish","type":"page","link":"https:\/\/iksel.com.tr\/en\/gizlilik-politikasi\/","title":{"rendered":"Privacy Policy"},"content":{"rendered":"<div data-elementor-type=\"wp-page\" data-elementor-id=\"21661\" class=\"elementor elementor-21661\">\n\t\t\t\t\t\t<section class=\"elementor-section elementor-top-section elementor-element elementor-element-57839ce3 elementor-section-boxed elementor-section-height-default elementor-section-height-default sc_fly_static\" data-id=\"57839ce3\" data-element_type=\"section\" data-e-type=\"section\">\n\t\t\t\t\t\t<div class=\"elementor-container elementor-column-gap-extended\">\n\t\t\t\t\t<div class=\"elementor-column elementor-col-100 elementor-top-column elementor-element elementor-element-4835da59 sc_content_align_inherit sc_layouts_column_icons_position_left sc_fly_static\" data-id=\"4835da59\" data-element_type=\"column\" data-e-type=\"column\">\n\t\t\t<div class=\"elementor-widget-wrap elementor-element-populated\">\n\t\t\t\t\t\t<div class=\"elementor-element elementor-element-16fbade2 sc_fly_static elementor-widget elementor-widget-text-editor\" data-id=\"16fbade2\" data-element_type=\"widget\" data-e-type=\"widget\" data-widget_type=\"text-editor.default\">\n\t\t\t\t<div class=\"elementor-widget-container\">\n\t\t\t\t\t\t\t\t\t<p>Your security is important to us. Therefore, the personal data you share with us is protected with utmost care.<\/p><p>We, IKSEL Electromechanical, as the data controller, aim to inform you with this privacy and personal data protection policy about which of your personal data will be processed and for what purpose, with whom and why the processed data may be shared, our data processing methods and legal grounds, and what your rights are regarding your processed data.<\/p><p id=\"toplanan-kisisel-verileriniz-toplanma-yoentemi-ve-hukuki-sebebi\"><strong>Personal Data Collected, Method of Collection and Legal Basis<\/strong><\/p><p>Your IP address and user agent information will be processed solely for analytical purposes, through automated or non-automated methods, and sometimes obtained from third parties such as analytics providers, advertising networks, search information providers, and technology providers, via cookies and similar technologies, recorded, stored, and updated within the framework and duration of our service and contractual relationship, based on the legitimate interest principle.<\/p><p id=\"kisisel-verilerinizin-islenme-amaci\"><strong>Purpose of Processing Your Personal Data<\/strong><\/p><p>The personal data you share with us will be processed and updated in a manner appropriate and proportionate to its purpose, solely for analysis purposes; to best fulfill the requirements of the services we provide, to ensure that you can access and benefit from these services to the maximum extent, to improve our services in line with your needs, to connect you with a wider range of service providers within legal frameworks, and to fulfill legal obligations (sharing personal data with judicial and administrative authorities upon request), throughout the contract and service period.<\/p><p id=\"toplanan-kisisel-verilerin-kimlere-ve-hangi-amaclarla-aktarilabilecegi\"><strong>To Whom and for What Purposes the Collected Personal Data May Be Transferred<\/strong><\/p><p>The personal data you share with us may be transferred to third parties, institutions, and organizations, both domestic and foreign, with whom we have contractual relationships, collaborations, or from whom we receive services, and upon request, to judicial and administrative authorities, provided that the necessary technical and administrative measures are taken.<\/p><p id=\"kisisel-verileri-islenen-kisi-olarak-haklariniz\"><strong>Your Rights as a Data Subject<\/strong><\/p><p>According to Article 11 of the KVKK (Law on Protection of Personal Data), everyone can exercise the following rights by applying to the data controller:<\/p><ol type=\"a\"><li>To find out whether your personal data is being processed,<\/li><li>The right to request information regarding the processing of personal data.<\/li><li>To learn the purpose of processing personal data and whether it is being used appropriately for that purpose.<\/li><li>Knowing the third parties to whom personal data is transferred, whether domestically or internationally.<\/li><li>Requesting the correction of personal data if it has been processed incompletely or inaccurately.<\/li><li>Requesting the deletion or destruction of personal data,<\/li><li>Requesting that the actions taken pursuant to clauses (e) and (f) be notified to third parties to whom personal data has been transferred,<\/li><li>The right to object to an outcome that is detrimental to oneself, resulting from the analysis of processed data exclusively through automated systems.<\/li><li>Individuals who suffer damages as a result of the unlawful processing of their personal data have the right to claim compensation for those damages.<\/li><\/ol><p>To exercise the rights listed above, you can contact us via info@iksel.com.tr.<\/p><p id=\"iletisim\"><strong>Contact<\/strong><\/p><p>To enable us to conduct analyses for the purpose of providing you with services, you are completely free to choose whether or not to accept the processing of your personal data, only as necessary, in accordance with this privacy and personal data processing policy. By continuing to use the site, we will assume that you have accepted this. For more detailed information, please do not hesitate to contact us via email at info@iksel.com.tr.<\/p>\t\t\t\t\t\t\t\t<\/div>\n\t\t\t\t<\/div>\n\t\t\t\t\t<\/div>\n\t\t<\/div>\n\t\t\t\t\t<\/div>\n\t\t<\/section>\n\t\t\t\t<\/div>","protected":false},"excerpt":{"rendered":"<p>G\u00fcvenli\u011finiz bizim i\u00e7in \u00f6nemli. Bu sebeple bizimle payla\u015faca\u011f\u0131n\u0131z ki\u015fisel verileriz hassasiyetle korunmaktad\u0131r. Biz \u0130KSEL Elektromekanik, veri sorumlusu olarak, bu gizlilik ve ki\u015fisel verilerin korunmas\u0131 politikas\u0131 ile, hangi ki\u015fisel verilerinizin hangi&hellip;<\/p>","protected":false},"author":1,"featured_media":0,"parent":0,"menu_order":0,"comment_status":"closed","ping_status":"closed","template":"","meta":{"footnotes":""},"class_list":["post-21661","page","type-page","status-publish","hentry"],"yoast_head":"<!-- This site is optimized with the Yoast SEO plugin v27.4 - https:\/\/yoast.com\/product\/yoast-seo-wordpress\/ -->\n<title>Gizlilik Politikas\u0131 - \u0130KSEL Elektromekanik<\/title>\n<meta name=\"robots\" content=\"index, follow, max-snippet:-1, max-image-preview:large, max-video-preview:-1\" \/>\n<link rel=\"canonical\" href=\"https:\/\/iksel.com.tr\/en\/gizlilik-politikasi\/\" \/>\n<meta property=\"og:locale\" content=\"en_US\" \/>\n<meta property=\"og:type\" content=\"article\" \/>\n<meta property=\"og:title\" content=\"Gizlilik Politikas\u0131 - \u0130KSEL Elektromekanik\" \/>\n<meta property=\"og:description\" content=\"G\u00fcvenli\u011finiz bizim i\u00e7in \u00f6nemli. Bu sebeple bizimle payla\u015faca\u011f\u0131n\u0131z ki\u015fisel verileriz hassasiyetle korunmaktad\u0131r. Biz \u0130KSEL Elektromekanik, veri sorumlusu olarak, bu gizlilik ve ki\u015fisel verilerin korunmas\u0131 politikas\u0131 ile, hangi ki\u015fisel verilerinizin hangi&hellip;\" \/>\n<meta property=\"og:url\" content=\"https:\/\/iksel.com.tr\/en\/gizlilik-politikasi\/\" \/>\n<meta property=\"og:site_name\" content=\"\u0130KSEL Elektromekanik\" \/>\n<meta property=\"article:modified_time\" content=\"2026-03-25T19:45:48+00:00\" \/>\n<meta name=\"twitter:card\" content=\"summary_large_image\" \/>\n<meta name=\"twitter:label1\" content=\"Est. reading time\" \/>\n\t<meta name=\"twitter:data1\" content=\"3 minutes\" \/>\n<script type=\"application\/ld+json\" class=\"yoast-schema-graph\">{\"@context\":\"https:\\\/\\\/schema.org\",\"@graph\":[{\"@type\":\"WebPage\",\"@id\":\"https:\\\/\\\/iksel.com.tr\\\/en\\\/gizlilik-politikasi\\\/\",\"url\":\"https:\\\/\\\/iksel.com.tr\\\/en\\\/gizlilik-politikasi\\\/\",\"name\":\"Gizlilik Politikas\u0131 - \u0130KSEL Elektromekanik\",\"isPartOf\":{\"@id\":\"https:\\\/\\\/iksel.com.tr\\\/en\\\/#website\"},\"datePublished\":\"2026-03-25T19:37:32+00:00\",\"dateModified\":\"2026-03-25T19:45:48+00:00\",\"breadcrumb\":{\"@id\":\"https:\\\/\\\/iksel.com.tr\\\/en\\\/gizlilik-politikasi\\\/#breadcrumb\"},\"inLanguage\":\"en-US\",\"potentialAction\":[{\"@type\":\"ReadAction\",\"target\":[\"https:\\\/\\\/iksel.com.tr\\\/en\\\/gizlilik-politikasi\\\/\"]}]},{\"@type\":\"BreadcrumbList\",\"@id\":\"https:\\\/\\\/iksel.com.tr\\\/en\\\/gizlilik-politikasi\\\/#breadcrumb\",\"itemListElement\":[{\"@type\":\"ListItem\",\"position\":1,\"name\":\"Anasayfa\",\"item\":\"https:\\\/\\\/iksel.com.tr\\\/\"},{\"@type\":\"ListItem\",\"position\":2,\"name\":\"Gizlilik Politikas\u0131\"}]},{\"@type\":\"WebSite\",\"@id\":\"https:\\\/\\\/iksel.com.tr\\\/en\\\/#website\",\"url\":\"https:\\\/\\\/iksel.com.tr\\\/en\\\/\",\"name\":\"\u0130KSEL Elektromekanik\",\"description\":\"Entegre Elektromekanik \u00dcretim \u00c7\u00f6z\u00fcmleri\",\"publisher\":{\"@id\":\"https:\\\/\\\/iksel.com.tr\\\/en\\\/#organization\"},\"potentialAction\":[{\"@type\":\"SearchAction\",\"target\":{\"@type\":\"EntryPoint\",\"urlTemplate\":\"https:\\\/\\\/iksel.com.tr\\\/en\\\/?s={search_term_string}\"},\"query-input\":{\"@type\":\"PropertyValueSpecification\",\"valueRequired\":true,\"valueName\":\"search_term_string\"}}],\"inLanguage\":\"en-US\"},{\"@type\":\"Organization\",\"@id\":\"https:\\\/\\\/iksel.com.tr\\\/en\\\/#organization\",\"name\":\"\u0130KSEL Elektromekanik\",\"url\":\"https:\\\/\\\/iksel.com.tr\\\/en\\\/\",\"logo\":{\"@type\":\"ImageObject\",\"inLanguage\":\"en-US\",\"@id\":\"https:\\\/\\\/iksel.com.tr\\\/en\\\/#\\\/schema\\\/logo\\\/image\\\/\",\"url\":\"https:\\\/\\\/iksel.com.tr\\\/wp-content\\\/uploads\\\/2026\\\/04\\\/Iksel-logo_koyu-renk-1.png\",\"contentUrl\":\"https:\\\/\\\/iksel.com.tr\\\/wp-content\\\/uploads\\\/2026\\\/04\\\/Iksel-logo_koyu-renk-1.png\",\"width\":1226,\"height\":472,\"caption\":\"\u0130KSEL Elektromekanik\"},\"image\":{\"@id\":\"https:\\\/\\\/iksel.com.tr\\\/en\\\/#\\\/schema\\\/logo\\\/image\\\/\"}}]}<\/script>\n<!-- \/ Yoast SEO plugin. -->","yoast_head_json":{"title":"Gizlilik Politikas\u0131 - \u0130KSEL Elektromekanik","robots":{"index":"index","follow":"follow","max-snippet":"max-snippet:-1","max-image-preview":"max-image-preview:large","max-video-preview":"max-video-preview:-1"},"canonical":"https:\/\/iksel.com.tr\/en\/gizlilik-politikasi\/","og_locale":"en_US","og_type":"article","og_title":"Gizlilik Politikas\u0131 - \u0130KSEL Elektromekanik","og_description":"G\u00fcvenli\u011finiz bizim i\u00e7in \u00f6nemli. Bu sebeple bizimle payla\u015faca\u011f\u0131n\u0131z ki\u015fisel verileriz hassasiyetle korunmaktad\u0131r. Biz \u0130KSEL Elektromekanik, veri sorumlusu olarak, bu gizlilik ve ki\u015fisel verilerin korunmas\u0131 politikas\u0131 ile, hangi ki\u015fisel verilerinizin hangi&hellip;","og_url":"https:\/\/iksel.com.tr\/en\/gizlilik-politikasi\/","og_site_name":"\u0130KSEL Elektromekanik","article_modified_time":"2026-03-25T19:45:48+00:00","twitter_card":"summary_large_image","twitter_misc":{"Est. reading time":"3 minutes"},"schema":{"@context":"https:\/\/schema.org","@graph":[{"@type":"WebPage","@id":"https:\/\/iksel.com.tr\/en\/gizlilik-politikasi\/","url":"https:\/\/iksel.com.tr\/en\/gizlilik-politikasi\/","name":"Gizlilik Politikas\u0131 - \u0130KSEL Elektromekanik","isPartOf":{"@id":"https:\/\/iksel.com.tr\/en\/#website"},"datePublished":"2026-03-25T19:37:32+00:00","dateModified":"2026-03-25T19:45:48+00:00","breadcrumb":{"@id":"https:\/\/iksel.com.tr\/en\/gizlilik-politikasi\/#breadcrumb"},"inLanguage":"en-US","potentialAction":[{"@type":"ReadAction","target":["https:\/\/iksel.com.tr\/en\/gizlilik-politikasi\/"]}]},{"@type":"BreadcrumbList","@id":"https:\/\/iksel.com.tr\/en\/gizlilik-politikasi\/#breadcrumb","itemListElement":[{"@type":"ListItem","position":1,"name":"Anasayfa","item":"https:\/\/iksel.com.tr\/"},{"@type":"ListItem","position":2,"name":"Gizlilik Politikas\u0131"}]},{"@type":"WebSite","@id":"https:\/\/iksel.com.tr\/en\/#website","url":"https:\/\/iksel.com.tr\/en\/","name":"IKSEL Electromechanical","description":"Entegre Elektromekanik \u00dcretim \u00c7\u00f6z\u00fcmleri","publisher":{"@id":"https:\/\/iksel.com.tr\/en\/#organization"},"potentialAction":[{"@type":"SearchAction","target":{"@type":"EntryPoint","urlTemplate":"https:\/\/iksel.com.tr\/en\/?s={search_term_string}"},"query-input":{"@type":"PropertyValueSpecification","valueRequired":true,"valueName":"search_term_string"}}],"inLanguage":"en-US"},{"@type":"Organization","@id":"https:\/\/iksel.com.tr\/en\/#organization","name":"IKSEL Electromechanical","url":"https:\/\/iksel.com.tr\/en\/","logo":{"@type":"ImageObject","inLanguage":"en-US","@id":"https:\/\/iksel.com.tr\/en\/#\/schema\/logo\/image\/","url":"https:\/\/iksel.com.tr\/wp-content\/uploads\/2026\/04\/Iksel-logo_koyu-renk-1.png","contentUrl":"https:\/\/iksel.com.tr\/wp-content\/uploads\/2026\/04\/Iksel-logo_koyu-renk-1.png","width":1226,"height":472,"caption":"\u0130KSEL Elektromekanik"},"image":{"@id":"https:\/\/iksel.com.tr\/en\/#\/schema\/logo\/image\/"}}]}},"_links":{"self":[{"href":"https:\/\/iksel.com.tr\/en\/wp-json\/wp\/v2\/pages\/21661","targetHints":{"allow":["GET"]}}],"collection":[{"href":"https:\/\/iksel.com.tr\/en\/wp-json\/wp\/v2\/pages"}],"about":[{"href":"https:\/\/iksel.com.tr\/en\/wp-json\/wp\/v2\/types\/page"}],"author":[{"embeddable":true,"href":"https:\/\/iksel.com.tr\/en\/wp-json\/wp\/v2\/users\/1"}],"replies":[{"embeddable":true,"href":"https:\/\/iksel.com.tr\/en\/wp-json\/wp\/v2\/comments?post=21661"}],"version-history":[{"count":4,"href":"https:\/\/iksel.com.tr\/en\/wp-json\/wp\/v2\/pages\/21661\/revisions"}],"predecessor-version":[{"id":21681,"href":"https:\/\/iksel.com.tr\/en\/wp-json\/wp\/v2\/pages\/21661\/revisions\/21681"}],"wp:attachment":[{"href":"https:\/\/iksel.com.tr\/en\/wp-json\/wp\/v2\/media?parent=21661"}],"curies":[{"name":"wp","href":"https:\/\/api.w.org\/{rel}","templated":true}]}}