{"id":22216,"date":"2026-03-25T23:22:41","date_gmt":"2026-03-25T23:22:41","guid":{"rendered":"https:\/\/iksel.com.tr\/?page_id=22216"},"modified":"2026-04-02T21:33:17","modified_gmt":"2026-04-02T21:33:17","slug":"surdurulebilirlik-ve-sorumluluk","status":"publish","type":"page","link":"https:\/\/iksel.com.tr\/en\/surdurulebilirlik-ve-sorumluluk\/","title":{"rendered":"Sustainability &amp; Responsibility"},"content":{"rendered":"<div data-elementor-type=\"wp-page\" data-elementor-id=\"22216\" class=\"elementor elementor-22216\">\n\t\t\t\t\t\t<section class=\"elementor-section elementor-top-section elementor-element elementor-element-54bbfd6 elementor-section-boxed elementor-section-height-default elementor-section-height-default sc_fly_static\" data-id=\"54bbfd6\" data-element_type=\"section\" data-e-type=\"section\" data-settings=\"{&quot;background_background&quot;:&quot;classic&quot;}\">\n\t\t\t\t\t\t<div class=\"elementor-container elementor-column-gap-extended\">\n\t\t\t\t\t<div class=\"elementor-column elementor-col-100 elementor-top-column elementor-element elementor-element-a75ee20 sc_content_align_inherit sc_layouts_column_icons_position_left sc_fly_static\" data-id=\"a75ee20\" data-element_type=\"column\" data-e-type=\"column\">\n\t\t\t<div class=\"elementor-widget-wrap elementor-element-populated\">\n\t\t\t\t\t\t<div class=\"elementor-element elementor-element-ced0c90 sc_height_large sc_fly_static elementor-widget elementor-widget-spacer\" data-id=\"ced0c90\" data-element_type=\"widget\" data-e-type=\"widget\" data-widget_type=\"spacer.default\">\n\t\t\t\t<div class=\"elementor-widget-container\">\n\t\t\t\t\t\t\t<div class=\"elementor-spacer\">\n\t\t\t<div class=\"elementor-spacer-inner\"><\/div>\n\t\t<\/div>\n\t\t\t\t\t\t<\/div>\n\t\t\t\t<\/div>\n\t\t\t\t\t<\/div>\n\t\t<\/div>\n\t\t\t\t\t<\/div>\n\t\t<\/section>\n\t\t\t\t<section class=\"elementor-section elementor-top-section elementor-element elementor-element-be332c9 elementor-section-content-middle scheme_default elementor-section-boxed elementor-section-height-default elementor-section-height-default sc_fly_static\" data-id=\"be332c9\" data-element_type=\"section\" data-e-type=\"section\" data-settings=\"{&quot;background_background&quot;:&quot;classic&quot;}\">\n\t\t\t\t\t\t<div class=\"elementor-container elementor-column-gap-extended\">\n\t\t\t\t\t<div class=\"elementor-column elementor-col-50 elementor-top-column elementor-element elementor-element-15192b7 sc_content_align_inherit sc_layouts_column_icons_position_left sc_fly_static\" data-id=\"15192b7\" data-element_type=\"column\" data-e-type=\"column\">\n\t\t\t<div class=\"elementor-widget-wrap elementor-element-populated\">\n\t\t\t\t\t\t<section class=\"elementor-section elementor-inner-section elementor-element elementor-element-f4f3963 elementor-section-content-bottom elementor-section-boxed elementor-section-height-default elementor-section-height-default sc_fly_static\" data-id=\"f4f3963\" data-element_type=\"section\" data-e-type=\"section\">\n\t\t\t\t\t\t<div class=\"elementor-container elementor-column-gap-no\">\n\t\t\t\t\t<div class=\"elementor-column elementor-col-100 elementor-inner-column elementor-element elementor-element-569fd4e sc_content_align_inherit sc_layouts_column_icons_position_left sc_fly_static\" data-id=\"569fd4e\" data-element_type=\"column\" data-e-type=\"column\">\n\t\t\t<div class=\"elementor-widget-wrap elementor-element-populated\">\n\t\t\t\t\t\t<div data-animation-type=\"block\" class=\"elementor-element elementor-element-6600a44 elementor-widget__width-auto no-title animation_type_block sc_fly_static elementor-invisible elementor-widget elementor-widget-image\" data-id=\"6600a44\" data-element_type=\"widget\" data-e-type=\"widget\" data-settings=\"{&quot;_animation&quot;:&quot;fadeInLeft&quot;}\" data-widget_type=\"image.default\">\n\t\t\t\t<div class=\"elementor-widget-container\">\n\t\t\t\t\t\t\t\t\t\t\t\t<figure class=\"wp-caption\">\n\t\t\t\t\t\t\t\t\t\t<img fetchpriority=\"high\" decoding=\"async\" width=\"1500\" height=\"1500\" src=\"https:\/\/iksel.com.tr\/wp-content\/uploads\/2026\/04\/Surdurulebilirlik-ve-Sorumluluk-1.jpg\" class=\"attachment-full size-full wp-image-22928\" alt=\"\" srcset=\"https:\/\/iksel.com.tr\/wp-content\/uploads\/2026\/04\/Surdurulebilirlik-ve-Sorumluluk-1.jpg 1500w, https:\/\/iksel.com.tr\/wp-content\/uploads\/2026\/04\/Surdurulebilirlik-ve-Sorumluluk-1-300x300.jpg 300w, https:\/\/iksel.com.tr\/wp-content\/uploads\/2026\/04\/Surdurulebilirlik-ve-Sorumluluk-1-1024x1024.jpg 1024w, https:\/\/iksel.com.tr\/wp-content\/uploads\/2026\/04\/Surdurulebilirlik-ve-Sorumluluk-1-150x150.jpg 150w, https:\/\/iksel.com.tr\/wp-content\/uploads\/2026\/04\/Surdurulebilirlik-ve-Sorumluluk-1-768x768.jpg 768w, https:\/\/iksel.com.tr\/wp-content\/uploads\/2026\/04\/Surdurulebilirlik-ve-Sorumluluk-1-12x12.jpg 12w, https:\/\/iksel.com.tr\/wp-content\/uploads\/2026\/04\/Surdurulebilirlik-ve-Sorumluluk-1-370x370.jpg 370w, https:\/\/iksel.com.tr\/wp-content\/uploads\/2026\/04\/Surdurulebilirlik-ve-Sorumluluk-1-120x120.jpg 120w, https:\/\/iksel.com.tr\/wp-content\/uploads\/2026\/04\/Surdurulebilirlik-ve-Sorumluluk-1-840x840.jpg 840w, https:\/\/iksel.com.tr\/wp-content\/uploads\/2026\/04\/Surdurulebilirlik-ve-Sorumluluk-1-410x410.jpg 410w\" sizes=\"(max-width: 1500px) 100vw, 1500px\" \/>\t\t\t\t\t\t\t\t\t\t\t<figcaption class=\"widget-image-caption wp-caption-text\"><\/figcaption>\n\t\t\t\t\t\t\t\t\t\t<\/figure>\n\t\t\t\t\t\t\t\t\t<\/div>\n\t\t\t\t<\/div>\n\t\t\t\t\t<\/div>\n\t\t<\/div>\n\t\t\t\t\t<\/div>\n\t\t<\/section>\n\t\t\t\t\t<\/div>\n\t\t<\/div>\n\t\t\t\t<div class=\"elementor-column elementor-col-50 elementor-top-column elementor-element elementor-element-4c2b95d sc_content_align_inherit sc_layouts_column_icons_position_left sc_fly_static\" data-id=\"4c2b95d\" data-element_type=\"column\" data-e-type=\"column\">\n\t\t\t<div class=\"elementor-widget-wrap elementor-element-populated\">\n\t\t\t\t\t\t<div class=\"elementor-element elementor-element-69b6f5f sc_fly_static elementor-widget elementor-widget-trx_sc_title\" data-id=\"69b6f5f\" data-element_type=\"widget\" data-e-type=\"widget\" data-widget_type=\"trx_sc_title.default\">\n\t\t\t\t<div class=\"elementor-widget-container\">\n\t\t\t\t\t<div\t\tclass=\"sc_title sc_title_default\" ><h1 class=\"sc_item_title sc_title_title sc_item_title_style_default sc_item_title_tag\"\n\t\t\t><span class=\"sc_item_title_text\">Sustainability &amp; Responsibility <\/span><\/h1><\/div>\t\t\t\t<\/div>\n\t\t\t\t<\/div>\n\t\t\t\t<div class=\"elementor-element elementor-element-52e4d22 sc_fly_static elementor-widget elementor-widget-spacer\" data-id=\"52e4d22\" data-element_type=\"widget\" data-e-type=\"widget\" data-widget_type=\"spacer.default\">\n\t\t\t\t<div class=\"elementor-widget-container\">\n\t\t\t\t\t\t\t<div class=\"elementor-spacer\">\n\t\t\t<div class=\"elementor-spacer-inner\"><\/div>\n\t\t<\/div>\n\t\t\t\t\t\t<\/div>\n\t\t\t\t<\/div>\n\t\t\t\t<div class=\"elementor-element elementor-element-ef3e81e sc_fly_static elementor-widget elementor-widget-text-editor\" data-id=\"ef3e81e\" data-element_type=\"widget\" data-e-type=\"widget\" data-widget_type=\"text-editor.default\">\n\t\t\t\t<div class=\"elementor-widget-container\">\n\t\t\t\t\t\t\t\t\t<p>IKSEL Electromechanical embraces sustainability as an integral part of its production and engineering processes. It aims to continuously improve its environmental impact through production approaches that increase resource efficiency, minimize waste generation, and optimize energy use.<\/p><p>All operations comply with international standards; environmental protection, occupational health and safety, and ethical business principles are prioritized. A responsible and transparent business model is adopted with all stakeholders, including the supply chain.<\/p><p>IKSEL supports the development of its employees by providing a safe and inclusive working environment, while also upholding its social and environmental responsibilities. This approach forms the basis of its goal to offer sustainable and reliable solutions not only for today's but also for the industrial needs of the future.<\/p>\t\t\t\t\t\t\t\t<\/div>\n\t\t\t\t<\/div>\n\t\t\t\t\t<\/div>\n\t\t<\/div>\n\t\t\t\t\t<\/div>\n\t\t<\/section>\n\t\t\t\t<section class=\"elementor-section elementor-top-section elementor-element elementor-element-472b872 elementor-section-boxed elementor-section-height-default elementor-section-height-default sc_fly_static\" data-id=\"472b872\" data-element_type=\"section\" data-e-type=\"section\" data-settings=\"{&quot;background_background&quot;:&quot;classic&quot;}\">\n\t\t\t\t\t\t<div class=\"elementor-container elementor-column-gap-extended\">\n\t\t\t\t\t<div class=\"elementor-column elementor-col-100 elementor-top-column elementor-element elementor-element-62ba9a0 sc_content_align_inherit sc_layouts_column_icons_position_left sc_fly_static\" data-id=\"62ba9a0\" data-element_type=\"column\" data-e-type=\"column\">\n\t\t\t<div class=\"elementor-widget-wrap elementor-element-populated\">\n\t\t\t\t\t\t<div class=\"elementor-element elementor-element-0b18bd9 sc_height_large sc_fly_static elementor-widget elementor-widget-spacer\" data-id=\"0b18bd9\" data-element_type=\"widget\" data-e-type=\"widget\" data-widget_type=\"spacer.default\">\n\t\t\t\t<div class=\"elementor-widget-container\">\n\t\t\t\t\t\t\t<div class=\"elementor-spacer\">\n\t\t\t<div class=\"elementor-spacer-inner\"><\/div>\n\t\t<\/div>\n\t\t\t\t\t\t<\/div>\n\t\t\t\t<\/div>\n\t\t\t\t\t<\/div>\n\t\t<\/div>\n\t\t\t\t\t<\/div>\n\t\t<\/section>\n\t\t\t\t<\/div>","protected":false},"excerpt":{"rendered":"<p>S\u00fcrd\u00fcr\u00fclebilirlik ve Sorumluluk \u0130KSEL Elektromekanik, s\u00fcrd\u00fcr\u00fclebilirli\u011fi \u00fcretim ve m\u00fchendislik s\u00fcre\u00e7lerinin ayr\u0131lmaz bir par\u00e7as\u0131 olarak benimser. Kaynak verimlili\u011fini art\u0131ran, at\u0131k olu\u015fumunu minimize eden ve enerji kullan\u0131m\u0131n\u0131 optimize eden \u00fcretim yakla\u015f\u0131mlar\u0131yla \u00e7evresel&hellip;<\/p>","protected":false},"author":1,"featured_media":0,"parent":0,"menu_order":0,"comment_status":"closed","ping_status":"closed","template":"","meta":{"footnotes":""},"class_list":["post-22216","page","type-page","status-publish","hentry"],"yoast_head":"<!-- This site is optimized with the Yoast SEO plugin v27.4 - https:\/\/yoast.com\/product\/yoast-seo-wordpress\/ -->\n<title>S\u00fcrd\u00fcr\u00fclebilirlik ve Sorumluluk - \u0130KSEL Elektromekanik<\/title>\n<meta name=\"robots\" content=\"index, follow, max-snippet:-1, max-image-preview:large, max-video-preview:-1\" \/>\n<link rel=\"canonical\" href=\"https:\/\/iksel.com.tr\/en\/surdurulebilirlik-ve-sorumluluk\/\" \/>\n<meta property=\"og:locale\" content=\"en_US\" \/>\n<meta property=\"og:type\" content=\"article\" \/>\n<meta property=\"og:title\" content=\"S\u00fcrd\u00fcr\u00fclebilirlik ve Sorumluluk - \u0130KSEL Elektromekanik\" \/>\n<meta property=\"og:description\" content=\"S\u00fcrd\u00fcr\u00fclebilirlik ve Sorumluluk \u0130KSEL Elektromekanik, s\u00fcrd\u00fcr\u00fclebilirli\u011fi \u00fcretim ve m\u00fchendislik s\u00fcre\u00e7lerinin ayr\u0131lmaz bir par\u00e7as\u0131 olarak benimser. Kaynak verimlili\u011fini art\u0131ran, at\u0131k olu\u015fumunu minimize eden ve enerji kullan\u0131m\u0131n\u0131 optimize eden \u00fcretim yakla\u015f\u0131mlar\u0131yla \u00e7evresel&hellip;\" \/>\n<meta property=\"og:url\" content=\"https:\/\/iksel.com.tr\/en\/surdurulebilirlik-ve-sorumluluk\/\" \/>\n<meta property=\"og:site_name\" content=\"\u0130KSEL Elektromekanik\" \/>\n<meta property=\"article:modified_time\" content=\"2026-04-02T21:33:17+00:00\" \/>\n<meta property=\"og:image\" content=\"https:\/\/iksel.com.tr\/wp-content\/uploads\/2026\/04\/Surdurulebilirlik-ve-Sorumluluk-1.jpg\" \/>\n\t<meta property=\"og:image:width\" content=\"1500\" \/>\n\t<meta property=\"og:image:height\" content=\"1500\" \/>\n\t<meta property=\"og:image:type\" content=\"image\/jpeg\" \/>\n<meta name=\"twitter:card\" content=\"summary_large_image\" \/>\n<meta name=\"twitter:label1\" content=\"Est. reading time\" \/>\n\t<meta name=\"twitter:data1\" content=\"1 minute\" \/>\n<script type=\"application\/ld+json\" class=\"yoast-schema-graph\">{\"@context\":\"https:\\\/\\\/schema.org\",\"@graph\":[{\"@type\":\"WebPage\",\"@id\":\"https:\\\/\\\/iksel.com.tr\\\/en\\\/surdurulebilirlik-ve-sorumluluk\\\/\",\"url\":\"https:\\\/\\\/iksel.com.tr\\\/en\\\/surdurulebilirlik-ve-sorumluluk\\\/\",\"name\":\"S\u00fcrd\u00fcr\u00fclebilirlik ve Sorumluluk - \u0130KSEL Elektromekanik\",\"isPartOf\":{\"@id\":\"https:\\\/\\\/iksel.com.tr\\\/en\\\/#website\"},\"primaryImageOfPage\":{\"@id\":\"https:\\\/\\\/iksel.com.tr\\\/en\\\/surdurulebilirlik-ve-sorumluluk\\\/#primaryimage\"},\"image\":{\"@id\":\"https:\\\/\\\/iksel.com.tr\\\/en\\\/surdurulebilirlik-ve-sorumluluk\\\/#primaryimage\"},\"thumbnailUrl\":\"https:\\\/\\\/iksel.com.tr\\\/wp-content\\\/uploads\\\/2026\\\/04\\\/Surdurulebilirlik-ve-Sorumluluk-1.jpg\",\"datePublished\":\"2026-03-25T23:22:41+00:00\",\"dateModified\":\"2026-04-02T21:33:17+00:00\",\"breadcrumb\":{\"@id\":\"https:\\\/\\\/iksel.com.tr\\\/en\\\/surdurulebilirlik-ve-sorumluluk\\\/#breadcrumb\"},\"inLanguage\":\"en-US\",\"potentialAction\":[{\"@type\":\"ReadAction\",\"target\":[\"https:\\\/\\\/iksel.com.tr\\\/en\\\/surdurulebilirlik-ve-sorumluluk\\\/\"]}]},{\"@type\":\"ImageObject\",\"inLanguage\":\"en-US\",\"@id\":\"https:\\\/\\\/iksel.com.tr\\\/en\\\/surdurulebilirlik-ve-sorumluluk\\\/#primaryimage\",\"url\":\"https:\\\/\\\/iksel.com.tr\\\/wp-content\\\/uploads\\\/2026\\\/04\\\/Surdurulebilirlik-ve-Sorumluluk-1.jpg\",\"contentUrl\":\"https:\\\/\\\/iksel.com.tr\\\/wp-content\\\/uploads\\\/2026\\\/04\\\/Surdurulebilirlik-ve-Sorumluluk-1.jpg\"},{\"@type\":\"BreadcrumbList\",\"@id\":\"https:\\\/\\\/iksel.com.tr\\\/en\\\/surdurulebilirlik-ve-sorumluluk\\\/#breadcrumb\",\"itemListElement\":[{\"@type\":\"ListItem\",\"position\":1,\"name\":\"Anasayfa\",\"item\":\"https:\\\/\\\/iksel.com.tr\\\/\"},{\"@type\":\"ListItem\",\"position\":2,\"name\":\"S\u00fcrd\u00fcr\u00fclebilirlik ve Sorumluluk\"}]},{\"@type\":\"WebSite\",\"@id\":\"https:\\\/\\\/iksel.com.tr\\\/en\\\/#website\",\"url\":\"https:\\\/\\\/iksel.com.tr\\\/en\\\/\",\"name\":\"\u0130KSEL Elektromekanik\",\"description\":\"Entegre Elektromekanik \u00dcretim \u00c7\u00f6z\u00fcmleri\",\"publisher\":{\"@id\":\"https:\\\/\\\/iksel.com.tr\\\/en\\\/#organization\"},\"potentialAction\":[{\"@type\":\"SearchAction\",\"target\":{\"@type\":\"EntryPoint\",\"urlTemplate\":\"https:\\\/\\\/iksel.com.tr\\\/en\\\/?s={search_term_string}\"},\"query-input\":{\"@type\":\"PropertyValueSpecification\",\"valueRequired\":true,\"valueName\":\"search_term_string\"}}],\"inLanguage\":\"en-US\"},{\"@type\":\"Organization\",\"@id\":\"https:\\\/\\\/iksel.com.tr\\\/en\\\/#organization\",\"name\":\"\u0130KSEL Elektromekanik\",\"url\":\"https:\\\/\\\/iksel.com.tr\\\/en\\\/\",\"logo\":{\"@type\":\"ImageObject\",\"inLanguage\":\"en-US\",\"@id\":\"https:\\\/\\\/iksel.com.tr\\\/en\\\/#\\\/schema\\\/logo\\\/image\\\/\",\"url\":\"https:\\\/\\\/iksel.com.tr\\\/wp-content\\\/uploads\\\/2026\\\/04\\\/Iksel-logo_koyu-renk-1.png\",\"contentUrl\":\"https:\\\/\\\/iksel.com.tr\\\/wp-content\\\/uploads\\\/2026\\\/04\\\/Iksel-logo_koyu-renk-1.png\",\"width\":1226,\"height\":472,\"caption\":\"\u0130KSEL Elektromekanik\"},\"image\":{\"@id\":\"https:\\\/\\\/iksel.com.tr\\\/en\\\/#\\\/schema\\\/logo\\\/image\\\/\"}}]}<\/script>\n<!-- \/ Yoast SEO plugin. -->","yoast_head_json":{"title":"S\u00fcrd\u00fcr\u00fclebilirlik ve Sorumluluk - \u0130KSEL Elektromekanik","robots":{"index":"index","follow":"follow","max-snippet":"max-snippet:-1","max-image-preview":"max-image-preview:large","max-video-preview":"max-video-preview:-1"},"canonical":"https:\/\/iksel.com.tr\/en\/surdurulebilirlik-ve-sorumluluk\/","og_locale":"en_US","og_type":"article","og_title":"S\u00fcrd\u00fcr\u00fclebilirlik ve Sorumluluk - \u0130KSEL Elektromekanik","og_description":"S\u00fcrd\u00fcr\u00fclebilirlik ve Sorumluluk \u0130KSEL Elektromekanik, s\u00fcrd\u00fcr\u00fclebilirli\u011fi \u00fcretim ve m\u00fchendislik s\u00fcre\u00e7lerinin ayr\u0131lmaz bir par\u00e7as\u0131 olarak benimser. Kaynak verimlili\u011fini art\u0131ran, at\u0131k olu\u015fumunu minimize eden ve enerji kullan\u0131m\u0131n\u0131 optimize eden \u00fcretim yakla\u015f\u0131mlar\u0131yla \u00e7evresel&hellip;","og_url":"https:\/\/iksel.com.tr\/en\/surdurulebilirlik-ve-sorumluluk\/","og_site_name":"\u0130KSEL Elektromekanik","article_modified_time":"2026-04-02T21:33:17+00:00","og_image":[{"width":1500,"height":1500,"url":"https:\/\/iksel.com.tr\/wp-content\/uploads\/2026\/04\/Surdurulebilirlik-ve-Sorumluluk-1.jpg","type":"image\/jpeg"}],"twitter_card":"summary_large_image","twitter_misc":{"Est. reading time":"1 minute"},"schema":{"@context":"https:\/\/schema.org","@graph":[{"@type":"WebPage","@id":"https:\/\/iksel.com.tr\/en\/surdurulebilirlik-ve-sorumluluk\/","url":"https:\/\/iksel.com.tr\/en\/surdurulebilirlik-ve-sorumluluk\/","name":"S\u00fcrd\u00fcr\u00fclebilirlik ve Sorumluluk - \u0130KSEL Elektromekanik","isPartOf":{"@id":"https:\/\/iksel.com.tr\/en\/#website"},"primaryImageOfPage":{"@id":"https:\/\/iksel.com.tr\/en\/surdurulebilirlik-ve-sorumluluk\/#primaryimage"},"image":{"@id":"https:\/\/iksel.com.tr\/en\/surdurulebilirlik-ve-sorumluluk\/#primaryimage"},"thumbnailUrl":"https:\/\/iksel.com.tr\/wp-content\/uploads\/2026\/04\/Surdurulebilirlik-ve-Sorumluluk-1.jpg","datePublished":"2026-03-25T23:22:41+00:00","dateModified":"2026-04-02T21:33:17+00:00","breadcrumb":{"@id":"https:\/\/iksel.com.tr\/en\/surdurulebilirlik-ve-sorumluluk\/#breadcrumb"},"inLanguage":"en-US","potentialAction":[{"@type":"ReadAction","target":["https:\/\/iksel.com.tr\/en\/surdurulebilirlik-ve-sorumluluk\/"]}]},{"@type":"ImageObject","inLanguage":"en-US","@id":"https:\/\/iksel.com.tr\/en\/surdurulebilirlik-ve-sorumluluk\/#primaryimage","url":"https:\/\/iksel.com.tr\/wp-content\/uploads\/2026\/04\/Surdurulebilirlik-ve-Sorumluluk-1.jpg","contentUrl":"https:\/\/iksel.com.tr\/wp-content\/uploads\/2026\/04\/Surdurulebilirlik-ve-Sorumluluk-1.jpg"},{"@type":"BreadcrumbList","@id":"https:\/\/iksel.com.tr\/en\/surdurulebilirlik-ve-sorumluluk\/#breadcrumb","itemListElement":[{"@type":"ListItem","position":1,"name":"Anasayfa","item":"https:\/\/iksel.com.tr\/"},{"@type":"ListItem","position":2,"name":"S\u00fcrd\u00fcr\u00fclebilirlik ve Sorumluluk"}]},{"@type":"WebSite","@id":"https:\/\/iksel.com.tr\/en\/#website","url":"https:\/\/iksel.com.tr\/en\/","name":"IKSEL Electromechanical","description":"Entegre Elektromekanik \u00dcretim \u00c7\u00f6z\u00fcmleri","publisher":{"@id":"https:\/\/iksel.com.tr\/en\/#organization"},"potentialAction":[{"@type":"SearchAction","target":{"@type":"EntryPoint","urlTemplate":"https:\/\/iksel.com.tr\/en\/?s={search_term_string}"},"query-input":{"@type":"PropertyValueSpecification","valueRequired":true,"valueName":"search_term_string"}}],"inLanguage":"en-US"},{"@type":"Organization","@id":"https:\/\/iksel.com.tr\/en\/#organization","name":"IKSEL Electromechanical","url":"https:\/\/iksel.com.tr\/en\/","logo":{"@type":"ImageObject","inLanguage":"en-US","@id":"https:\/\/iksel.com.tr\/en\/#\/schema\/logo\/image\/","url":"https:\/\/iksel.com.tr\/wp-content\/uploads\/2026\/04\/Iksel-logo_koyu-renk-1.png","contentUrl":"https:\/\/iksel.com.tr\/wp-content\/uploads\/2026\/04\/Iksel-logo_koyu-renk-1.png","width":1226,"height":472,"caption":"\u0130KSEL Elektromekanik"},"image":{"@id":"https:\/\/iksel.com.tr\/en\/#\/schema\/logo\/image\/"}}]}},"_links":{"self":[{"href":"https:\/\/iksel.com.tr\/en\/wp-json\/wp\/v2\/pages\/22216","targetHints":{"allow":["GET"]}}],"collection":[{"href":"https:\/\/iksel.com.tr\/en\/wp-json\/wp\/v2\/pages"}],"about":[{"href":"https:\/\/iksel.com.tr\/en\/wp-json\/wp\/v2\/types\/page"}],"author":[{"embeddable":true,"href":"https:\/\/iksel.com.tr\/en\/wp-json\/wp\/v2\/users\/1"}],"replies":[{"embeddable":true,"href":"https:\/\/iksel.com.tr\/en\/wp-json\/wp\/v2\/comments?post=22216"}],"version-history":[{"count":16,"href":"https:\/\/iksel.com.tr\/en\/wp-json\/wp\/v2\/pages\/22216\/revisions"}],"predecessor-version":[{"id":23255,"href":"https:\/\/iksel.com.tr\/en\/wp-json\/wp\/v2\/pages\/22216\/revisions\/23255"}],"wp:attachment":[{"href":"https:\/\/iksel.com.tr\/en\/wp-json\/wp\/v2\/media?parent=22216"}],"curies":[{"name":"wp","href":"https:\/\/api.w.org\/{rel}","templated":true}]}}