{"id":22218,"date":"2026-03-25T23:21:47","date_gmt":"2026-03-25T23:21:47","guid":{"rendered":"https:\/\/iksel.com.tr\/?page_id=22218"},"modified":"2026-04-02T13:50:44","modified_gmt":"2026-04-02T13:50:44","slug":"muhendislik","status":"publish","type":"page","link":"https:\/\/iksel.com.tr\/en\/muhendislik\/","title":{"rendered":"Engineering"},"content":{"rendered":"<div data-elementor-type=\"wp-page\" data-elementor-id=\"22218\" class=\"elementor elementor-22218\">\n\t\t\t\t\t\t<section class=\"elementor-section elementor-top-section elementor-element elementor-element-3642850 elementor-section-boxed elementor-section-height-default elementor-section-height-default sc_fly_static\" data-id=\"3642850\" data-element_type=\"section\" data-e-type=\"section\">\n\t\t\t\t\t\t<div class=\"elementor-container elementor-column-gap-extended\">\n\t\t\t\t\t<div class=\"elementor-column elementor-col-100 elementor-top-column elementor-element elementor-element-e30b5db sc_content_align_inherit sc_layouts_column_icons_position_left sc_fly_static\" data-id=\"e30b5db\" data-element_type=\"column\" data-e-type=\"column\">\n\t\t\t<div class=\"elementor-widget-wrap elementor-element-populated\">\n\t\t\t\t\t\t<div class=\"elementor-element elementor-element-681ac2b sc_height_large sc_fly_static elementor-widget elementor-widget-spacer\" data-id=\"681ac2b\" data-element_type=\"widget\" data-e-type=\"widget\" data-widget_type=\"spacer.default\">\n\t\t\t\t<div class=\"elementor-widget-container\">\n\t\t\t\t\t\t\t<div class=\"elementor-spacer\">\n\t\t\t<div class=\"elementor-spacer-inner\"><\/div>\n\t\t<\/div>\n\t\t\t\t\t\t<\/div>\n\t\t\t\t<\/div>\n\t\t\t\t<section class=\"elementor-section elementor-inner-section elementor-element elementor-element-a6cd2d3 elementor-section-boxed elementor-section-height-default elementor-section-height-default sc_fly_static\" data-id=\"a6cd2d3\" data-element_type=\"section\" data-e-type=\"section\">\n\t\t\t\t\t\t<div class=\"elementor-container elementor-column-gap-no\">\n\t\t\t\t\t<div class=\"elementor-column elementor-col-50 elementor-inner-column elementor-element elementor-element-029b136 sc_content_align_inherit sc_layouts_column_icons_position_left sc_fly_static\" data-id=\"029b136\" data-element_type=\"column\" data-e-type=\"column\">\n\t\t\t<div class=\"elementor-widget-wrap elementor-element-populated\">\n\t\t\t\t\t\t<div class=\"elementor-element elementor-element-fecf1ac sc_fly_static elementor-widget elementor-widget-trx_sc_title\" data-id=\"fecf1ac\" data-element_type=\"widget\" data-e-type=\"widget\" data-widget_type=\"trx_sc_title.default\">\n\t\t\t\t<div class=\"elementor-widget-container\">\n\t\t\t\t\t<div\t\tclass=\"sc_title sc_title_default\" ><h1 class=\"sc_item_title sc_title_title sc_item_title_style_default sc_item_title_tag\"\n\t\t\t><span class=\"sc_item_title_text\">From Engineering to Mass Production<\/span><\/h1><div class=\"sc_item_descr sc_title_descr\"><p>IKSEL Electromechanical provides comprehensive support to its customers throughout the product preparation process with its strong engineering infrastructure and digital capabilities.<\/p>\n<p>3D CAD modeling enables efficient design verification, technical drawing generation, and manufacturability analyses, speeding up processes, optimizing costs, and achieving high-quality, sustainable production results, leading to increased efficiency and a competitive advantage.<\/p>\n<\/div><\/div>\t\t\t\t<\/div>\n\t\t\t\t<\/div>\n\t\t\t\t<div class=\"elementor-element elementor-element-8ed77aa sc_fly_static elementor-widget elementor-widget-image\" data-id=\"8ed77aa\" data-element_type=\"widget\" data-e-type=\"widget\" data-widget_type=\"image.default\">\n\t\t\t\t<div class=\"elementor-widget-container\">\n\t\t\t\t\t\t\t\t\t\t\t\t\t\t\t<img fetchpriority=\"high\" decoding=\"async\" width=\"1778\" height=\"1000\" src=\"https:\/\/iksel.com.tr\/wp-content\/uploads\/2026\/04\/Muhendislikten-Seri-Uretime-1.jpg\" class=\"attachment-full size-full wp-image-22868\" alt=\"\" srcset=\"https:\/\/iksel.com.tr\/wp-content\/uploads\/2026\/04\/Muhendislikten-Seri-Uretime-1.jpg 1778w, https:\/\/iksel.com.tr\/wp-content\/uploads\/2026\/04\/Muhendislikten-Seri-Uretime-1-300x169.jpg 300w, https:\/\/iksel.com.tr\/wp-content\/uploads\/2026\/04\/Muhendislikten-Seri-Uretime-1-1024x576.jpg 1024w, https:\/\/iksel.com.tr\/wp-content\/uploads\/2026\/04\/Muhendislikten-Seri-Uretime-1-768x432.jpg 768w, https:\/\/iksel.com.tr\/wp-content\/uploads\/2026\/04\/Muhendislikten-Seri-Uretime-1-1536x864.jpg 1536w, https:\/\/iksel.com.tr\/wp-content\/uploads\/2026\/04\/Muhendislikten-Seri-Uretime-1-18x10.jpg 18w, https:\/\/iksel.com.tr\/wp-content\/uploads\/2026\/04\/Muhendislikten-Seri-Uretime-1-370x208.jpg 370w, https:\/\/iksel.com.tr\/wp-content\/uploads\/2026\/04\/Muhendislikten-Seri-Uretime-1-1290x725.jpg 1290w, https:\/\/iksel.com.tr\/wp-content\/uploads\/2026\/04\/Muhendislikten-Seri-Uretime-1-840x472.jpg 840w, https:\/\/iksel.com.tr\/wp-content\/uploads\/2026\/04\/Muhendislikten-Seri-Uretime-1-410x231.jpg 410w, https:\/\/iksel.com.tr\/wp-content\/uploads\/2026\/04\/Muhendislikten-Seri-Uretime-1-270x152.jpg 270w\" sizes=\"(max-width: 1778px) 100vw, 1778px\" \/>\t\t\t\t\t\t\t\t\t\t\t\t\t\t\t<\/div>\n\t\t\t\t<\/div>\n\t\t\t\t\t<\/div>\n\t\t<\/div>\n\t\t\t\t<div class=\"elementor-column elementor-col-50 elementor-inner-column elementor-element elementor-element-1997dbd sc_content_align_inherit sc_layouts_column_icons_position_left sc_fly_static\" data-id=\"1997dbd\" data-element_type=\"column\" data-e-type=\"column\">\n\t\t\t<div class=\"elementor-widget-wrap elementor-element-populated\">\n\t\t\t\t\t\t<div class=\"elementor-element elementor-element-2523cd8 sc_layouts_hide_on_wide sc_layouts_hide_on_desktop sc_layouts_hide_on_notebook sc_layouts_hide_on_tablet sc_fly_static elementor-widget elementor-widget-spacer\" data-id=\"2523cd8\" data-element_type=\"widget\" data-e-type=\"widget\" data-widget_type=\"spacer.default\">\n\t\t\t\t<div class=\"elementor-widget-container\">\n\t\t\t\t\t\t\t<div class=\"elementor-spacer\">\n\t\t\t<div class=\"elementor-spacer-inner\"><\/div>\n\t\t<\/div>\n\t\t\t\t\t\t<\/div>\n\t\t\t\t<\/div>\n\t\t\t\t<div class=\"elementor-element elementor-element-8a345ba sc_fly_static elementor-widget elementor-widget-trx_sc_icons\" data-id=\"8a345ba\" data-element_type=\"widget\" data-e-type=\"widget\" data-widget_type=\"trx_sc_icons.default\">\n\t\t\t\t<div class=\"elementor-widget-container\">\n\t\t\t\t\t<div \tclass=\"sc_icons sc_icons_modern sc_icons_size_small sc_align_none\" ><div class=\"sc_icons_item\"><div class=\"sc_icons_icon sc_icon_type_ icon-compliant\" ><span class=\"sc_icon_type_ icon-compliant\"><\/span><\/div><div class=\"sc_icons_item_details\"><h4 class=\"sc_icons_item_title\"><span>3D CAD Modeling &amp; Technical Verification<\/span><\/h4><div class=\"sc_icons_item_description\"><span>Existing designs are analyzed in a 3D environment and evaluated in terms of manufacturability, tolerance and assembly suitability.<\/span><\/div><\/div><\/div><div class=\"sc_icons_item\"><div class=\"sc_icons_icon sc_icon_type_ icon-001-membrane\" ><span class=\"sc_icon_type_ icon-001-membrane\"><\/span><\/div><div class=\"sc_icons_item_details\"><h4 class=\"sc_icons_item_title\"><span>Prototyping Support<\/span><\/h4><div class=\"sc_icons_item_description\"><span>Products are prototyped to provide physical validation before production and potential areas for improvement are identified.<\/span><\/div><\/div><\/div><div class=\"sc_icons_item\"><div class=\"sc_icons_icon sc_icon_type_ icon-shield\" ><span class=\"sc_icon_type_ icon-shield\"><\/span><\/div><div class=\"sc_icons_item_details\"><h4 class=\"sc_icons_item_title\"><span>Testing &amp; Conformity Checks<\/span><\/h4><div class=\"sc_icons_item_description\"><span>Product performance is ensured by verifying mechanical strength, assembly compatibility, and functional requirements.<\/span><\/div><\/div><\/div><div class=\"sc_icons_item\"><div class=\"sc_icons_icon sc_icon_type_ icon-industrial\" ><span class=\"sc_icon_type_ icon-industrial\"><\/span><\/div><div class=\"sc_icons_item_details\"><h4 class=\"sc_icons_item_title\"><span>Productivity Optimization (DFM)<\/span><\/h4><div class=\"sc_icons_item_description\"><span>Through engineering improvements, products are made more efficient, sustainable, and suitable for error-free production.<\/span><\/div><\/div><\/div><div class=\"sc_icons_item\"><div class=\"sc_icons_icon sc_icon_type_ icon-quality-assurance\" ><span class=\"sc_icon_type_ icon-quality-assurance\"><\/span><\/div><div class=\"sc_icons_item_details\"><h4 class=\"sc_icons_item_title\"><span>Production Preparation Processes<\/span><\/h4><div class=\"sc_icons_item_description\"><span>By creating technical documentation, production planning, and process infrastructure, the transition to mass production is accelerated.<\/span><\/div><\/div><\/div><div class=\"sc_icons_item\"><div class=\"sc_icons_icon sc_icon_type_ icon-global-network\" ><span class=\"sc_icon_type_ icon-global-network\"><\/span><\/div><div class=\"sc_icons_item_details\"><h4 class=\"sc_icons_item_title\"><span>Integrated work with the customer.<\/span><\/h4><div class=\"sc_icons_item_description\"><span>By working closely with customers throughout the entire process, products are prepared for production in the most accurate and fastest way possible.<\/span><\/div><\/div><\/div><\/div><!-- \/.sc_icons -->\t\t\t\t<\/div>\n\t\t\t\t<\/div>\n\t\t\t\t\t<\/div>\n\t\t<\/div>\n\t\t\t\t\t<\/div>\n\t\t<\/section>\n\t\t\t\t<div class=\"elementor-element elementor-element-d56a7d5 sc_height_large sc_fly_static elementor-widget elementor-widget-spacer\" data-id=\"d56a7d5\" data-element_type=\"widget\" data-e-type=\"widget\" data-widget_type=\"spacer.default\">\n\t\t\t\t<div class=\"elementor-widget-container\">\n\t\t\t\t\t\t\t<div class=\"elementor-spacer\">\n\t\t\t<div class=\"elementor-spacer-inner\"><\/div>\n\t\t<\/div>\n\t\t\t\t\t\t<\/div>\n\t\t\t\t<\/div>\n\t\t\t\t\t<\/div>\n\t\t<\/div>\n\t\t\t\t\t<\/div>\n\t\t<\/section>\n\t\t\t\t<\/div>","protected":false},"excerpt":{"rendered":"<p>M\u00fchendislikten Seri \u00dcretime \u0130KSEL Elektromekanik, \u00fcr\u00fcnlerin \u00fcretime haz\u0131rlanma s\u00fcrecinde g\u00fc\u00e7l\u00fc m\u00fchendislik altyap\u0131s\u0131 ve dijital yetkinlikleriyle m\u00fc\u015fterilerine kapsaml\u0131 destek sunar. 3D CAD modelleme sayesinde tasar\u0131m do\u011frulama, teknik \u00e7izim olu\u015fturma ve \u00fcretilebilirlik&hellip;<\/p>","protected":false},"author":1,"featured_media":0,"parent":0,"menu_order":0,"comment_status":"closed","ping_status":"closed","template":"","meta":{"footnotes":""},"class_list":["post-22218","page","type-page","status-publish","hentry"],"yoast_head":"<!-- This site is optimized with the Yoast SEO plugin v27.4 - https:\/\/yoast.com\/product\/yoast-seo-wordpress\/ -->\n<title>M\u00fchendislik - \u0130KSEL Elektromekanik<\/title>\n<meta name=\"robots\" content=\"index, follow, max-snippet:-1, max-image-preview:large, max-video-preview:-1\" \/>\n<link rel=\"canonical\" href=\"https:\/\/iksel.com.tr\/en\/muhendislik\/\" \/>\n<meta property=\"og:locale\" content=\"en_US\" \/>\n<meta property=\"og:type\" content=\"article\" \/>\n<meta property=\"og:title\" content=\"M\u00fchendislik - \u0130KSEL Elektromekanik\" \/>\n<meta property=\"og:description\" content=\"M\u00fchendislikten Seri \u00dcretime \u0130KSEL Elektromekanik, \u00fcr\u00fcnlerin \u00fcretime haz\u0131rlanma s\u00fcrecinde g\u00fc\u00e7l\u00fc m\u00fchendislik altyap\u0131s\u0131 ve dijital yetkinlikleriyle m\u00fc\u015fterilerine kapsaml\u0131 destek sunar. 3D CAD modelleme sayesinde tasar\u0131m do\u011frulama, teknik \u00e7izim olu\u015fturma ve \u00fcretilebilirlik&hellip;\" \/>\n<meta property=\"og:url\" content=\"https:\/\/iksel.com.tr\/en\/muhendislik\/\" \/>\n<meta property=\"og:site_name\" content=\"\u0130KSEL Elektromekanik\" \/>\n<meta property=\"article:modified_time\" content=\"2026-04-02T13:50:44+00:00\" \/>\n<meta property=\"og:image\" content=\"https:\/\/iksel.com.tr\/wp-content\/uploads\/2026\/04\/Muhendislikten-Seri-Uretime-1.jpg\" \/>\n\t<meta property=\"og:image:width\" content=\"1778\" \/>\n\t<meta property=\"og:image:height\" content=\"1000\" \/>\n\t<meta property=\"og:image:type\" content=\"image\/jpeg\" \/>\n<meta name=\"twitter:card\" content=\"summary_large_image\" \/>\n<meta name=\"twitter:label1\" content=\"Est. reading time\" \/>\n\t<meta name=\"twitter:data1\" content=\"2 minutes\" \/>\n<script type=\"application\/ld+json\" class=\"yoast-schema-graph\">{\"@context\":\"https:\\\/\\\/schema.org\",\"@graph\":[{\"@type\":\"WebPage\",\"@id\":\"https:\\\/\\\/iksel.com.tr\\\/en\\\/muhendislik\\\/\",\"url\":\"https:\\\/\\\/iksel.com.tr\\\/en\\\/muhendislik\\\/\",\"name\":\"M\u00fchendislik - \u0130KSEL Elektromekanik\",\"isPartOf\":{\"@id\":\"https:\\\/\\\/iksel.com.tr\\\/en\\\/#website\"},\"primaryImageOfPage\":{\"@id\":\"https:\\\/\\\/iksel.com.tr\\\/en\\\/muhendislik\\\/#primaryimage\"},\"image\":{\"@id\":\"https:\\\/\\\/iksel.com.tr\\\/en\\\/muhendislik\\\/#primaryimage\"},\"thumbnailUrl\":\"https:\\\/\\\/iksel.com.tr\\\/wp-content\\\/uploads\\\/2026\\\/04\\\/Muhendislikten-Seri-Uretime-1.jpg\",\"datePublished\":\"2026-03-25T23:21:47+00:00\",\"dateModified\":\"2026-04-02T13:50:44+00:00\",\"breadcrumb\":{\"@id\":\"https:\\\/\\\/iksel.com.tr\\\/en\\\/muhendislik\\\/#breadcrumb\"},\"inLanguage\":\"en-US\",\"potentialAction\":[{\"@type\":\"ReadAction\",\"target\":[\"https:\\\/\\\/iksel.com.tr\\\/en\\\/muhendislik\\\/\"]}]},{\"@type\":\"ImageObject\",\"inLanguage\":\"en-US\",\"@id\":\"https:\\\/\\\/iksel.com.tr\\\/en\\\/muhendislik\\\/#primaryimage\",\"url\":\"https:\\\/\\\/iksel.com.tr\\\/wp-content\\\/uploads\\\/2026\\\/04\\\/Muhendislikten-Seri-Uretime-1.jpg\",\"contentUrl\":\"https:\\\/\\\/iksel.com.tr\\\/wp-content\\\/uploads\\\/2026\\\/04\\\/Muhendislikten-Seri-Uretime-1.jpg\"},{\"@type\":\"BreadcrumbList\",\"@id\":\"https:\\\/\\\/iksel.com.tr\\\/en\\\/muhendislik\\\/#breadcrumb\",\"itemListElement\":[{\"@type\":\"ListItem\",\"position\":1,\"name\":\"Anasayfa\",\"item\":\"https:\\\/\\\/iksel.com.tr\\\/\"},{\"@type\":\"ListItem\",\"position\":2,\"name\":\"M\u00fchendislik\"}]},{\"@type\":\"WebSite\",\"@id\":\"https:\\\/\\\/iksel.com.tr\\\/en\\\/#website\",\"url\":\"https:\\\/\\\/iksel.com.tr\\\/en\\\/\",\"name\":\"\u0130KSEL Elektromekanik\",\"description\":\"Entegre Elektromekanik \u00dcretim \u00c7\u00f6z\u00fcmleri\",\"publisher\":{\"@id\":\"https:\\\/\\\/iksel.com.tr\\\/en\\\/#organization\"},\"potentialAction\":[{\"@type\":\"SearchAction\",\"target\":{\"@type\":\"EntryPoint\",\"urlTemplate\":\"https:\\\/\\\/iksel.com.tr\\\/en\\\/?s={search_term_string}\"},\"query-input\":{\"@type\":\"PropertyValueSpecification\",\"valueRequired\":true,\"valueName\":\"search_term_string\"}}],\"inLanguage\":\"en-US\"},{\"@type\":\"Organization\",\"@id\":\"https:\\\/\\\/iksel.com.tr\\\/en\\\/#organization\",\"name\":\"\u0130KSEL Elektromekanik\",\"url\":\"https:\\\/\\\/iksel.com.tr\\\/en\\\/\",\"logo\":{\"@type\":\"ImageObject\",\"inLanguage\":\"en-US\",\"@id\":\"https:\\\/\\\/iksel.com.tr\\\/en\\\/#\\\/schema\\\/logo\\\/image\\\/\",\"url\":\"https:\\\/\\\/iksel.com.tr\\\/wp-content\\\/uploads\\\/2026\\\/04\\\/Iksel-logo_koyu-renk-1.png\",\"contentUrl\":\"https:\\\/\\\/iksel.com.tr\\\/wp-content\\\/uploads\\\/2026\\\/04\\\/Iksel-logo_koyu-renk-1.png\",\"width\":1226,\"height\":472,\"caption\":\"\u0130KSEL Elektromekanik\"},\"image\":{\"@id\":\"https:\\\/\\\/iksel.com.tr\\\/en\\\/#\\\/schema\\\/logo\\\/image\\\/\"}}]}<\/script>\n<!-- \/ Yoast SEO plugin. -->","yoast_head_json":{"title":"M\u00fchendislik - \u0130KSEL Elektromekanik","robots":{"index":"index","follow":"follow","max-snippet":"max-snippet:-1","max-image-preview":"max-image-preview:large","max-video-preview":"max-video-preview:-1"},"canonical":"https:\/\/iksel.com.tr\/en\/muhendislik\/","og_locale":"en_US","og_type":"article","og_title":"M\u00fchendislik - \u0130KSEL Elektromekanik","og_description":"M\u00fchendislikten Seri \u00dcretime \u0130KSEL Elektromekanik, \u00fcr\u00fcnlerin \u00fcretime haz\u0131rlanma s\u00fcrecinde g\u00fc\u00e7l\u00fc m\u00fchendislik altyap\u0131s\u0131 ve dijital yetkinlikleriyle m\u00fc\u015fterilerine kapsaml\u0131 destek sunar. 3D CAD modelleme sayesinde tasar\u0131m do\u011frulama, teknik \u00e7izim olu\u015fturma ve \u00fcretilebilirlik&hellip;","og_url":"https:\/\/iksel.com.tr\/en\/muhendislik\/","og_site_name":"\u0130KSEL Elektromekanik","article_modified_time":"2026-04-02T13:50:44+00:00","og_image":[{"width":1778,"height":1000,"url":"https:\/\/iksel.com.tr\/wp-content\/uploads\/2026\/04\/Muhendislikten-Seri-Uretime-1.jpg","type":"image\/jpeg"}],"twitter_card":"summary_large_image","twitter_misc":{"Est. reading time":"2 minutes"},"schema":{"@context":"https:\/\/schema.org","@graph":[{"@type":"WebPage","@id":"https:\/\/iksel.com.tr\/en\/muhendislik\/","url":"https:\/\/iksel.com.tr\/en\/muhendislik\/","name":"M\u00fchendislik - \u0130KSEL Elektromekanik","isPartOf":{"@id":"https:\/\/iksel.com.tr\/en\/#website"},"primaryImageOfPage":{"@id":"https:\/\/iksel.com.tr\/en\/muhendislik\/#primaryimage"},"image":{"@id":"https:\/\/iksel.com.tr\/en\/muhendislik\/#primaryimage"},"thumbnailUrl":"https:\/\/iksel.com.tr\/wp-content\/uploads\/2026\/04\/Muhendislikten-Seri-Uretime-1.jpg","datePublished":"2026-03-25T23:21:47+00:00","dateModified":"2026-04-02T13:50:44+00:00","breadcrumb":{"@id":"https:\/\/iksel.com.tr\/en\/muhendislik\/#breadcrumb"},"inLanguage":"en-US","potentialAction":[{"@type":"ReadAction","target":["https:\/\/iksel.com.tr\/en\/muhendislik\/"]}]},{"@type":"ImageObject","inLanguage":"en-US","@id":"https:\/\/iksel.com.tr\/en\/muhendislik\/#primaryimage","url":"https:\/\/iksel.com.tr\/wp-content\/uploads\/2026\/04\/Muhendislikten-Seri-Uretime-1.jpg","contentUrl":"https:\/\/iksel.com.tr\/wp-content\/uploads\/2026\/04\/Muhendislikten-Seri-Uretime-1.jpg"},{"@type":"BreadcrumbList","@id":"https:\/\/iksel.com.tr\/en\/muhendislik\/#breadcrumb","itemListElement":[{"@type":"ListItem","position":1,"name":"Anasayfa","item":"https:\/\/iksel.com.tr\/"},{"@type":"ListItem","position":2,"name":"M\u00fchendislik"}]},{"@type":"WebSite","@id":"https:\/\/iksel.com.tr\/en\/#website","url":"https:\/\/iksel.com.tr\/en\/","name":"IKSEL Electromechanical","description":"Entegre Elektromekanik \u00dcretim \u00c7\u00f6z\u00fcmleri","publisher":{"@id":"https:\/\/iksel.com.tr\/en\/#organization"},"potentialAction":[{"@type":"SearchAction","target":{"@type":"EntryPoint","urlTemplate":"https:\/\/iksel.com.tr\/en\/?s={search_term_string}"},"query-input":{"@type":"PropertyValueSpecification","valueRequired":true,"valueName":"search_term_string"}}],"inLanguage":"en-US"},{"@type":"Organization","@id":"https:\/\/iksel.com.tr\/en\/#organization","name":"IKSEL Electromechanical","url":"https:\/\/iksel.com.tr\/en\/","logo":{"@type":"ImageObject","inLanguage":"en-US","@id":"https:\/\/iksel.com.tr\/en\/#\/schema\/logo\/image\/","url":"https:\/\/iksel.com.tr\/wp-content\/uploads\/2026\/04\/Iksel-logo_koyu-renk-1.png","contentUrl":"https:\/\/iksel.com.tr\/wp-content\/uploads\/2026\/04\/Iksel-logo_koyu-renk-1.png","width":1226,"height":472,"caption":"\u0130KSEL Elektromekanik"},"image":{"@id":"https:\/\/iksel.com.tr\/en\/#\/schema\/logo\/image\/"}}]}},"_links":{"self":[{"href":"https:\/\/iksel.com.tr\/en\/wp-json\/wp\/v2\/pages\/22218","targetHints":{"allow":["GET"]}}],"collection":[{"href":"https:\/\/iksel.com.tr\/en\/wp-json\/wp\/v2\/pages"}],"about":[{"href":"https:\/\/iksel.com.tr\/en\/wp-json\/wp\/v2\/types\/page"}],"author":[{"embeddable":true,"href":"https:\/\/iksel.com.tr\/en\/wp-json\/wp\/v2\/users\/1"}],"replies":[{"embeddable":true,"href":"https:\/\/iksel.com.tr\/en\/wp-json\/wp\/v2\/comments?post=22218"}],"version-history":[{"count":70,"href":"https:\/\/iksel.com.tr\/en\/wp-json\/wp\/v2\/pages\/22218\/revisions"}],"predecessor-version":[{"id":22887,"href":"https:\/\/iksel.com.tr\/en\/wp-json\/wp\/v2\/pages\/22218\/revisions\/22887"}],"wp:attachment":[{"href":"https:\/\/iksel.com.tr\/en\/wp-json\/wp\/v2\/media?parent=22218"}],"curies":[{"name":"wp","href":"https:\/\/api.w.org\/{rel}","templated":true}]}}