{"id":22577,"date":"2026-04-02T09:03:07","date_gmt":"2026-04-02T09:03:07","guid":{"rendered":"https:\/\/iksel.com.tr\/?page_id=22577"},"modified":"2026-04-05T08:40:51","modified_gmt":"2026-04-05T08:40:51","slug":"insan-kaynaklari-politikamiz","status":"publish","type":"page","link":"https:\/\/iksel.com.tr\/en\/insan-kaynaklari-politikamiz\/","title":{"rendered":"Human Resources Policy"},"content":{"rendered":"<div data-elementor-type=\"wp-page\" data-elementor-id=\"22577\" class=\"elementor elementor-22577\">\n\t\t\t\t\t\t<section class=\"elementor-section elementor-top-section elementor-element elementor-element-9af0ccf elementor-section-boxed elementor-section-height-default elementor-section-height-default sc_fly_static\" data-id=\"9af0ccf\" data-element_type=\"section\" data-e-type=\"section\" data-settings=\"{&quot;background_background&quot;:&quot;classic&quot;}\">\n\t\t\t\t\t\t<div class=\"elementor-container elementor-column-gap-extended\">\n\t\t\t\t\t<div class=\"elementor-column elementor-col-100 elementor-top-column elementor-element elementor-element-4d172e9 sc_content_align_inherit sc_layouts_column_icons_position_left sc_fly_static\" data-id=\"4d172e9\" data-element_type=\"column\" data-e-type=\"column\">\n\t\t\t<div class=\"elementor-widget-wrap elementor-element-populated\">\n\t\t\t\t\t\t<div class=\"elementor-element elementor-element-072bf8a sc_height_large sc_fly_static elementor-widget elementor-widget-spacer\" data-id=\"072bf8a\" data-element_type=\"widget\" data-e-type=\"widget\" data-widget_type=\"spacer.default\">\n\t\t\t\t<div class=\"elementor-widget-container\">\n\t\t\t\t\t\t\t<div class=\"elementor-spacer\">\n\t\t\t<div class=\"elementor-spacer-inner\"><\/div>\n\t\t<\/div>\n\t\t\t\t\t\t<\/div>\n\t\t\t\t<\/div>\n\t\t\t\t<div class=\"elementor-element elementor-element-734ac8f sc_fly_static elementor-widget elementor-widget-trx_sc_title\" data-id=\"734ac8f\" data-element_type=\"widget\" data-e-type=\"widget\" data-widget_type=\"trx_sc_title.default\">\n\t\t\t\t<div class=\"elementor-widget-container\">\n\t\t\t\t\t<div\t\tclass=\"sc_title sc_title_default\" ><h2 class=\"sc_item_title sc_title_title sc_align_left sc_item_title_style_default\"\n\t\t\t><span class=\"sc_item_title_text\">Human Resources Policy<\/span><\/h2><div class=\"sc_item_descr sc_title_descr sc_align_left\"><p>IKSEL Electromechanical's human resources policy is based on developing qualified human resources, creating a safe and sustainable working environment, and supporting employees' active contribution to corporate development. In line with its engineering and production-oriented structure, the company aims to attract employees with high technical competence, a willingness to learn, and a strong sense of responsibility. <\/p>\n<p>To support the professional development of employees, continuous training, competency development, and knowledge sharing are encouraged. While occupational health and safety culture is central to all activities, teamwork, ethical values, and mutual respect form the core elements of the corporate culture.<\/p>\n<\/div><\/div>\t\t\t\t<\/div>\n\t\t\t\t<\/div>\n\t\t\t\t<div class=\"elementor-element elementor-element-a3cb721 sc_fly_static elementor-widget elementor-widget-spacer\" data-id=\"a3cb721\" data-element_type=\"widget\" data-e-type=\"widget\" data-widget_type=\"spacer.default\">\n\t\t\t\t<div class=\"elementor-widget-container\">\n\t\t\t\t\t\t\t<div class=\"elementor-spacer\">\n\t\t\t<div class=\"elementor-spacer-inner\"><\/div>\n\t\t<\/div>\n\t\t\t\t\t\t<\/div>\n\t\t\t\t<\/div>\n\t\t\t\t<div data-animation-type=\"block\" class=\"elementor-element elementor-element-1d5eda1 animation_type_block sc_fly_static elementor-invisible elementor-widget elementor-widget-image\" data-id=\"1d5eda1\" data-element_type=\"widget\" data-e-type=\"widget\" data-settings=\"{&quot;_animation&quot;:&quot;fadeInDown&quot;}\" data-widget_type=\"image.default\">\n\t\t\t\t<div class=\"elementor-widget-container\">\n\t\t\t\t\t\t\t\t\t\t\t\t\t\t\t<img fetchpriority=\"high\" decoding=\"async\" width=\"2560\" height=\"955\" src=\"https:\/\/iksel.com.tr\/wp-content\/uploads\/2026\/04\/iStock-2170804383_insan-kaynak-scaled.jpg\" class=\"attachment-full size-full wp-image-22837\" alt=\"\" srcset=\"https:\/\/iksel.com.tr\/wp-content\/uploads\/2026\/04\/iStock-2170804383_insan-kaynak-scaled.jpg 2560w, https:\/\/iksel.com.tr\/wp-content\/uploads\/2026\/04\/iStock-2170804383_insan-kaynak-300x112.jpg 300w, https:\/\/iksel.com.tr\/wp-content\/uploads\/2026\/04\/iStock-2170804383_insan-kaynak-1024x382.jpg 1024w, https:\/\/iksel.com.tr\/wp-content\/uploads\/2026\/04\/iStock-2170804383_insan-kaynak-768x287.jpg 768w, https:\/\/iksel.com.tr\/wp-content\/uploads\/2026\/04\/iStock-2170804383_insan-kaynak-1536x573.jpg 1536w, https:\/\/iksel.com.tr\/wp-content\/uploads\/2026\/04\/iStock-2170804383_insan-kaynak-2048x764.jpg 2048w, https:\/\/iksel.com.tr\/wp-content\/uploads\/2026\/04\/iStock-2170804383_insan-kaynak-18x7.jpg 18w, https:\/\/iksel.com.tr\/wp-content\/uploads\/2026\/04\/iStock-2170804383_insan-kaynak-370x138.jpg 370w, https:\/\/iksel.com.tr\/wp-content\/uploads\/2026\/04\/iStock-2170804383_insan-kaynak-840x313.jpg 840w, https:\/\/iksel.com.tr\/wp-content\/uploads\/2026\/04\/iStock-2170804383_insan-kaynak-410x153.jpg 410w\" sizes=\"(max-width: 2560px) 100vw, 2560px\" \/>\t\t\t\t\t\t\t\t\t\t\t\t\t\t\t<\/div>\n\t\t\t\t<\/div>\n\t\t\t\t<div class=\"elementor-element elementor-element-71fca02 sc_fly_static elementor-widget elementor-widget-spacer\" data-id=\"71fca02\" data-element_type=\"widget\" data-e-type=\"widget\" data-widget_type=\"spacer.default\">\n\t\t\t\t<div class=\"elementor-widget-container\">\n\t\t\t\t\t\t\t<div class=\"elementor-spacer\">\n\t\t\t<div class=\"elementor-spacer-inner\"><\/div>\n\t\t<\/div>\n\t\t\t\t\t\t<\/div>\n\t\t\t\t<\/div>\n\t\t\t\t<div class=\"elementor-element elementor-element-48118ea scheme_light sc_fly_static elementor-widget elementor-widget-trx_sc_icons\" data-id=\"48118ea\" data-element_type=\"widget\" data-e-type=\"widget\" data-widget_type=\"trx_sc_icons.default\">\n\t\t\t\t<div class=\"elementor-widget-container\">\n\t\t\t\t\t<div \tclass=\"sc_icons scheme_light sc_icons_card sc_icons_size_small sc_align_center\" ><div class=\"sc_icons_columns_wrap sc_item_columns trx_addons_columns_wrap columns_padding_bottom columns_in_single_row\" ><div class=\"trx_addons_column-1_3 trx_addons_column-1_2-tablet\"><div class=\"sc_icons_item\"><div class=\"sc_icons_icon sc_icon_type_ icon-trophy-1\" ><span class=\"sc_icon_type_ icon-trophy-1\"><\/span><\/div><div class=\"sc_icons_item_details\"><h4 class=\"sc_icons_item_title\"><span>Development of Qualified Human Resources<\/span><\/h4><div class=\"sc_icons_item_description\"><span>To attract technically proficient, eager-to-learn, and responsible employees and to support their professional development through continuous training.<\/span><\/div><\/div><\/div><\/div><div class=\"trx_addons_column-1_3 trx_addons_column-1_2-tablet\"><div class=\"sc_icons_item\"><div class=\"sc_icons_icon sc_icon_type_ icon-thumbs-up\" ><span class=\"sc_icon_type_ icon-thumbs-up\"><\/span><\/div><div class=\"sc_icons_item_details\"><h4 class=\"sc_icons_item_title\"><span>Occupational Health and Safety Culture<\/span><\/h4><div class=\"sc_icons_item_description\"><span>To create a safe, sustainable, and productive working environment by prioritizing occupational health and safety in all activities.<\/span><\/div><\/div><\/div><\/div><div class=\"trx_addons_column-1_3 trx_addons_column-1_2-tablet\"><div class=\"sc_icons_item\"><div class=\"sc_icons_icon sc_icon_type_ icon-light\" ><span class=\"sc_icon_type_ icon-light\"><\/span><\/div><div class=\"sc_icons_item_details\"><h4 class=\"sc_icons_item_title\"><span>Fair and Inclusive Working Environment<\/span><\/h4><div class=\"sc_icons_item_description\"><span>To create a fair organizational culture where employees can realize their potential, based on transparent management, teamwork, and mutual respect.<\/span><\/div><\/div><\/div><\/div><\/div><\/div><!-- \/.sc_icons -->\t\t\t\t<\/div>\n\t\t\t\t<\/div>\n\t\t\t\t<div class=\"elementor-element elementor-element-2cf2cb8 sc_height_large sc_fly_static elementor-widget elementor-widget-spacer\" data-id=\"2cf2cb8\" data-element_type=\"widget\" data-e-type=\"widget\" data-widget_type=\"spacer.default\">\n\t\t\t\t<div class=\"elementor-widget-container\">\n\t\t\t\t\t\t\t<div class=\"elementor-spacer\">\n\t\t\t<div class=\"elementor-spacer-inner\"><\/div>\n\t\t<\/div>\n\t\t\t\t\t\t<\/div>\n\t\t\t\t<\/div>\n\t\t\t\t\t<\/div>\n\t\t<\/div>\n\t\t\t\t\t<\/div>\n\t\t<\/section>\n\t\t\t\t<\/div>","protected":false},"excerpt":{"rendered":"<p>\u0130nsan Kaynaklar\u0131 Politikam\u0131z \u0130KSEL Elektromekanik\u2019in insan kaynaklar\u0131 politikas\u0131; nitelikli insan kayna\u011f\u0131n\u0131 geli\u015ftirmeyi, g\u00fcvenli ve s\u00fcrd\u00fcr\u00fclebilir bir \u00e7al\u0131\u015fma ortam\u0131 olu\u015fturmay\u0131 ve \u00e7al\u0131\u015fanlar\u0131n kurumsal geli\u015fime aktif katk\u0131 sa\u011flamas\u0131n\u0131 desteklemeyi temel al\u0131r. \u015eirket,&hellip;<\/p>","protected":false},"author":1,"featured_media":0,"parent":0,"menu_order":0,"comment_status":"closed","ping_status":"closed","template":"","meta":{"footnotes":""},"class_list":["post-22577","page","type-page","status-publish","hentry"],"yoast_head":"<!-- This site is optimized with the Yoast SEO plugin v27.4 - https:\/\/yoast.com\/product\/yoast-seo-wordpress\/ -->\n<title>\u0130nsan Kaynaklar\u0131 Politikam\u0131z - \u0130KSEL Elektromekanik<\/title>\n<meta name=\"robots\" content=\"index, follow, max-snippet:-1, max-image-preview:large, max-video-preview:-1\" \/>\n<link rel=\"canonical\" href=\"https:\/\/iksel.com.tr\/en\/insan-kaynaklari-politikamiz\/\" \/>\n<meta property=\"og:locale\" content=\"en_US\" \/>\n<meta property=\"og:type\" content=\"article\" \/>\n<meta property=\"og:title\" content=\"\u0130nsan Kaynaklar\u0131 Politikam\u0131z - \u0130KSEL Elektromekanik\" \/>\n<meta property=\"og:description\" content=\"\u0130nsan Kaynaklar\u0131 Politikam\u0131z \u0130KSEL Elektromekanik\u2019in insan kaynaklar\u0131 politikas\u0131; nitelikli insan kayna\u011f\u0131n\u0131 geli\u015ftirmeyi, g\u00fcvenli ve s\u00fcrd\u00fcr\u00fclebilir bir \u00e7al\u0131\u015fma ortam\u0131 olu\u015fturmay\u0131 ve \u00e7al\u0131\u015fanlar\u0131n kurumsal geli\u015fime aktif katk\u0131 sa\u011flamas\u0131n\u0131 desteklemeyi temel al\u0131r. \u015eirket,&hellip;\" \/>\n<meta property=\"og:url\" content=\"https:\/\/iksel.com.tr\/en\/insan-kaynaklari-politikamiz\/\" \/>\n<meta property=\"og:site_name\" content=\"\u0130KSEL Elektromekanik\" \/>\n<meta property=\"article:modified_time\" content=\"2026-04-05T08:40:51+00:00\" \/>\n<meta property=\"og:image\" content=\"https:\/\/iksel.com.tr\/wp-content\/uploads\/2026\/04\/iStock-2170804383_insan-kaynak-scaled.jpg\" \/>\n\t<meta property=\"og:image:width\" content=\"2560\" \/>\n\t<meta property=\"og:image:height\" content=\"955\" \/>\n\t<meta property=\"og:image:type\" content=\"image\/jpeg\" \/>\n<meta name=\"twitter:card\" content=\"summary_large_image\" \/>\n<meta name=\"twitter:label1\" content=\"Est. reading time\" \/>\n\t<meta name=\"twitter:data1\" content=\"2 minutes\" \/>\n<script type=\"application\/ld+json\" class=\"yoast-schema-graph\">{\"@context\":\"https:\\\/\\\/schema.org\",\"@graph\":[{\"@type\":\"WebPage\",\"@id\":\"https:\\\/\\\/iksel.com.tr\\\/en\\\/insan-kaynaklari-politikamiz\\\/\",\"url\":\"https:\\\/\\\/iksel.com.tr\\\/en\\\/insan-kaynaklari-politikamiz\\\/\",\"name\":\"\u0130nsan Kaynaklar\u0131 Politikam\u0131z - \u0130KSEL Elektromekanik\",\"isPartOf\":{\"@id\":\"https:\\\/\\\/iksel.com.tr\\\/en\\\/#website\"},\"primaryImageOfPage\":{\"@id\":\"https:\\\/\\\/iksel.com.tr\\\/en\\\/insan-kaynaklari-politikamiz\\\/#primaryimage\"},\"image\":{\"@id\":\"https:\\\/\\\/iksel.com.tr\\\/en\\\/insan-kaynaklari-politikamiz\\\/#primaryimage\"},\"thumbnailUrl\":\"https:\\\/\\\/iksel.com.tr\\\/wp-content\\\/uploads\\\/2026\\\/04\\\/iStock-2170804383_insan-kaynak-scaled.jpg\",\"datePublished\":\"2026-04-02T09:03:07+00:00\",\"dateModified\":\"2026-04-05T08:40:51+00:00\",\"breadcrumb\":{\"@id\":\"https:\\\/\\\/iksel.com.tr\\\/en\\\/insan-kaynaklari-politikamiz\\\/#breadcrumb\"},\"inLanguage\":\"en-US\",\"potentialAction\":[{\"@type\":\"ReadAction\",\"target\":[\"https:\\\/\\\/iksel.com.tr\\\/en\\\/insan-kaynaklari-politikamiz\\\/\"]}]},{\"@type\":\"ImageObject\",\"inLanguage\":\"en-US\",\"@id\":\"https:\\\/\\\/iksel.com.tr\\\/en\\\/insan-kaynaklari-politikamiz\\\/#primaryimage\",\"url\":\"https:\\\/\\\/iksel.com.tr\\\/wp-content\\\/uploads\\\/2026\\\/04\\\/iStock-2170804383_insan-kaynak-scaled.jpg\",\"contentUrl\":\"https:\\\/\\\/iksel.com.tr\\\/wp-content\\\/uploads\\\/2026\\\/04\\\/iStock-2170804383_insan-kaynak-scaled.jpg\"},{\"@type\":\"BreadcrumbList\",\"@id\":\"https:\\\/\\\/iksel.com.tr\\\/en\\\/insan-kaynaklari-politikamiz\\\/#breadcrumb\",\"itemListElement\":[{\"@type\":\"ListItem\",\"position\":1,\"name\":\"Anasayfa\",\"item\":\"https:\\\/\\\/iksel.com.tr\\\/\"},{\"@type\":\"ListItem\",\"position\":2,\"name\":\"\u0130nsan Kaynaklar\u0131 Politikam\u0131z\"}]},{\"@type\":\"WebSite\",\"@id\":\"https:\\\/\\\/iksel.com.tr\\\/en\\\/#website\",\"url\":\"https:\\\/\\\/iksel.com.tr\\\/en\\\/\",\"name\":\"\u0130KSEL Elektromekanik\",\"description\":\"Entegre Elektromekanik \u00dcretim \u00c7\u00f6z\u00fcmleri\",\"publisher\":{\"@id\":\"https:\\\/\\\/iksel.com.tr\\\/en\\\/#organization\"},\"potentialAction\":[{\"@type\":\"SearchAction\",\"target\":{\"@type\":\"EntryPoint\",\"urlTemplate\":\"https:\\\/\\\/iksel.com.tr\\\/en\\\/?s={search_term_string}\"},\"query-input\":{\"@type\":\"PropertyValueSpecification\",\"valueRequired\":true,\"valueName\":\"search_term_string\"}}],\"inLanguage\":\"en-US\"},{\"@type\":\"Organization\",\"@id\":\"https:\\\/\\\/iksel.com.tr\\\/en\\\/#organization\",\"name\":\"\u0130KSEL Elektromekanik\",\"url\":\"https:\\\/\\\/iksel.com.tr\\\/en\\\/\",\"logo\":{\"@type\":\"ImageObject\",\"inLanguage\":\"en-US\",\"@id\":\"https:\\\/\\\/iksel.com.tr\\\/en\\\/#\\\/schema\\\/logo\\\/image\\\/\",\"url\":\"https:\\\/\\\/iksel.com.tr\\\/wp-content\\\/uploads\\\/2026\\\/04\\\/Iksel-logo_koyu-renk-1.png\",\"contentUrl\":\"https:\\\/\\\/iksel.com.tr\\\/wp-content\\\/uploads\\\/2026\\\/04\\\/Iksel-logo_koyu-renk-1.png\",\"width\":1226,\"height\":472,\"caption\":\"\u0130KSEL Elektromekanik\"},\"image\":{\"@id\":\"https:\\\/\\\/iksel.com.tr\\\/en\\\/#\\\/schema\\\/logo\\\/image\\\/\"}}]}<\/script>\n<!-- \/ Yoast SEO plugin. -->","yoast_head_json":{"title":"\u0130nsan Kaynaklar\u0131 Politikam\u0131z - \u0130KSEL Elektromekanik","robots":{"index":"index","follow":"follow","max-snippet":"max-snippet:-1","max-image-preview":"max-image-preview:large","max-video-preview":"max-video-preview:-1"},"canonical":"https:\/\/iksel.com.tr\/en\/insan-kaynaklari-politikamiz\/","og_locale":"en_US","og_type":"article","og_title":"\u0130nsan Kaynaklar\u0131 Politikam\u0131z - \u0130KSEL Elektromekanik","og_description":"\u0130nsan Kaynaklar\u0131 Politikam\u0131z \u0130KSEL Elektromekanik\u2019in insan kaynaklar\u0131 politikas\u0131; nitelikli insan kayna\u011f\u0131n\u0131 geli\u015ftirmeyi, g\u00fcvenli ve s\u00fcrd\u00fcr\u00fclebilir bir \u00e7al\u0131\u015fma ortam\u0131 olu\u015fturmay\u0131 ve \u00e7al\u0131\u015fanlar\u0131n kurumsal geli\u015fime aktif katk\u0131 sa\u011flamas\u0131n\u0131 desteklemeyi temel al\u0131r. \u015eirket,&hellip;","og_url":"https:\/\/iksel.com.tr\/en\/insan-kaynaklari-politikamiz\/","og_site_name":"\u0130KSEL Elektromekanik","article_modified_time":"2026-04-05T08:40:51+00:00","og_image":[{"width":2560,"height":955,"url":"https:\/\/iksel.com.tr\/wp-content\/uploads\/2026\/04\/iStock-2170804383_insan-kaynak-scaled.jpg","type":"image\/jpeg"}],"twitter_card":"summary_large_image","twitter_misc":{"Est. reading time":"2 minutes"},"schema":{"@context":"https:\/\/schema.org","@graph":[{"@type":"WebPage","@id":"https:\/\/iksel.com.tr\/en\/insan-kaynaklari-politikamiz\/","url":"https:\/\/iksel.com.tr\/en\/insan-kaynaklari-politikamiz\/","name":"\u0130nsan Kaynaklar\u0131 Politikam\u0131z - \u0130KSEL Elektromekanik","isPartOf":{"@id":"https:\/\/iksel.com.tr\/en\/#website"},"primaryImageOfPage":{"@id":"https:\/\/iksel.com.tr\/en\/insan-kaynaklari-politikamiz\/#primaryimage"},"image":{"@id":"https:\/\/iksel.com.tr\/en\/insan-kaynaklari-politikamiz\/#primaryimage"},"thumbnailUrl":"https:\/\/iksel.com.tr\/wp-content\/uploads\/2026\/04\/iStock-2170804383_insan-kaynak-scaled.jpg","datePublished":"2026-04-02T09:03:07+00:00","dateModified":"2026-04-05T08:40:51+00:00","breadcrumb":{"@id":"https:\/\/iksel.com.tr\/en\/insan-kaynaklari-politikamiz\/#breadcrumb"},"inLanguage":"en-US","potentialAction":[{"@type":"ReadAction","target":["https:\/\/iksel.com.tr\/en\/insan-kaynaklari-politikamiz\/"]}]},{"@type":"ImageObject","inLanguage":"en-US","@id":"https:\/\/iksel.com.tr\/en\/insan-kaynaklari-politikamiz\/#primaryimage","url":"https:\/\/iksel.com.tr\/wp-content\/uploads\/2026\/04\/iStock-2170804383_insan-kaynak-scaled.jpg","contentUrl":"https:\/\/iksel.com.tr\/wp-content\/uploads\/2026\/04\/iStock-2170804383_insan-kaynak-scaled.jpg"},{"@type":"BreadcrumbList","@id":"https:\/\/iksel.com.tr\/en\/insan-kaynaklari-politikamiz\/#breadcrumb","itemListElement":[{"@type":"ListItem","position":1,"name":"Anasayfa","item":"https:\/\/iksel.com.tr\/"},{"@type":"ListItem","position":2,"name":"\u0130nsan Kaynaklar\u0131 Politikam\u0131z"}]},{"@type":"WebSite","@id":"https:\/\/iksel.com.tr\/en\/#website","url":"https:\/\/iksel.com.tr\/en\/","name":"IKSEL Electromechanical","description":"Entegre Elektromekanik \u00dcretim \u00c7\u00f6z\u00fcmleri","publisher":{"@id":"https:\/\/iksel.com.tr\/en\/#organization"},"potentialAction":[{"@type":"SearchAction","target":{"@type":"EntryPoint","urlTemplate":"https:\/\/iksel.com.tr\/en\/?s={search_term_string}"},"query-input":{"@type":"PropertyValueSpecification","valueRequired":true,"valueName":"search_term_string"}}],"inLanguage":"en-US"},{"@type":"Organization","@id":"https:\/\/iksel.com.tr\/en\/#organization","name":"IKSEL Electromechanical","url":"https:\/\/iksel.com.tr\/en\/","logo":{"@type":"ImageObject","inLanguage":"en-US","@id":"https:\/\/iksel.com.tr\/en\/#\/schema\/logo\/image\/","url":"https:\/\/iksel.com.tr\/wp-content\/uploads\/2026\/04\/Iksel-logo_koyu-renk-1.png","contentUrl":"https:\/\/iksel.com.tr\/wp-content\/uploads\/2026\/04\/Iksel-logo_koyu-renk-1.png","width":1226,"height":472,"caption":"\u0130KSEL Elektromekanik"},"image":{"@id":"https:\/\/iksel.com.tr\/en\/#\/schema\/logo\/image\/"}}]}},"_links":{"self":[{"href":"https:\/\/iksel.com.tr\/en\/wp-json\/wp\/v2\/pages\/22577","targetHints":{"allow":["GET"]}}],"collection":[{"href":"https:\/\/iksel.com.tr\/en\/wp-json\/wp\/v2\/pages"}],"about":[{"href":"https:\/\/iksel.com.tr\/en\/wp-json\/wp\/v2\/types\/page"}],"author":[{"embeddable":true,"href":"https:\/\/iksel.com.tr\/en\/wp-json\/wp\/v2\/users\/1"}],"replies":[{"embeddable":true,"href":"https:\/\/iksel.com.tr\/en\/wp-json\/wp\/v2\/comments?post=22577"}],"version-history":[{"count":16,"href":"https:\/\/iksel.com.tr\/en\/wp-json\/wp\/v2\/pages\/22577\/revisions"}],"predecessor-version":[{"id":23384,"href":"https:\/\/iksel.com.tr\/en\/wp-json\/wp\/v2\/pages\/22577\/revisions\/23384"}],"wp:attachment":[{"href":"https:\/\/iksel.com.tr\/en\/wp-json\/wp\/v2\/media?parent=22577"}],"curies":[{"name":"wp","href":"https:\/\/api.w.org\/{rel}","templated":true}]}}