{"id":22578,"date":"2026-04-02T09:02:57","date_gmt":"2026-04-02T09:02:57","guid":{"rendered":"https:\/\/iksel.com.tr\/?page_id=22578"},"modified":"2026-04-05T08:40:43","modified_gmt":"2026-04-05T08:40:43","slug":"temel-degerlerimiz","status":"publish","type":"page","link":"https:\/\/iksel.com.tr\/en\/temel-degerlerimiz\/","title":{"rendered":"Our Core Values"},"content":{"rendered":"<div data-elementor-type=\"wp-page\" data-elementor-id=\"22578\" class=\"elementor elementor-22578\">\n\t\t\t\t\t\t<section class=\"elementor-section elementor-top-section elementor-element elementor-element-202074f elementor-section-boxed elementor-section-height-default elementor-section-height-default sc_fly_static\" data-id=\"202074f\" data-element_type=\"section\" data-e-type=\"section\">\n\t\t\t\t\t\t<div class=\"elementor-container elementor-column-gap-extended\">\n\t\t\t\t\t<div class=\"elementor-column elementor-col-100 elementor-top-column elementor-element elementor-element-59ed619 sc_content_align_inherit sc_layouts_column_icons_position_left sc_fly_static\" data-id=\"59ed619\" data-element_type=\"column\" data-e-type=\"column\">\n\t\t\t<div class=\"elementor-widget-wrap elementor-element-populated\">\n\t\t\t\t\t\t<div class=\"elementor-element elementor-element-234841c sc_height_large sc_fly_static elementor-widget elementor-widget-spacer\" data-id=\"234841c\" data-element_type=\"widget\" data-e-type=\"widget\" data-widget_type=\"spacer.default\">\n\t\t\t\t<div class=\"elementor-widget-container\">\n\t\t\t\t\t\t\t<div class=\"elementor-spacer\">\n\t\t\t<div class=\"elementor-spacer-inner\"><\/div>\n\t\t<\/div>\n\t\t\t\t\t\t<\/div>\n\t\t\t\t<\/div>\n\t\t\t\t<section class=\"elementor-section elementor-inner-section elementor-element elementor-element-4df15ae elementor-section-boxed elementor-section-height-default elementor-section-height-default sc_fly_static\" data-id=\"4df15ae\" data-element_type=\"section\" data-e-type=\"section\">\n\t\t\t\t\t\t<div class=\"elementor-container elementor-column-gap-no\">\n\t\t\t\t\t<div class=\"elementor-column elementor-col-50 elementor-inner-column elementor-element elementor-element-02f5e50 sc_content_align_inherit sc_layouts_column_icons_position_left sc_fly_static\" data-id=\"02f5e50\" data-element_type=\"column\" data-e-type=\"column\">\n\t\t\t<div class=\"elementor-widget-wrap elementor-element-populated\">\n\t\t\t\t\t\t<div class=\"elementor-element elementor-element-7cbd1a5 sc_fly_static elementor-widget elementor-widget-trx_sc_title\" data-id=\"7cbd1a5\" data-element_type=\"widget\" data-e-type=\"widget\" data-widget_type=\"trx_sc_title.default\">\n\t\t\t\t<div class=\"elementor-widget-container\">\n\t\t\t\t\t<div\t\tclass=\"sc_title sc_title_default\" ><h1 class=\"sc_item_title sc_title_title sc_item_title_style_default sc_item_title_tag\"\n\t\t\t><span class=\"sc_item_title_text\">Our Core Values<\/span><\/h1><div class=\"sc_item_descr sc_title_descr\"><p>At IKSEL, our corporate culture is built on five fundamental principles that shape our identity and guide every decision we make:<\/p>\n<\/div><\/div>\t\t\t\t<\/div>\n\t\t\t\t<\/div>\n\t\t\t\t<div class=\"elementor-element elementor-element-126c08d sc_fly_static elementor-widget elementor-widget-image\" data-id=\"126c08d\" data-element_type=\"widget\" data-e-type=\"widget\" data-widget_type=\"image.default\">\n\t\t\t\t<div class=\"elementor-widget-container\">\n\t\t\t\t\t\t\t\t\t\t\t\t\t\t\t<img fetchpriority=\"high\" decoding=\"async\" width=\"1500\" height=\"1001\" src=\"https:\/\/iksel.com.tr\/wp-content\/uploads\/2026\/04\/Temel-Degerlerimiz-1.jpg\" class=\"attachment-full size-full wp-image-23357\" alt=\"\" srcset=\"https:\/\/iksel.com.tr\/wp-content\/uploads\/2026\/04\/Temel-Degerlerimiz-1.jpg 1500w, https:\/\/iksel.com.tr\/wp-content\/uploads\/2026\/04\/Temel-Degerlerimiz-1-300x200.jpg 300w, https:\/\/iksel.com.tr\/wp-content\/uploads\/2026\/04\/Temel-Degerlerimiz-1-1024x683.jpg 1024w, https:\/\/iksel.com.tr\/wp-content\/uploads\/2026\/04\/Temel-Degerlerimiz-1-768x513.jpg 768w, https:\/\/iksel.com.tr\/wp-content\/uploads\/2026\/04\/Temel-Degerlerimiz-1-18x12.jpg 18w, https:\/\/iksel.com.tr\/wp-content\/uploads\/2026\/04\/Temel-Degerlerimiz-1-370x247.jpg 370w, https:\/\/iksel.com.tr\/wp-content\/uploads\/2026\/04\/Temel-Degerlerimiz-1-840x561.jpg 840w, https:\/\/iksel.com.tr\/wp-content\/uploads\/2026\/04\/Temel-Degerlerimiz-1-410x274.jpg 410w\" sizes=\"(max-width: 1500px) 100vw, 1500px\" \/>\t\t\t\t\t\t\t\t\t\t\t\t\t\t\t<\/div>\n\t\t\t\t<\/div>\n\t\t\t\t\t<\/div>\n\t\t<\/div>\n\t\t\t\t<div class=\"elementor-column elementor-col-50 elementor-inner-column elementor-element elementor-element-27db389 sc_content_align_inherit sc_layouts_column_icons_position_left sc_fly_static\" data-id=\"27db389\" data-element_type=\"column\" data-e-type=\"column\">\n\t\t\t<div class=\"elementor-widget-wrap elementor-element-populated\">\n\t\t\t\t\t\t<div class=\"elementor-element elementor-element-0f7478d sc_fly_static elementor-widget elementor-widget-spacer\" data-id=\"0f7478d\" data-element_type=\"widget\" data-e-type=\"widget\" data-widget_type=\"spacer.default\">\n\t\t\t\t<div class=\"elementor-widget-container\">\n\t\t\t\t\t\t\t<div class=\"elementor-spacer\">\n\t\t\t<div class=\"elementor-spacer-inner\"><\/div>\n\t\t<\/div>\n\t\t\t\t\t\t<\/div>\n\t\t\t\t<\/div>\n\t\t\t\t<div class=\"elementor-element elementor-element-ec372cd sc_fly_static elementor-widget elementor-widget-trx_sc_icons\" data-id=\"ec372cd\" data-element_type=\"widget\" data-e-type=\"widget\" data-widget_type=\"trx_sc_icons.default\">\n\t\t\t\t<div class=\"elementor-widget-container\">\n\t\t\t\t\t<div \tclass=\"sc_icons sc_icons_modern sc_icons_size_small sc_align_none\" ><div class=\"sc_icons_item\"><div class=\"sc_icons_icon sc_icon_type_ icon-thumbs-up-light\" ><span class=\"sc_icon_type_ icon-thumbs-up-light\"><\/span><\/div><div class=\"sc_icons_item_details\"><h4 class=\"sc_icons_item_title\"><span>Belief<\/span><\/h4><div class=\"sc_icons_item_description\"><span>It represents our commitment to doing what is right.<\/span><\/div><\/div><\/div><div class=\"sc_icons_item\"><div class=\"sc_icons_icon sc_icon_type_ icon-user-1\" ><span class=\"sc_icon_type_ icon-user-1\"><\/span><\/div><div class=\"sc_icons_item_details\"><h4 class=\"sc_icons_item_title\"><span>Brotherhood<\/span><\/h4><div class=\"sc_icons_item_description\"><span>It best reflects our culture of unity and solidarity.<\/span><\/div><\/div><\/div><div class=\"sc_icons_item\"><div class=\"sc_icons_icon sc_icon_type_ icon-heart-1\" ><span class=\"sc_icon_type_ icon-heart-1\"><\/span><\/div><div class=\"sc_icons_item_details\"><h4 class=\"sc_icons_item_title\"><span>Loyalty<\/span><\/h4><div class=\"sc_icons_item_description\"><span>It best expresses our commitment to our business and our business partners.<\/span><\/div><\/div><\/div><div class=\"sc_icons_item\"><div class=\"sc_icons_icon sc_icon_type_ icon-cog-light\" ><span class=\"sc_icon_type_ icon-cog-light\"><\/span><\/div><div class=\"sc_icons_item_details\"><h4 class=\"sc_icons_item_title\"><span>Work<\/span><\/h4><div class=\"sc_icons_item_description\"><span>It represents our commitment to continuous improvement.<\/span><\/div><\/div><\/div><div class=\"sc_icons_item\"><div class=\"sc_icons_icon sc_icon_type_ icon-star-1\" ><span class=\"sc_icon_type_ icon-star-1\"><\/span><\/div><div class=\"sc_icons_item_details\"><h4 class=\"sc_icons_item_title\"><span>Merit<\/span><\/h4><div class=\"sc_icons_item_description\"><span>It represents our performance culture built on competence and fairness.<\/span><\/div><\/div><\/div><\/div><!-- \/.sc_icons -->\t\t\t\t<\/div>\n\t\t\t\t<\/div>\n\t\t\t\t\t<\/div>\n\t\t<\/div>\n\t\t\t\t\t<\/div>\n\t\t<\/section>\n\t\t\t\t<div class=\"elementor-element elementor-element-a0a32b5 sc_height_large sc_fly_static elementor-widget elementor-widget-spacer\" data-id=\"a0a32b5\" data-element_type=\"widget\" data-e-type=\"widget\" data-widget_type=\"spacer.default\">\n\t\t\t\t<div class=\"elementor-widget-container\">\n\t\t\t\t\t\t\t<div class=\"elementor-spacer\">\n\t\t\t<div class=\"elementor-spacer-inner\"><\/div>\n\t\t<\/div>\n\t\t\t\t\t\t<\/div>\n\t\t\t\t<\/div>\n\t\t\t\t\t<\/div>\n\t\t<\/div>\n\t\t\t\t\t<\/div>\n\t\t<\/section>\n\t\t\t\t<\/div>","protected":false},"excerpt":{"rendered":"<p>Temel De\u011ferlerimiz \u0130KSEL\u2019de kurumsal k\u00fclt\u00fcr\u00fcm\u00fcz, kimli\u011fimizi \u015fekillendiren ve ald\u0131\u011f\u0131m\u0131z her karara y\u00f6n veren be\u015f temel ilke \u00fczerine kuruludur: \u0130nan\u00e7 Do\u011fru olan\u0131 yapma konusundaki kararl\u0131l\u0131\u011f\u0131m\u0131z\u0131 temsil eder. Karde\u015flik Birlik ve dayan\u0131\u015fma&hellip;<\/p>","protected":false},"author":1,"featured_media":0,"parent":0,"menu_order":0,"comment_status":"closed","ping_status":"closed","template":"","meta":{"footnotes":""},"class_list":["post-22578","page","type-page","status-publish","hentry"],"yoast_head":"<!-- This site is optimized with the Yoast SEO plugin v27.4 - https:\/\/yoast.com\/product\/yoast-seo-wordpress\/ -->\n<title>Temel De\u011ferlerimiz - \u0130KSEL Elektromekanik<\/title>\n<meta name=\"robots\" content=\"index, follow, max-snippet:-1, max-image-preview:large, max-video-preview:-1\" \/>\n<link rel=\"canonical\" href=\"https:\/\/iksel.com.tr\/en\/temel-degerlerimiz\/\" \/>\n<meta property=\"og:locale\" content=\"en_US\" \/>\n<meta property=\"og:type\" content=\"article\" \/>\n<meta property=\"og:title\" content=\"Temel De\u011ferlerimiz - \u0130KSEL Elektromekanik\" \/>\n<meta property=\"og:description\" content=\"Temel De\u011ferlerimiz \u0130KSEL\u2019de kurumsal k\u00fclt\u00fcr\u00fcm\u00fcz, kimli\u011fimizi \u015fekillendiren ve ald\u0131\u011f\u0131m\u0131z her karara y\u00f6n veren be\u015f temel ilke \u00fczerine kuruludur: \u0130nan\u00e7 Do\u011fru olan\u0131 yapma konusundaki kararl\u0131l\u0131\u011f\u0131m\u0131z\u0131 temsil eder. Karde\u015flik Birlik ve dayan\u0131\u015fma&hellip;\" \/>\n<meta property=\"og:url\" content=\"https:\/\/iksel.com.tr\/en\/temel-degerlerimiz\/\" \/>\n<meta property=\"og:site_name\" content=\"\u0130KSEL Elektromekanik\" \/>\n<meta property=\"article:modified_time\" content=\"2026-04-05T08:40:43+00:00\" \/>\n<meta property=\"og:image\" content=\"https:\/\/iksel.com.tr\/wp-content\/uploads\/2026\/04\/Temel-Degerlerimiz-1.jpg\" \/>\n\t<meta property=\"og:image:width\" content=\"1500\" \/>\n\t<meta property=\"og:image:height\" content=\"1001\" \/>\n\t<meta property=\"og:image:type\" content=\"image\/jpeg\" \/>\n<meta name=\"twitter:card\" content=\"summary_large_image\" \/>\n<meta name=\"twitter:label1\" content=\"Est. reading time\" \/>\n\t<meta name=\"twitter:data1\" content=\"1 minute\" \/>\n<script type=\"application\/ld+json\" class=\"yoast-schema-graph\">{\"@context\":\"https:\\\/\\\/schema.org\",\"@graph\":[{\"@type\":\"WebPage\",\"@id\":\"https:\\\/\\\/iksel.com.tr\\\/en\\\/temel-degerlerimiz\\\/\",\"url\":\"https:\\\/\\\/iksel.com.tr\\\/en\\\/temel-degerlerimiz\\\/\",\"name\":\"Temel De\u011ferlerimiz - \u0130KSEL Elektromekanik\",\"isPartOf\":{\"@id\":\"https:\\\/\\\/iksel.com.tr\\\/en\\\/#website\"},\"primaryImageOfPage\":{\"@id\":\"https:\\\/\\\/iksel.com.tr\\\/en\\\/temel-degerlerimiz\\\/#primaryimage\"},\"image\":{\"@id\":\"https:\\\/\\\/iksel.com.tr\\\/en\\\/temel-degerlerimiz\\\/#primaryimage\"},\"thumbnailUrl\":\"https:\\\/\\\/iksel.com.tr\\\/wp-content\\\/uploads\\\/2026\\\/04\\\/Temel-Degerlerimiz-1.jpg\",\"datePublished\":\"2026-04-02T09:02:57+00:00\",\"dateModified\":\"2026-04-05T08:40:43+00:00\",\"breadcrumb\":{\"@id\":\"https:\\\/\\\/iksel.com.tr\\\/en\\\/temel-degerlerimiz\\\/#breadcrumb\"},\"inLanguage\":\"en-US\",\"potentialAction\":[{\"@type\":\"ReadAction\",\"target\":[\"https:\\\/\\\/iksel.com.tr\\\/en\\\/temel-degerlerimiz\\\/\"]}]},{\"@type\":\"ImageObject\",\"inLanguage\":\"en-US\",\"@id\":\"https:\\\/\\\/iksel.com.tr\\\/en\\\/temel-degerlerimiz\\\/#primaryimage\",\"url\":\"https:\\\/\\\/iksel.com.tr\\\/wp-content\\\/uploads\\\/2026\\\/04\\\/Temel-Degerlerimiz-1.jpg\",\"contentUrl\":\"https:\\\/\\\/iksel.com.tr\\\/wp-content\\\/uploads\\\/2026\\\/04\\\/Temel-Degerlerimiz-1.jpg\"},{\"@type\":\"BreadcrumbList\",\"@id\":\"https:\\\/\\\/iksel.com.tr\\\/en\\\/temel-degerlerimiz\\\/#breadcrumb\",\"itemListElement\":[{\"@type\":\"ListItem\",\"position\":1,\"name\":\"Anasayfa\",\"item\":\"https:\\\/\\\/iksel.com.tr\\\/\"},{\"@type\":\"ListItem\",\"position\":2,\"name\":\"Temel De\u011ferlerimiz\"}]},{\"@type\":\"WebSite\",\"@id\":\"https:\\\/\\\/iksel.com.tr\\\/en\\\/#website\",\"url\":\"https:\\\/\\\/iksel.com.tr\\\/en\\\/\",\"name\":\"\u0130KSEL Elektromekanik\",\"description\":\"Entegre Elektromekanik \u00dcretim \u00c7\u00f6z\u00fcmleri\",\"publisher\":{\"@id\":\"https:\\\/\\\/iksel.com.tr\\\/en\\\/#organization\"},\"potentialAction\":[{\"@type\":\"SearchAction\",\"target\":{\"@type\":\"EntryPoint\",\"urlTemplate\":\"https:\\\/\\\/iksel.com.tr\\\/en\\\/?s={search_term_string}\"},\"query-input\":{\"@type\":\"PropertyValueSpecification\",\"valueRequired\":true,\"valueName\":\"search_term_string\"}}],\"inLanguage\":\"en-US\"},{\"@type\":\"Organization\",\"@id\":\"https:\\\/\\\/iksel.com.tr\\\/en\\\/#organization\",\"name\":\"\u0130KSEL Elektromekanik\",\"url\":\"https:\\\/\\\/iksel.com.tr\\\/en\\\/\",\"logo\":{\"@type\":\"ImageObject\",\"inLanguage\":\"en-US\",\"@id\":\"https:\\\/\\\/iksel.com.tr\\\/en\\\/#\\\/schema\\\/logo\\\/image\\\/\",\"url\":\"https:\\\/\\\/iksel.com.tr\\\/wp-content\\\/uploads\\\/2026\\\/04\\\/Iksel-logo_koyu-renk-1.png\",\"contentUrl\":\"https:\\\/\\\/iksel.com.tr\\\/wp-content\\\/uploads\\\/2026\\\/04\\\/Iksel-logo_koyu-renk-1.png\",\"width\":1226,\"height\":472,\"caption\":\"\u0130KSEL Elektromekanik\"},\"image\":{\"@id\":\"https:\\\/\\\/iksel.com.tr\\\/en\\\/#\\\/schema\\\/logo\\\/image\\\/\"}}]}<\/script>\n<!-- \/ Yoast SEO plugin. -->","yoast_head_json":{"title":"Temel De\u011ferlerimiz - \u0130KSEL Elektromekanik","robots":{"index":"index","follow":"follow","max-snippet":"max-snippet:-1","max-image-preview":"max-image-preview:large","max-video-preview":"max-video-preview:-1"},"canonical":"https:\/\/iksel.com.tr\/en\/temel-degerlerimiz\/","og_locale":"en_US","og_type":"article","og_title":"Temel De\u011ferlerimiz - \u0130KSEL Elektromekanik","og_description":"Temel De\u011ferlerimiz \u0130KSEL\u2019de kurumsal k\u00fclt\u00fcr\u00fcm\u00fcz, kimli\u011fimizi \u015fekillendiren ve ald\u0131\u011f\u0131m\u0131z her karara y\u00f6n veren be\u015f temel ilke \u00fczerine kuruludur: \u0130nan\u00e7 Do\u011fru olan\u0131 yapma konusundaki kararl\u0131l\u0131\u011f\u0131m\u0131z\u0131 temsil eder. Karde\u015flik Birlik ve dayan\u0131\u015fma&hellip;","og_url":"https:\/\/iksel.com.tr\/en\/temel-degerlerimiz\/","og_site_name":"\u0130KSEL Elektromekanik","article_modified_time":"2026-04-05T08:40:43+00:00","og_image":[{"width":1500,"height":1001,"url":"https:\/\/iksel.com.tr\/wp-content\/uploads\/2026\/04\/Temel-Degerlerimiz-1.jpg","type":"image\/jpeg"}],"twitter_card":"summary_large_image","twitter_misc":{"Est. reading time":"1 minute"},"schema":{"@context":"https:\/\/schema.org","@graph":[{"@type":"WebPage","@id":"https:\/\/iksel.com.tr\/en\/temel-degerlerimiz\/","url":"https:\/\/iksel.com.tr\/en\/temel-degerlerimiz\/","name":"Temel De\u011ferlerimiz - \u0130KSEL Elektromekanik","isPartOf":{"@id":"https:\/\/iksel.com.tr\/en\/#website"},"primaryImageOfPage":{"@id":"https:\/\/iksel.com.tr\/en\/temel-degerlerimiz\/#primaryimage"},"image":{"@id":"https:\/\/iksel.com.tr\/en\/temel-degerlerimiz\/#primaryimage"},"thumbnailUrl":"https:\/\/iksel.com.tr\/wp-content\/uploads\/2026\/04\/Temel-Degerlerimiz-1.jpg","datePublished":"2026-04-02T09:02:57+00:00","dateModified":"2026-04-05T08:40:43+00:00","breadcrumb":{"@id":"https:\/\/iksel.com.tr\/en\/temel-degerlerimiz\/#breadcrumb"},"inLanguage":"en-US","potentialAction":[{"@type":"ReadAction","target":["https:\/\/iksel.com.tr\/en\/temel-degerlerimiz\/"]}]},{"@type":"ImageObject","inLanguage":"en-US","@id":"https:\/\/iksel.com.tr\/en\/temel-degerlerimiz\/#primaryimage","url":"https:\/\/iksel.com.tr\/wp-content\/uploads\/2026\/04\/Temel-Degerlerimiz-1.jpg","contentUrl":"https:\/\/iksel.com.tr\/wp-content\/uploads\/2026\/04\/Temel-Degerlerimiz-1.jpg"},{"@type":"BreadcrumbList","@id":"https:\/\/iksel.com.tr\/en\/temel-degerlerimiz\/#breadcrumb","itemListElement":[{"@type":"ListItem","position":1,"name":"Anasayfa","item":"https:\/\/iksel.com.tr\/"},{"@type":"ListItem","position":2,"name":"Temel De\u011ferlerimiz"}]},{"@type":"WebSite","@id":"https:\/\/iksel.com.tr\/en\/#website","url":"https:\/\/iksel.com.tr\/en\/","name":"IKSEL Electromechanical","description":"Entegre Elektromekanik \u00dcretim \u00c7\u00f6z\u00fcmleri","publisher":{"@id":"https:\/\/iksel.com.tr\/en\/#organization"},"potentialAction":[{"@type":"SearchAction","target":{"@type":"EntryPoint","urlTemplate":"https:\/\/iksel.com.tr\/en\/?s={search_term_string}"},"query-input":{"@type":"PropertyValueSpecification","valueRequired":true,"valueName":"search_term_string"}}],"inLanguage":"en-US"},{"@type":"Organization","@id":"https:\/\/iksel.com.tr\/en\/#organization","name":"IKSEL Electromechanical","url":"https:\/\/iksel.com.tr\/en\/","logo":{"@type":"ImageObject","inLanguage":"en-US","@id":"https:\/\/iksel.com.tr\/en\/#\/schema\/logo\/image\/","url":"https:\/\/iksel.com.tr\/wp-content\/uploads\/2026\/04\/Iksel-logo_koyu-renk-1.png","contentUrl":"https:\/\/iksel.com.tr\/wp-content\/uploads\/2026\/04\/Iksel-logo_koyu-renk-1.png","width":1226,"height":472,"caption":"\u0130KSEL Elektromekanik"},"image":{"@id":"https:\/\/iksel.com.tr\/en\/#\/schema\/logo\/image\/"}}]}},"_links":{"self":[{"href":"https:\/\/iksel.com.tr\/en\/wp-json\/wp\/v2\/pages\/22578","targetHints":{"allow":["GET"]}}],"collection":[{"href":"https:\/\/iksel.com.tr\/en\/wp-json\/wp\/v2\/pages"}],"about":[{"href":"https:\/\/iksel.com.tr\/en\/wp-json\/wp\/v2\/types\/page"}],"author":[{"embeddable":true,"href":"https:\/\/iksel.com.tr\/en\/wp-json\/wp\/v2\/users\/1"}],"replies":[{"embeddable":true,"href":"https:\/\/iksel.com.tr\/en\/wp-json\/wp\/v2\/comments?post=22578"}],"version-history":[{"count":22,"href":"https:\/\/iksel.com.tr\/en\/wp-json\/wp\/v2\/pages\/22578\/revisions"}],"predecessor-version":[{"id":23381,"href":"https:\/\/iksel.com.tr\/en\/wp-json\/wp\/v2\/pages\/22578\/revisions\/23381"}],"wp:attachment":[{"href":"https:\/\/iksel.com.tr\/en\/wp-json\/wp\/v2\/media?parent=22578"}],"curies":[{"name":"wp","href":"https:\/\/api.w.org\/{rel}","templated":true}]}}