{"id":22581,"date":"2026-04-02T09:02:32","date_gmt":"2026-04-02T09:02:32","guid":{"rendered":"https:\/\/iksel.com.tr\/?page_id=22581"},"modified":"2026-04-05T08:40:18","modified_gmt":"2026-04-05T08:40:18","slug":"hakkimizda","status":"publish","type":"page","link":"https:\/\/iksel.com.tr\/en\/hakkimizda\/","title":{"rendered":"About Us"},"content":{"rendered":"<div data-elementor-type=\"wp-page\" data-elementor-id=\"22581\" class=\"elementor elementor-22581\">\n\t\t\t\t\t\t<section class=\"elementor-section elementor-top-section elementor-element elementor-element-4cc62be elementor-section-boxed elementor-section-height-default elementor-section-height-default sc_fly_static\" data-id=\"4cc62be\" data-element_type=\"section\" data-e-type=\"section\">\n\t\t\t\t\t\t<div class=\"elementor-container elementor-column-gap-extended\">\n\t\t\t\t\t<div class=\"elementor-column elementor-col-100 elementor-top-column elementor-element elementor-element-79ac3f8 sc_content_align_inherit sc_layouts_column_icons_position_left sc_fly_static\" data-id=\"79ac3f8\" data-element_type=\"column\" data-e-type=\"column\">\n\t\t\t<div class=\"elementor-widget-wrap elementor-element-populated\">\n\t\t\t\t\t\t<div class=\"elementor-element elementor-element-cfe90c7 sc_height_large sc_fly_static elementor-widget elementor-widget-spacer\" data-id=\"cfe90c7\" data-element_type=\"widget\" data-e-type=\"widget\" data-widget_type=\"spacer.default\">\n\t\t\t\t<div class=\"elementor-widget-container\">\n\t\t\t\t\t\t\t<div class=\"elementor-spacer\">\n\t\t\t<div class=\"elementor-spacer-inner\"><\/div>\n\t\t<\/div>\n\t\t\t\t\t\t<\/div>\n\t\t\t\t<\/div>\n\t\t\t\t\t<\/div>\n\t\t<\/div>\n\t\t\t\t\t<\/div>\n\t\t<\/section>\n\t\t\t\t<section class=\"elementor-section elementor-top-section elementor-element elementor-element-2f1f361 elementor-section-content-middle elementor-section-boxed elementor-section-height-default elementor-section-height-default sc_fly_static\" data-id=\"2f1f361\" data-element_type=\"section\" data-e-type=\"section\">\n\t\t\t\t\t\t<div class=\"elementor-container elementor-column-gap-extended\">\n\t\t\t\t\t<div class=\"elementor-column elementor-col-50 elementor-top-column elementor-element elementor-element-f9be625 sc_content_align_inherit sc_layouts_column_icons_position_left sc_fly_static\" data-id=\"f9be625\" data-element_type=\"column\" data-e-type=\"column\">\n\t\t\t<div class=\"elementor-widget-wrap elementor-element-populated\">\n\t\t\t\t\t\t<section class=\"elementor-section elementor-inner-section elementor-element elementor-element-ed1ca3c elementor-section-content-bottom elementor-section-boxed elementor-section-height-default elementor-section-height-default sc_fly_static\" data-id=\"ed1ca3c\" data-element_type=\"section\" data-e-type=\"section\">\n\t\t\t\t\t\t<div class=\"elementor-container elementor-column-gap-no\">\n\t\t\t\t\t<div class=\"elementor-column elementor-col-100 elementor-inner-column elementor-element elementor-element-e7b5ca5 sc_content_align_inherit sc_layouts_column_icons_position_left sc_fly_static\" data-id=\"e7b5ca5\" data-element_type=\"column\" data-e-type=\"column\">\n\t\t\t<div class=\"elementor-widget-wrap elementor-element-populated\">\n\t\t\t\t\t\t<div data-animation-type=\"block\" class=\"elementor-element elementor-element-4d2bbdb elementor-widget__width-auto no-title animation_type_block sc_fly_static elementor-invisible elementor-widget elementor-widget-image\" data-id=\"4d2bbdb\" data-element_type=\"widget\" data-e-type=\"widget\" data-settings=\"{&quot;_animation&quot;:&quot;fadeInLeft&quot;}\" data-widget_type=\"image.default\">\n\t\t\t\t<div class=\"elementor-widget-container\">\n\t\t\t\t\t\t\t\t\t\t\t\t<figure class=\"wp-caption\">\n\t\t\t\t\t\t\t\t\t\t<img fetchpriority=\"high\" decoding=\"async\" width=\"720\" height=\"909\" src=\"https:\/\/iksel.com.tr\/wp-content\/uploads\/2026\/04\/Iksel_fabrika_dis-gorunus.png\" class=\"attachment-full size-full wp-image-22757\" alt=\"\" srcset=\"https:\/\/iksel.com.tr\/wp-content\/uploads\/2026\/04\/Iksel_fabrika_dis-gorunus.png 720w, https:\/\/iksel.com.tr\/wp-content\/uploads\/2026\/04\/Iksel_fabrika_dis-gorunus-238x300.png 238w, https:\/\/iksel.com.tr\/wp-content\/uploads\/2026\/04\/Iksel_fabrika_dis-gorunus-10x12.png 10w, https:\/\/iksel.com.tr\/wp-content\/uploads\/2026\/04\/Iksel_fabrika_dis-gorunus-370x467.png 370w, https:\/\/iksel.com.tr\/wp-content\/uploads\/2026\/04\/Iksel_fabrika_dis-gorunus-410x518.png 410w\" sizes=\"(max-width: 720px) 100vw, 720px\" \/>\t\t\t\t\t\t\t\t\t\t\t<figcaption class=\"widget-image-caption wp-caption-text\"><\/figcaption>\n\t\t\t\t\t\t\t\t\t\t<\/figure>\n\t\t\t\t\t\t\t\t\t<\/div>\n\t\t\t\t<\/div>\n\t\t\t\t\t<\/div>\n\t\t<\/div>\n\t\t\t\t\t<\/div>\n\t\t<\/section>\n\t\t\t\t\t<\/div>\n\t\t<\/div>\n\t\t\t\t<div class=\"elementor-column elementor-col-50 elementor-top-column elementor-element elementor-element-d12668d sc_content_align_inherit sc_layouts_column_icons_position_left sc_fly_static\" data-id=\"d12668d\" data-element_type=\"column\" data-e-type=\"column\">\n\t\t\t<div class=\"elementor-widget-wrap elementor-element-populated\">\n\t\t\t\t\t\t<div class=\"elementor-element elementor-element-d1d9950 sc_fly_static elementor-widget elementor-widget-trx_sc_title\" data-id=\"d1d9950\" data-element_type=\"widget\" data-e-type=\"widget\" data-widget_type=\"trx_sc_title.default\">\n\t\t\t\t<div class=\"elementor-widget-container\">\n\t\t\t\t\t<div\t\tclass=\"sc_title sc_title_default\" ><h1 class=\"sc_item_title sc_title_title sc_item_title_style_default sc_item_title_tag\"\n\t\t\t><span class=\"sc_item_title_text\">About Us<\/span><\/h1><\/div>\t\t\t\t<\/div>\n\t\t\t\t<\/div>\n\t\t\t\t<div class=\"elementor-element elementor-element-03aae00 sc_fly_static elementor-widget elementor-widget-spacer\" data-id=\"03aae00\" data-element_type=\"widget\" data-e-type=\"widget\" data-widget_type=\"spacer.default\">\n\t\t\t\t<div class=\"elementor-widget-container\">\n\t\t\t\t\t\t\t<div class=\"elementor-spacer\">\n\t\t\t<div class=\"elementor-spacer-inner\"><\/div>\n\t\t<\/div>\n\t\t\t\t\t\t<\/div>\n\t\t\t\t<\/div>\n\t\t\t\t<div class=\"elementor-element elementor-element-f23ef68 sc_fly_static elementor-widget elementor-widget-text-editor\" data-id=\"f23ef68\" data-element_type=\"widget\" data-e-type=\"widget\" data-widget_type=\"text-editor.default\">\n\t\t\t\t<div class=\"elementor-widget-container\">\n\t\t\t\t\t\t\t\t\t<p>IKSEL Electromechanical is an engineering-focused integrated manufacturing company specializing in high-precision metal fabrication and electromechanical system assembly. It operates as a reliable solution partner in the production of cabinets, panels, and custom electromechanical systems for the needs of various sectors such as energy, data centers, telecommunications, automation, and machinery industries.<\/p><p>With its advanced machinery, digital engineering capabilities, and modern production campus, \u0130KSEL manages all processes from design to production under one integrated structure. By combining high-precision metal processing, welding, and joining technologies with electromechanical assembly capabilities, it offers efficient and sustainable solutions to its customers' production-oriented project demands.<\/p><p>IKSEL's production approach is not solely focused on manufacturing. Thanks to its engineering-centric working model, it accurately analyzes customer needs and develops project-specific design and production solutions. This enables it to create scalable production processes that prioritize high quality, reliability, and customer satisfaction.<\/p><p>Today, IKSEL Electromechanical continues to provide reliable, performance-oriented and sustainable solutions to global industries with its high quality standards, strong engineering infrastructure and integrated production capabilities.<\/p>\t\t\t\t\t\t\t\t<\/div>\n\t\t\t\t<\/div>\n\t\t\t\t<div class=\"elementor-element elementor-element-365a0f6 sc_height_small sc_fly_static elementor-widget elementor-widget-spacer\" data-id=\"365a0f6\" data-element_type=\"widget\" data-e-type=\"widget\" data-widget_type=\"spacer.default\">\n\t\t\t\t<div class=\"elementor-widget-container\">\n\t\t\t\t\t\t\t<div class=\"elementor-spacer\">\n\t\t\t<div class=\"elementor-spacer-inner\"><\/div>\n\t\t<\/div>\n\t\t\t\t\t\t<\/div>\n\t\t\t\t<\/div>\n\t\t\t\t\t<\/div>\n\t\t<\/div>\n\t\t\t\t\t<\/div>\n\t\t<\/section>\n\t\t\t\t<section class=\"elementor-section elementor-top-section elementor-element elementor-element-1401b6e elementor-section-content-middle sc_layouts_hide_on_wide sc_layouts_hide_on_desktop sc_layouts_hide_on_notebook sc_layouts_hide_on_tablet sc_layouts_hide_on_mobile elementor-section-boxed elementor-section-height-default elementor-section-height-default sc_fly_static\" data-id=\"1401b6e\" data-element_type=\"section\" data-e-type=\"section\">\n\t\t\t\t\t\t<div class=\"elementor-container elementor-column-gap-extended\">\n\t\t\t\t\t<div class=\"elementor-column elementor-col-50 elementor-top-column elementor-element elementor-element-7cc3b52 sc_content_align_inherit sc_layouts_column_icons_position_left sc_fly_static\" data-id=\"7cc3b52\" data-element_type=\"column\" data-e-type=\"column\">\n\t\t\t<div class=\"elementor-widget-wrap elementor-element-populated\">\n\t\t\t\t\t\t<section class=\"elementor-section elementor-inner-section elementor-element elementor-element-32c7006 elementor-section-content-bottom elementor-section-boxed elementor-section-height-default elementor-section-height-default sc_fly_static\" data-id=\"32c7006\" data-element_type=\"section\" data-e-type=\"section\">\n\t\t\t\t\t\t<div class=\"elementor-container elementor-column-gap-no\">\n\t\t\t\t\t<div class=\"elementor-column elementor-col-100 elementor-inner-column elementor-element elementor-element-1cd9aca sc_content_align_inherit sc_layouts_column_icons_position_left sc_fly_static\" data-id=\"1cd9aca\" data-element_type=\"column\" data-e-type=\"column\">\n\t\t\t<div class=\"elementor-widget-wrap elementor-element-populated\">\n\t\t\t\t\t\t<div class=\"elementor-element elementor-element-030cb7a elementor-widget__width-auto no-title sc_fly_static elementor-widget elementor-widget-image\" data-id=\"030cb7a\" data-element_type=\"widget\" data-e-type=\"widget\" data-widget_type=\"image.default\">\n\t\t\t\t<div class=\"elementor-widget-container\">\n\t\t\t\t\t\t\t\t\t\t\t\t<figure class=\"wp-caption\">\n\t\t\t\t\t\t\t\t\t\t<img decoding=\"async\" width=\"1024\" height=\"1536\" src=\"https:\/\/iksel.com.tr\/wp-content\/uploads\/2026\/03\/Iksel_Kurumsal-1.jpg\" class=\"attachment-full size-full wp-image-21747\" alt=\"\" srcset=\"https:\/\/iksel.com.tr\/wp-content\/uploads\/2026\/03\/Iksel_Kurumsal-1.jpg 1024w, https:\/\/iksel.com.tr\/wp-content\/uploads\/2026\/03\/Iksel_Kurumsal-1-200x300.jpg 200w, https:\/\/iksel.com.tr\/wp-content\/uploads\/2026\/03\/Iksel_Kurumsal-1-683x1024.jpg 683w, https:\/\/iksel.com.tr\/wp-content\/uploads\/2026\/03\/Iksel_Kurumsal-1-768x1152.jpg 768w, https:\/\/iksel.com.tr\/wp-content\/uploads\/2026\/03\/Iksel_Kurumsal-1-8x12.jpg 8w, https:\/\/iksel.com.tr\/wp-content\/uploads\/2026\/03\/Iksel_Kurumsal-1-370x555.jpg 370w, https:\/\/iksel.com.tr\/wp-content\/uploads\/2026\/03\/Iksel_Kurumsal-1-840x1260.jpg 840w, https:\/\/iksel.com.tr\/wp-content\/uploads\/2026\/03\/Iksel_Kurumsal-1-410x615.jpg 410w, https:\/\/iksel.com.tr\/wp-content\/uploads\/2026\/03\/Iksel_Kurumsal-1-600x900.jpg 600w\" sizes=\"(max-width: 1024px) 100vw, 1024px\" \/>\t\t\t\t\t\t\t\t\t\t\t<figcaption class=\"widget-image-caption wp-caption-text\"><\/figcaption>\n\t\t\t\t\t\t\t\t\t\t<\/figure>\n\t\t\t\t\t\t\t\t\t<\/div>\n\t\t\t\t<\/div>\n\t\t\t\t\t<\/div>\n\t\t<\/div>\n\t\t\t\t\t<\/div>\n\t\t<\/section>\n\t\t\t\t\t<\/div>\n\t\t<\/div>\n\t\t\t\t<div class=\"elementor-column elementor-col-50 elementor-top-column elementor-element elementor-element-c82ae4a sc_content_align_inherit sc_layouts_column_icons_position_left sc_fly_static\" data-id=\"c82ae4a\" data-element_type=\"column\" data-e-type=\"column\">\n\t\t\t<div class=\"elementor-widget-wrap elementor-element-populated\">\n\t\t\t\t\t\t<div class=\"elementor-element elementor-element-3824bd5 sc_fly_static elementor-widget elementor-widget-trx_sc_title\" data-id=\"3824bd5\" data-element_type=\"widget\" data-e-type=\"widget\" data-widget_type=\"trx_sc_title.default\">\n\t\t\t\t<div class=\"elementor-widget-container\">\n\t\t\t\t\t<div\t\tclass=\"sc_title sc_title_default\" ><h2 class=\"sc_item_title sc_title_title sc_item_title_style_default sc_item_title_tag\"\n\t\t\t><span class=\"sc_item_title_text\">About Us<\/span><\/h2><\/div>\t\t\t\t<\/div>\n\t\t\t\t<\/div>\n\t\t\t\t<div class=\"elementor-element elementor-element-8cdbbec sc_fly_static elementor-widget elementor-widget-spacer\" data-id=\"8cdbbec\" data-element_type=\"widget\" data-e-type=\"widget\" data-widget_type=\"spacer.default\">\n\t\t\t\t<div class=\"elementor-widget-container\">\n\t\t\t\t\t\t\t<div class=\"elementor-spacer\">\n\t\t\t<div class=\"elementor-spacer-inner\"><\/div>\n\t\t<\/div>\n\t\t\t\t\t\t<\/div>\n\t\t\t\t<\/div>\n\t\t\t\t<div class=\"elementor-element elementor-element-b3ec38c sc_fly_static elementor-widget elementor-widget-text-editor\" data-id=\"b3ec38c\" data-element_type=\"widget\" data-e-type=\"widget\" data-widget_type=\"text-editor.default\">\n\t\t\t\t<div class=\"elementor-widget-container\">\n\t\t\t\t\t\t\t\t\t<p>IKSEL Electromechanical is an engineering-focused integrated manufacturing company specializing in high-precision metal fabrication and electromechanical system assembly. It operates as a reliable solution partner in the production of cabinets, panels, and custom electromechanical systems for the needs of various sectors such as energy, data centers, telecommunications, automation, and machinery industries.<\/p><p>With its advanced machinery, digital engineering capabilities, and modern production campus, \u0130KSEL manages all processes from design to production under one integrated structure. By combining high-precision metal processing, welding, and joining technologies with electromechanical assembly capabilities, it offers efficient and sustainable solutions to its customers' production-oriented project demands.<\/p><p>IKSEL's production approach is not solely focused on manufacturing. Thanks to its engineering-centric working model, it accurately analyzes customer needs and develops project-specific design and production solutions. This enables it to create scalable production processes that prioritize high quality, reliability, and customer satisfaction.<\/p><p>Today, IKSEL Electromechanical continues to provide reliable, performance-oriented and sustainable solutions to global industries with its high quality standards, strong engineering infrastructure and integrated production capabilities.<\/p>\t\t\t\t\t\t\t\t<\/div>\n\t\t\t\t<\/div>\n\t\t\t\t\t<\/div>\n\t\t<\/div>\n\t\t\t\t\t<\/div>\n\t\t<\/section>\n\t\t\t\t<section class=\"elementor-section elementor-top-section elementor-element elementor-element-f417158 elementor-section-boxed elementor-section-height-default elementor-section-height-default sc_fly_static\" data-id=\"f417158\" data-element_type=\"section\" data-e-type=\"section\">\n\t\t\t\t\t\t<div class=\"elementor-container elementor-column-gap-extended\">\n\t\t\t\t\t<div class=\"elementor-column elementor-col-100 elementor-top-column elementor-element elementor-element-59a8355 sc_content_align_inherit sc_layouts_column_icons_position_left sc_fly_static\" data-id=\"59a8355\" data-element_type=\"column\" data-e-type=\"column\">\n\t\t\t<div class=\"elementor-widget-wrap elementor-element-populated\">\n\t\t\t\t\t\t<div class=\"elementor-element elementor-element-488c4fe sc_height_large sc_fly_static elementor-widget elementor-widget-spacer\" data-id=\"488c4fe\" data-element_type=\"widget\" data-e-type=\"widget\" data-widget_type=\"spacer.default\">\n\t\t\t\t<div class=\"elementor-widget-container\">\n\t\t\t\t\t\t\t<div class=\"elementor-spacer\">\n\t\t\t<div class=\"elementor-spacer-inner\"><\/div>\n\t\t<\/div>\n\t\t\t\t\t\t<\/div>\n\t\t\t\t<\/div>\n\t\t\t\t\t<\/div>\n\t\t<\/div>\n\t\t\t\t\t<\/div>\n\t\t<\/section>\n\t\t\t\t<\/div>","protected":false},"excerpt":{"rendered":"<p>Hakk\u0131m\u0131zda \u0130KSEL Elektromekanik, y\u00fcksek hassasiyetli metal imalat\u0131 ve elektromekanik sistem montaj\u0131nda uzmanla\u015fm\u0131\u015f, m\u00fchendislik odakl\u0131 entegre bir \u00fcretim \u015firketidir. Enerji, veri merkezleri, telekom\u00fcnikasyon, otomasyon ve makine sanayi gibi farkl\u0131 sekt\u00f6rlerin ihtiya\u00e7lar\u0131na&hellip;<\/p>","protected":false},"author":1,"featured_media":0,"parent":0,"menu_order":0,"comment_status":"closed","ping_status":"closed","template":"","meta":{"footnotes":""},"class_list":["post-22581","page","type-page","status-publish","hentry"],"yoast_head":"<!-- This site is optimized with the Yoast SEO plugin v27.4 - https:\/\/yoast.com\/product\/yoast-seo-wordpress\/ -->\n<title>Hakk\u0131m\u0131zda - \u0130KSEL Elektromekanik<\/title>\n<meta name=\"robots\" content=\"index, follow, max-snippet:-1, max-image-preview:large, max-video-preview:-1\" \/>\n<link rel=\"canonical\" href=\"https:\/\/iksel.com.tr\/en\/hakkimizda\/\" \/>\n<meta property=\"og:locale\" content=\"en_US\" \/>\n<meta property=\"og:type\" content=\"article\" \/>\n<meta property=\"og:title\" content=\"Hakk\u0131m\u0131zda - \u0130KSEL Elektromekanik\" \/>\n<meta property=\"og:description\" content=\"Hakk\u0131m\u0131zda \u0130KSEL Elektromekanik, y\u00fcksek hassasiyetli metal imalat\u0131 ve elektromekanik sistem montaj\u0131nda uzmanla\u015fm\u0131\u015f, m\u00fchendislik odakl\u0131 entegre bir \u00fcretim \u015firketidir. Enerji, veri merkezleri, telekom\u00fcnikasyon, otomasyon ve makine sanayi gibi farkl\u0131 sekt\u00f6rlerin ihtiya\u00e7lar\u0131na&hellip;\" \/>\n<meta property=\"og:url\" content=\"https:\/\/iksel.com.tr\/en\/hakkimizda\/\" \/>\n<meta property=\"og:site_name\" content=\"\u0130KSEL Elektromekanik\" \/>\n<meta property=\"article:modified_time\" content=\"2026-04-05T08:40:18+00:00\" \/>\n<meta property=\"og:image\" content=\"https:\/\/iksel.com.tr\/wp-content\/uploads\/2026\/04\/Iksel_fabrika_dis-gorunus.png\" \/>\n\t<meta property=\"og:image:width\" content=\"720\" \/>\n\t<meta property=\"og:image:height\" content=\"909\" \/>\n\t<meta property=\"og:image:type\" content=\"image\/png\" \/>\n<meta name=\"twitter:card\" content=\"summary_large_image\" \/>\n<meta name=\"twitter:label1\" content=\"Est. reading time\" \/>\n\t<meta name=\"twitter:data1\" content=\"3 minutes\" \/>\n<script type=\"application\/ld+json\" class=\"yoast-schema-graph\">{\"@context\":\"https:\\\/\\\/schema.org\",\"@graph\":[{\"@type\":\"WebPage\",\"@id\":\"https:\\\/\\\/iksel.com.tr\\\/en\\\/hakkimizda\\\/\",\"url\":\"https:\\\/\\\/iksel.com.tr\\\/en\\\/hakkimizda\\\/\",\"name\":\"Hakk\u0131m\u0131zda - \u0130KSEL Elektromekanik\",\"isPartOf\":{\"@id\":\"https:\\\/\\\/iksel.com.tr\\\/en\\\/#website\"},\"primaryImageOfPage\":{\"@id\":\"https:\\\/\\\/iksel.com.tr\\\/en\\\/hakkimizda\\\/#primaryimage\"},\"image\":{\"@id\":\"https:\\\/\\\/iksel.com.tr\\\/en\\\/hakkimizda\\\/#primaryimage\"},\"thumbnailUrl\":\"https:\\\/\\\/iksel.com.tr\\\/wp-content\\\/uploads\\\/2026\\\/04\\\/Iksel_fabrika_dis-gorunus.png\",\"datePublished\":\"2026-04-02T09:02:32+00:00\",\"dateModified\":\"2026-04-05T08:40:18+00:00\",\"breadcrumb\":{\"@id\":\"https:\\\/\\\/iksel.com.tr\\\/en\\\/hakkimizda\\\/#breadcrumb\"},\"inLanguage\":\"en-US\",\"potentialAction\":[{\"@type\":\"ReadAction\",\"target\":[\"https:\\\/\\\/iksel.com.tr\\\/en\\\/hakkimizda\\\/\"]}]},{\"@type\":\"ImageObject\",\"inLanguage\":\"en-US\",\"@id\":\"https:\\\/\\\/iksel.com.tr\\\/en\\\/hakkimizda\\\/#primaryimage\",\"url\":\"https:\\\/\\\/iksel.com.tr\\\/wp-content\\\/uploads\\\/2026\\\/04\\\/Iksel_fabrika_dis-gorunus.png\",\"contentUrl\":\"https:\\\/\\\/iksel.com.tr\\\/wp-content\\\/uploads\\\/2026\\\/04\\\/Iksel_fabrika_dis-gorunus.png\"},{\"@type\":\"BreadcrumbList\",\"@id\":\"https:\\\/\\\/iksel.com.tr\\\/en\\\/hakkimizda\\\/#breadcrumb\",\"itemListElement\":[{\"@type\":\"ListItem\",\"position\":1,\"name\":\"Anasayfa\",\"item\":\"https:\\\/\\\/iksel.com.tr\\\/\"},{\"@type\":\"ListItem\",\"position\":2,\"name\":\"Hakk\u0131m\u0131zda\"}]},{\"@type\":\"WebSite\",\"@id\":\"https:\\\/\\\/iksel.com.tr\\\/en\\\/#website\",\"url\":\"https:\\\/\\\/iksel.com.tr\\\/en\\\/\",\"name\":\"\u0130KSEL Elektromekanik\",\"description\":\"Entegre Elektromekanik \u00dcretim \u00c7\u00f6z\u00fcmleri\",\"publisher\":{\"@id\":\"https:\\\/\\\/iksel.com.tr\\\/en\\\/#organization\"},\"potentialAction\":[{\"@type\":\"SearchAction\",\"target\":{\"@type\":\"EntryPoint\",\"urlTemplate\":\"https:\\\/\\\/iksel.com.tr\\\/en\\\/?s={search_term_string}\"},\"query-input\":{\"@type\":\"PropertyValueSpecification\",\"valueRequired\":true,\"valueName\":\"search_term_string\"}}],\"inLanguage\":\"en-US\"},{\"@type\":\"Organization\",\"@id\":\"https:\\\/\\\/iksel.com.tr\\\/en\\\/#organization\",\"name\":\"\u0130KSEL Elektromekanik\",\"url\":\"https:\\\/\\\/iksel.com.tr\\\/en\\\/\",\"logo\":{\"@type\":\"ImageObject\",\"inLanguage\":\"en-US\",\"@id\":\"https:\\\/\\\/iksel.com.tr\\\/en\\\/#\\\/schema\\\/logo\\\/image\\\/\",\"url\":\"https:\\\/\\\/iksel.com.tr\\\/wp-content\\\/uploads\\\/2026\\\/04\\\/Iksel-logo_koyu-renk-1.png\",\"contentUrl\":\"https:\\\/\\\/iksel.com.tr\\\/wp-content\\\/uploads\\\/2026\\\/04\\\/Iksel-logo_koyu-renk-1.png\",\"width\":1226,\"height\":472,\"caption\":\"\u0130KSEL Elektromekanik\"},\"image\":{\"@id\":\"https:\\\/\\\/iksel.com.tr\\\/en\\\/#\\\/schema\\\/logo\\\/image\\\/\"}}]}<\/script>\n<!-- \/ Yoast SEO plugin. -->","yoast_head_json":{"title":"Hakk\u0131m\u0131zda - \u0130KSEL Elektromekanik","robots":{"index":"index","follow":"follow","max-snippet":"max-snippet:-1","max-image-preview":"max-image-preview:large","max-video-preview":"max-video-preview:-1"},"canonical":"https:\/\/iksel.com.tr\/en\/hakkimizda\/","og_locale":"en_US","og_type":"article","og_title":"Hakk\u0131m\u0131zda - \u0130KSEL Elektromekanik","og_description":"Hakk\u0131m\u0131zda \u0130KSEL Elektromekanik, y\u00fcksek hassasiyetli metal imalat\u0131 ve elektromekanik sistem montaj\u0131nda uzmanla\u015fm\u0131\u015f, m\u00fchendislik odakl\u0131 entegre bir \u00fcretim \u015firketidir. Enerji, veri merkezleri, telekom\u00fcnikasyon, otomasyon ve makine sanayi gibi farkl\u0131 sekt\u00f6rlerin ihtiya\u00e7lar\u0131na&hellip;","og_url":"https:\/\/iksel.com.tr\/en\/hakkimizda\/","og_site_name":"\u0130KSEL Elektromekanik","article_modified_time":"2026-04-05T08:40:18+00:00","og_image":[{"width":720,"height":909,"url":"https:\/\/iksel.com.tr\/wp-content\/uploads\/2026\/04\/Iksel_fabrika_dis-gorunus.png","type":"image\/png"}],"twitter_card":"summary_large_image","twitter_misc":{"Est. reading time":"3 minutes"},"schema":{"@context":"https:\/\/schema.org","@graph":[{"@type":"WebPage","@id":"https:\/\/iksel.com.tr\/en\/hakkimizda\/","url":"https:\/\/iksel.com.tr\/en\/hakkimizda\/","name":"Hakk\u0131m\u0131zda - \u0130KSEL Elektromekanik","isPartOf":{"@id":"https:\/\/iksel.com.tr\/en\/#website"},"primaryImageOfPage":{"@id":"https:\/\/iksel.com.tr\/en\/hakkimizda\/#primaryimage"},"image":{"@id":"https:\/\/iksel.com.tr\/en\/hakkimizda\/#primaryimage"},"thumbnailUrl":"https:\/\/iksel.com.tr\/wp-content\/uploads\/2026\/04\/Iksel_fabrika_dis-gorunus.png","datePublished":"2026-04-02T09:02:32+00:00","dateModified":"2026-04-05T08:40:18+00:00","breadcrumb":{"@id":"https:\/\/iksel.com.tr\/en\/hakkimizda\/#breadcrumb"},"inLanguage":"en-US","potentialAction":[{"@type":"ReadAction","target":["https:\/\/iksel.com.tr\/en\/hakkimizda\/"]}]},{"@type":"ImageObject","inLanguage":"en-US","@id":"https:\/\/iksel.com.tr\/en\/hakkimizda\/#primaryimage","url":"https:\/\/iksel.com.tr\/wp-content\/uploads\/2026\/04\/Iksel_fabrika_dis-gorunus.png","contentUrl":"https:\/\/iksel.com.tr\/wp-content\/uploads\/2026\/04\/Iksel_fabrika_dis-gorunus.png"},{"@type":"BreadcrumbList","@id":"https:\/\/iksel.com.tr\/en\/hakkimizda\/#breadcrumb","itemListElement":[{"@type":"ListItem","position":1,"name":"Anasayfa","item":"https:\/\/iksel.com.tr\/"},{"@type":"ListItem","position":2,"name":"Hakk\u0131m\u0131zda"}]},{"@type":"WebSite","@id":"https:\/\/iksel.com.tr\/en\/#website","url":"https:\/\/iksel.com.tr\/en\/","name":"IKSEL Electromechanical","description":"Entegre Elektromekanik \u00dcretim \u00c7\u00f6z\u00fcmleri","publisher":{"@id":"https:\/\/iksel.com.tr\/en\/#organization"},"potentialAction":[{"@type":"SearchAction","target":{"@type":"EntryPoint","urlTemplate":"https:\/\/iksel.com.tr\/en\/?s={search_term_string}"},"query-input":{"@type":"PropertyValueSpecification","valueRequired":true,"valueName":"search_term_string"}}],"inLanguage":"en-US"},{"@type":"Organization","@id":"https:\/\/iksel.com.tr\/en\/#organization","name":"IKSEL Electromechanical","url":"https:\/\/iksel.com.tr\/en\/","logo":{"@type":"ImageObject","inLanguage":"en-US","@id":"https:\/\/iksel.com.tr\/en\/#\/schema\/logo\/image\/","url":"https:\/\/iksel.com.tr\/wp-content\/uploads\/2026\/04\/Iksel-logo_koyu-renk-1.png","contentUrl":"https:\/\/iksel.com.tr\/wp-content\/uploads\/2026\/04\/Iksel-logo_koyu-renk-1.png","width":1226,"height":472,"caption":"\u0130KSEL Elektromekanik"},"image":{"@id":"https:\/\/iksel.com.tr\/en\/#\/schema\/logo\/image\/"}}]}},"_links":{"self":[{"href":"https:\/\/iksel.com.tr\/en\/wp-json\/wp\/v2\/pages\/22581","targetHints":{"allow":["GET"]}}],"collection":[{"href":"https:\/\/iksel.com.tr\/en\/wp-json\/wp\/v2\/pages"}],"about":[{"href":"https:\/\/iksel.com.tr\/en\/wp-json\/wp\/v2\/types\/page"}],"author":[{"embeddable":true,"href":"https:\/\/iksel.com.tr\/en\/wp-json\/wp\/v2\/users\/1"}],"replies":[{"embeddable":true,"href":"https:\/\/iksel.com.tr\/en\/wp-json\/wp\/v2\/comments?post=22581"}],"version-history":[{"count":16,"href":"https:\/\/iksel.com.tr\/en\/wp-json\/wp\/v2\/pages\/22581\/revisions"}],"predecessor-version":[{"id":23378,"href":"https:\/\/iksel.com.tr\/en\/wp-json\/wp\/v2\/pages\/22581\/revisions\/23378"}],"wp:attachment":[{"href":"https:\/\/iksel.com.tr\/en\/wp-json\/wp\/v2\/media?parent=22581"}],"curies":[{"name":"wp","href":"https:\/\/api.w.org\/{rel}","templated":true}]}}