{"id":22842,"date":"2026-04-02T13:03:17","date_gmt":"2026-04-02T13:03:17","guid":{"rendered":"https:\/\/iksel.com.tr\/?page_id=22842"},"modified":"2026-04-05T08:26:10","modified_gmt":"2026-04-05T08:26:10","slug":"kabin-ve-panolar","status":"publish","type":"page","link":"https:\/\/iksel.com.tr\/en\/kabin-ve-panolar\/","title":{"rendered":"Cabinets &amp; Panels"},"content":{"rendered":"<div data-elementor-type=\"wp-page\" data-elementor-id=\"22842\" class=\"elementor elementor-22842\">\n\t\t\t\t\t\t<section class=\"elementor-section elementor-top-section elementor-element elementor-element-ab73766 elementor-section-boxed elementor-section-height-default elementor-section-height-default sc_fly_static\" data-id=\"ab73766\" data-element_type=\"section\" data-e-type=\"section\">\n\t\t\t\t\t\t<div class=\"elementor-container elementor-column-gap-extended\">\n\t\t\t\t\t<div class=\"elementor-column elementor-col-100 elementor-top-column elementor-element elementor-element-293ea10 sc_content_align_inherit sc_layouts_column_icons_position_left sc_fly_static\" data-id=\"293ea10\" data-element_type=\"column\" data-e-type=\"column\">\n\t\t\t<div class=\"elementor-widget-wrap elementor-element-populated\">\n\t\t\t\t\t\t<div class=\"elementor-element elementor-element-a1591a3 sc_height_large sc_fly_static elementor-widget elementor-widget-spacer\" data-id=\"a1591a3\" data-element_type=\"widget\" data-e-type=\"widget\" data-widget_type=\"spacer.default\">\n\t\t\t\t<div class=\"elementor-widget-container\">\n\t\t\t\t\t\t\t<div class=\"elementor-spacer\">\n\t\t\t<div class=\"elementor-spacer-inner\"><\/div>\n\t\t<\/div>\n\t\t\t\t\t\t<\/div>\n\t\t\t\t<\/div>\n\t\t\t\t<section class=\"elementor-section elementor-inner-section elementor-element elementor-element-86f7fbe elementor-section-boxed elementor-section-height-default elementor-section-height-default sc_fly_static\" data-id=\"86f7fbe\" data-element_type=\"section\" data-e-type=\"section\">\n\t\t\t\t\t\t<div class=\"elementor-container elementor-column-gap-no\">\n\t\t\t\t\t<div class=\"elementor-column elementor-col-33 elementor-inner-column elementor-element elementor-element-d5522a2 sc_content_align_inherit sc_layouts_column_icons_position_left sc_fly_static\" data-id=\"d5522a2\" data-element_type=\"column\" data-e-type=\"column\">\n\t\t\t<div class=\"elementor-widget-wrap elementor-element-populated\">\n\t\t\t\t\t\t<div class=\"elementor-element elementor-element-cf443f0 elementor-widget__width-initial sc_fly_static elementor-widget elementor-widget-trx_sc_title\" data-id=\"cf443f0\" data-element_type=\"widget\" data-e-type=\"widget\" data-widget_type=\"trx_sc_title.default\">\n\t\t\t\t<div class=\"elementor-widget-container\">\n\t\t\t\t\t<div\t\tclass=\"sc_title sc_title_default\" ><h1 class=\"sc_item_title sc_title_title sc_item_title_style_default sc_item_title_tag\"\n\t\t\t><span class=\"sc_item_title_text\">Cabin and <br>Panels<\/span><\/h1><\/div>\t\t\t\t<\/div>\n\t\t\t\t<\/div>\n\t\t\t\t\t<\/div>\n\t\t<\/div>\n\t\t\t\t<div class=\"elementor-column elementor-col-33 elementor-inner-column elementor-element elementor-element-0136103 sc_content_align_inherit sc_layouts_column_icons_position_left sc_fly_static\" data-id=\"0136103\" data-element_type=\"column\" data-e-type=\"column\">\n\t\t\t<div class=\"elementor-widget-wrap elementor-element-populated\">\n\t\t\t\t\t\t<div class=\"elementor-element elementor-element-335b20b sc_fly_static elementor-widget elementor-widget-text-editor\" data-id=\"335b20b\" data-element_type=\"widget\" data-e-type=\"widget\" data-widget_type=\"text-editor.default\">\n\t\t\t\t<div class=\"elementor-widget-container\">\n\t\t\t\t\t\t\t\t\t<p>Cabinet and panel systems are critical infrastructure solutions designed to ensure the safe, organized, and sustainable operation of electrical and electronic equipment. \u0130KSEL Electromechanical offers a wide product portfolio including rack cabinets, industrial panels, power distribution panels and wall mounted panels for both indoor and outdoor use.<\/p>\t\t\t\t\t\t\t\t<\/div>\n\t\t\t\t<\/div>\n\t\t\t\t\t<\/div>\n\t\t<\/div>\n\t\t\t\t<div class=\"elementor-column elementor-col-33 elementor-inner-column elementor-element elementor-element-b62bbb8 sc_content_align_inherit sc_layouts_column_icons_position_left sc_fly_static\" data-id=\"b62bbb8\" data-element_type=\"column\" data-e-type=\"column\">\n\t\t\t<div class=\"elementor-widget-wrap elementor-element-populated\">\n\t\t\t\t\t\t<div class=\"elementor-element elementor-element-e59668d sc_fly_static elementor-widget elementor-widget-text-editor\" data-id=\"e59668d\" data-element_type=\"widget\" data-e-type=\"widget\" data-widget_type=\"text-editor.default\">\n\t\t\t\t<div class=\"elementor-widget-container\">\n\t\t\t\t\t\t\t\t\t<p>Developed with high precision metalworking and engineering supported manufacturing capabilities, these systems are designed to meet criteria of durability, safety and easy integration. Solutions that can be customized to suit the needs of different sectors provide high performance and long lasting use.<\/p>\t\t\t\t\t\t\t\t<\/div>\n\t\t\t\t<\/div>\n\t\t\t\t\t<\/div>\n\t\t<\/div>\n\t\t\t\t\t<\/div>\n\t\t<\/section>\n\t\t\t\t<section class=\"elementor-section elementor-inner-section elementor-element elementor-element-9959a87 elementor-section-boxed elementor-section-height-default elementor-section-height-default sc_fly_static\" data-id=\"9959a87\" data-element_type=\"section\" data-e-type=\"section\">\n\t\t\t\t\t\t<div class=\"elementor-container elementor-column-gap-no\">\n\t\t\t\t\t<div class=\"elementor-column elementor-col-100 elementor-inner-column elementor-element elementor-element-585825f sc_content_align_inherit sc_layouts_column_icons_position_left sc_fly_static\" data-id=\"585825f\" data-element_type=\"column\" data-e-type=\"column\">\n\t\t\t<div class=\"elementor-widget-wrap elementor-element-populated\">\n\t\t\t\t\t\t<div class=\"elementor-element elementor-element-fab6bb8 sc_height_medium sc_fly_static elementor-widget elementor-widget-spacer\" data-id=\"fab6bb8\" data-element_type=\"widget\" data-e-type=\"widget\" data-widget_type=\"spacer.default\">\n\t\t\t\t<div class=\"elementor-widget-container\">\n\t\t\t\t\t\t\t<div class=\"elementor-spacer\">\n\t\t\t<div class=\"elementor-spacer-inner\"><\/div>\n\t\t<\/div>\n\t\t\t\t\t\t<\/div>\n\t\t\t\t<\/div>\n\t\t\t\t<div class=\"elementor-element elementor-element-ebf1a17 sc_fly_static elementor-widget elementor-widget-trx_sc_icons\" data-id=\"ebf1a17\" data-element_type=\"widget\" data-e-type=\"widget\" data-widget_type=\"trx_sc_icons.default\">\n\t\t\t\t<div class=\"elementor-widget-container\">\n\t\t\t\t\t<div \tclass=\"sc_icons sc_icons_divider sc_icons_size_large sc_align_left\" ><div class=\"sc_icons_columns_wrap sc_item_columns trx_addons_columns_wrap columns_padding_bottom columns_in_single_row\" ><div class=\"trx_addons_column-1_4 trx_addons_column-1_2-tablet\"><div class=\"sc_icons_item sc_icons_item_linked with_more\"><div class=\"sc_icons_image\" ><img fetchpriority=\"high\" decoding=\"async\" src=\"\/\/iksel.com.tr\/wp-content\/uploads\/2026\/04\/1-rack-kabini.png\" alt=\"Icon\" width=\"410\" height=\"230\"><\/div><div class=\"sc_icons_item_details\"><h4 class=\"sc_icons_item_title\"><a href=\"https:\/\/iksel.com.tr\/en\/cozumlerimiz\/rack-kabinetler\/\">\n                                    Rack Cabinets                                    <\/a><\/h4><div class=\"sc_icons_item_description\"><span>Cabinets that securely, neatly and efficiently store server and network equipment.<\/span><\/div><a href=\"https:\/\/iksel.com.tr\/en\/cozumlerimiz\/rack-kabinetler\/\" class=\"sc_icons_item_more_link\">\n                        <span class=\"link_text\">Review<\/span><span class=\"link_icon\"><\/span>\n                        <\/a><a href=\"https:\/\/iksel.com.tr\/en\/cozumlerimiz\/rack-kabinetler\/\"\n                        class=\"sc_icons_item_link\">\n                        <\/a><\/div><\/div><\/div><div class=\"trx_addons_column-1_4 trx_addons_column-1_2-tablet\"><div class=\"sc_icons_item sc_icons_item_linked with_more\"><div class=\"sc_icons_image\" ><img decoding=\"async\" src=\"\/\/iksel.com.tr\/wp-content\/uploads\/2026\/04\/4-Endustriyel_Pano-1.png\" alt=\"Icon\" width=\"410\" height=\"230\"><\/div><div class=\"sc_icons_item_details\"><h4 class=\"sc_icons_item_title\"><a href=\"https:\/\/iksel.com.tr\/en\/cozumlerimiz\/endustriyel-panolar\/\">\n                                    Industrial Panels                                    <\/a><\/h4><div class=\"sc_icons_item_description\"><span>Control panels for the safe control and distribution of industrial electrical systems.<\/span><\/div><a href=\"https:\/\/iksel.com.tr\/en\/cozumlerimiz\/endustriyel-panolar\/\" class=\"sc_icons_item_more_link\">\n                        <span class=\"link_text\">Review<\/span><span class=\"link_icon\"><\/span>\n                        <\/a><a href=\"https:\/\/iksel.com.tr\/en\/cozumlerimiz\/endustriyel-panolar\/\"\n                        class=\"sc_icons_item_link\">\n                        <\/a><\/div><\/div><\/div><div class=\"trx_addons_column-1_4 trx_addons_column-1_2-tablet\"><div class=\"sc_icons_item sc_icons_item_linked with_more\"><div class=\"sc_icons_image\" ><img decoding=\"async\" src=\"\/\/iksel.com.tr\/wp-content\/uploads\/2026\/04\/5-Guc_dagitim_panosu-1.png\" alt=\"Icon\" width=\"410\" height=\"230\"><\/div><div class=\"sc_icons_item_details\"><h4 class=\"sc_icons_item_title\"><a href=\"https:\/\/iksel.com.tr\/en\/cozumlerimiz\/guc-dagitim-panolari\/\">\n                                    Power Distribution Panels                                    <\/a><\/h4><div class=\"sc_icons_item_description\"><span>Industrial power panels designed for safe and stable energy distribution.<\/span><\/div><a href=\"https:\/\/iksel.com.tr\/en\/cozumlerimiz\/guc-dagitim-panolari\/\" class=\"sc_icons_item_more_link\">\n                        <span class=\"link_text\">Review<\/span><span class=\"link_icon\"><\/span>\n                        <\/a><a href=\"https:\/\/iksel.com.tr\/en\/cozumlerimiz\/guc-dagitim-panolari\/\"\n                        class=\"sc_icons_item_link\">\n                        <\/a><\/div><\/div><\/div><div class=\"trx_addons_column-1_4 trx_addons_column-1_2-tablet\"><div class=\"sc_icons_item sc_icons_item_linked with_more\"><div class=\"sc_icons_image\" ><img loading=\"lazy\" decoding=\"async\" src=\"\/\/iksel.com.tr\/wp-content\/uploads\/2026\/04\/Duvar-tipi-pano-1.png\" alt=\"Icon\" width=\"410\" height=\"230\"><\/div><div class=\"sc_icons_item_details\"><h4 class=\"sc_icons_item_title\"><a href=\"https:\/\/iksel.com.tr\/en\/cozumlerimiz\/duvar-tipi-panolar\/\">\n                                    Wall Mounted Panels                                    <\/a><\/h4><div class=\"sc_icons_item_description\"><span>Safety of control, distribution and protection equipment in electrical and automation systems.<\/span><\/div><a href=\"https:\/\/iksel.com.tr\/en\/cozumlerimiz\/duvar-tipi-panolar\/\" class=\"sc_icons_item_more_link\">\n                        <span class=\"link_text\">Review<\/span><span class=\"link_icon\"><\/span>\n                        <\/a><a href=\"https:\/\/iksel.com.tr\/en\/cozumlerimiz\/duvar-tipi-panolar\/\"\n                        class=\"sc_icons_item_link\">\n                        <\/a><\/div><\/div><\/div><\/div><\/div><!-- \/.sc_icons -->\t\t\t\t<\/div>\n\t\t\t\t<\/div>\n\t\t\t\t\t<\/div>\n\t\t<\/div>\n\t\t\t\t\t<\/div>\n\t\t<\/section>\n\t\t\t\t<div class=\"elementor-element elementor-element-82ad2f1 sc_height_large sc_fly_static elementor-widget elementor-widget-spacer\" data-id=\"82ad2f1\" data-element_type=\"widget\" data-e-type=\"widget\" data-widget_type=\"spacer.default\">\n\t\t\t\t<div class=\"elementor-widget-container\">\n\t\t\t\t\t\t\t<div class=\"elementor-spacer\">\n\t\t\t<div class=\"elementor-spacer-inner\"><\/div>\n\t\t<\/div>\n\t\t\t\t\t\t<\/div>\n\t\t\t\t<\/div>\n\t\t\t\t\t<\/div>\n\t\t<\/div>\n\t\t\t\t\t<\/div>\n\t\t<\/section>\n\t\t\t\t<\/div>","protected":false},"excerpt":{"rendered":"<p>Kabin ve Panolar Kabin ve pano sistemleri, elektrik ve elektronik ekipmanlar\u0131n g\u00fcvenli, d\u00fczenli ve s\u00fcrd\u00fcr\u00fclebilir \u015fekilde \u00e7al\u0131\u015fmas\u0131n\u0131 sa\u011flamak amac\u0131yla tasarlanan kritik altyap\u0131 \u00e7\u00f6z\u00fcmleridir. \u0130KSEL Elektromekanik, indoor ve outdoor kullan\u0131m ihtiya\u00e7lar\u0131na&hellip;<\/p>","protected":false},"author":1,"featured_media":0,"parent":19457,"menu_order":0,"comment_status":"closed","ping_status":"closed","template":"","meta":{"footnotes":""},"class_list":["post-22842","page","type-page","status-publish","hentry"],"yoast_head":"<!-- This site is optimized with the Yoast SEO plugin v27.4 - https:\/\/yoast.com\/product\/yoast-seo-wordpress\/ -->\n<title>Kabin ve Panolar - \u0130KSEL Elektromekanik<\/title>\n<meta name=\"robots\" content=\"index, follow, max-snippet:-1, max-image-preview:large, max-video-preview:-1\" \/>\n<link rel=\"canonical\" href=\"https:\/\/iksel.com.tr\/en\/kabin-ve-panolar\/\" \/>\n<meta property=\"og:locale\" content=\"en_US\" \/>\n<meta property=\"og:type\" content=\"article\" \/>\n<meta property=\"og:title\" content=\"Kabin ve Panolar - \u0130KSEL Elektromekanik\" \/>\n<meta property=\"og:description\" content=\"Kabin ve Panolar Kabin ve pano sistemleri, elektrik ve elektronik ekipmanlar\u0131n g\u00fcvenli, d\u00fczenli ve s\u00fcrd\u00fcr\u00fclebilir \u015fekilde \u00e7al\u0131\u015fmas\u0131n\u0131 sa\u011flamak amac\u0131yla tasarlanan kritik altyap\u0131 \u00e7\u00f6z\u00fcmleridir. \u0130KSEL Elektromekanik, indoor ve outdoor kullan\u0131m ihtiya\u00e7lar\u0131na&hellip;\" \/>\n<meta property=\"og:url\" content=\"https:\/\/iksel.com.tr\/en\/kabin-ve-panolar\/\" \/>\n<meta property=\"og:site_name\" content=\"\u0130KSEL Elektromekanik\" \/>\n<meta property=\"article:modified_time\" content=\"2026-04-05T08:26:10+00:00\" \/>\n<meta name=\"twitter:card\" content=\"summary_large_image\" \/>\n<meta name=\"twitter:label1\" content=\"Est. reading time\" \/>\n\t<meta name=\"twitter:data1\" content=\"2 minutes\" \/>\n<script type=\"application\/ld+json\" class=\"yoast-schema-graph\">{\"@context\":\"https:\\\/\\\/schema.org\",\"@graph\":[{\"@type\":\"WebPage\",\"@id\":\"https:\\\/\\\/iksel.com.tr\\\/en\\\/kabin-ve-panolar\\\/\",\"url\":\"https:\\\/\\\/iksel.com.tr\\\/en\\\/kabin-ve-panolar\\\/\",\"name\":\"Kabin ve Panolar - \u0130KSEL Elektromekanik\",\"isPartOf\":{\"@id\":\"https:\\\/\\\/iksel.com.tr\\\/en\\\/#website\"},\"datePublished\":\"2026-04-02T13:03:17+00:00\",\"dateModified\":\"2026-04-05T08:26:10+00:00\",\"breadcrumb\":{\"@id\":\"https:\\\/\\\/iksel.com.tr\\\/en\\\/kabin-ve-panolar\\\/#breadcrumb\"},\"inLanguage\":\"en-US\",\"potentialAction\":[{\"@type\":\"ReadAction\",\"target\":[\"https:\\\/\\\/iksel.com.tr\\\/en\\\/kabin-ve-panolar\\\/\"]}]},{\"@type\":\"BreadcrumbList\",\"@id\":\"https:\\\/\\\/iksel.com.tr\\\/en\\\/kabin-ve-panolar\\\/#breadcrumb\",\"itemListElement\":[{\"@type\":\"ListItem\",\"position\":1,\"name\":\"Anasayfa\",\"item\":\"https:\\\/\\\/iksel.com.tr\\\/\"},{\"@type\":\"ListItem\",\"position\":2,\"name\":\"\u00c7\u00f6z\u00fcmlerimiz\",\"item\":\"https:\\\/\\\/iksel.com.tr\\\/cozumlerimiz\\\/\"},{\"@type\":\"ListItem\",\"position\":3,\"name\":\"Kabin ve Panolar\"}]},{\"@type\":\"WebSite\",\"@id\":\"https:\\\/\\\/iksel.com.tr\\\/en\\\/#website\",\"url\":\"https:\\\/\\\/iksel.com.tr\\\/en\\\/\",\"name\":\"\u0130KSEL Elektromekanik\",\"description\":\"Entegre Elektromekanik \u00dcretim \u00c7\u00f6z\u00fcmleri\",\"publisher\":{\"@id\":\"https:\\\/\\\/iksel.com.tr\\\/en\\\/#organization\"},\"potentialAction\":[{\"@type\":\"SearchAction\",\"target\":{\"@type\":\"EntryPoint\",\"urlTemplate\":\"https:\\\/\\\/iksel.com.tr\\\/en\\\/?s={search_term_string}\"},\"query-input\":{\"@type\":\"PropertyValueSpecification\",\"valueRequired\":true,\"valueName\":\"search_term_string\"}}],\"inLanguage\":\"en-US\"},{\"@type\":\"Organization\",\"@id\":\"https:\\\/\\\/iksel.com.tr\\\/en\\\/#organization\",\"name\":\"\u0130KSEL Elektromekanik\",\"url\":\"https:\\\/\\\/iksel.com.tr\\\/en\\\/\",\"logo\":{\"@type\":\"ImageObject\",\"inLanguage\":\"en-US\",\"@id\":\"https:\\\/\\\/iksel.com.tr\\\/en\\\/#\\\/schema\\\/logo\\\/image\\\/\",\"url\":\"https:\\\/\\\/iksel.com.tr\\\/wp-content\\\/uploads\\\/2026\\\/04\\\/Iksel-logo_koyu-renk-1.png\",\"contentUrl\":\"https:\\\/\\\/iksel.com.tr\\\/wp-content\\\/uploads\\\/2026\\\/04\\\/Iksel-logo_koyu-renk-1.png\",\"width\":1226,\"height\":472,\"caption\":\"\u0130KSEL Elektromekanik\"},\"image\":{\"@id\":\"https:\\\/\\\/iksel.com.tr\\\/en\\\/#\\\/schema\\\/logo\\\/image\\\/\"}}]}<\/script>\n<!-- \/ Yoast SEO plugin. -->","yoast_head_json":{"title":"Kabin ve Panolar - \u0130KSEL Elektromekanik","robots":{"index":"index","follow":"follow","max-snippet":"max-snippet:-1","max-image-preview":"max-image-preview:large","max-video-preview":"max-video-preview:-1"},"canonical":"https:\/\/iksel.com.tr\/en\/kabin-ve-panolar\/","og_locale":"en_US","og_type":"article","og_title":"Kabin ve Panolar - \u0130KSEL Elektromekanik","og_description":"Kabin ve Panolar Kabin ve pano sistemleri, elektrik ve elektronik ekipmanlar\u0131n g\u00fcvenli, d\u00fczenli ve s\u00fcrd\u00fcr\u00fclebilir \u015fekilde \u00e7al\u0131\u015fmas\u0131n\u0131 sa\u011flamak amac\u0131yla tasarlanan kritik altyap\u0131 \u00e7\u00f6z\u00fcmleridir. \u0130KSEL Elektromekanik, indoor ve outdoor kullan\u0131m ihtiya\u00e7lar\u0131na&hellip;","og_url":"https:\/\/iksel.com.tr\/en\/kabin-ve-panolar\/","og_site_name":"\u0130KSEL Elektromekanik","article_modified_time":"2026-04-05T08:26:10+00:00","twitter_card":"summary_large_image","twitter_misc":{"Est. reading time":"2 minutes"},"schema":{"@context":"https:\/\/schema.org","@graph":[{"@type":"WebPage","@id":"https:\/\/iksel.com.tr\/en\/kabin-ve-panolar\/","url":"https:\/\/iksel.com.tr\/en\/kabin-ve-panolar\/","name":"Kabin ve Panolar - \u0130KSEL Elektromekanik","isPartOf":{"@id":"https:\/\/iksel.com.tr\/en\/#website"},"datePublished":"2026-04-02T13:03:17+00:00","dateModified":"2026-04-05T08:26:10+00:00","breadcrumb":{"@id":"https:\/\/iksel.com.tr\/en\/kabin-ve-panolar\/#breadcrumb"},"inLanguage":"en-US","potentialAction":[{"@type":"ReadAction","target":["https:\/\/iksel.com.tr\/en\/kabin-ve-panolar\/"]}]},{"@type":"BreadcrumbList","@id":"https:\/\/iksel.com.tr\/en\/kabin-ve-panolar\/#breadcrumb","itemListElement":[{"@type":"ListItem","position":1,"name":"Anasayfa","item":"https:\/\/iksel.com.tr\/"},{"@type":"ListItem","position":2,"name":"\u00c7\u00f6z\u00fcmlerimiz","item":"https:\/\/iksel.com.tr\/cozumlerimiz\/"},{"@type":"ListItem","position":3,"name":"Kabin ve Panolar"}]},{"@type":"WebSite","@id":"https:\/\/iksel.com.tr\/en\/#website","url":"https:\/\/iksel.com.tr\/en\/","name":"IKSEL Electromechanical","description":"Entegre Elektromekanik \u00dcretim \u00c7\u00f6z\u00fcmleri","publisher":{"@id":"https:\/\/iksel.com.tr\/en\/#organization"},"potentialAction":[{"@type":"SearchAction","target":{"@type":"EntryPoint","urlTemplate":"https:\/\/iksel.com.tr\/en\/?s={search_term_string}"},"query-input":{"@type":"PropertyValueSpecification","valueRequired":true,"valueName":"search_term_string"}}],"inLanguage":"en-US"},{"@type":"Organization","@id":"https:\/\/iksel.com.tr\/en\/#organization","name":"IKSEL Electromechanical","url":"https:\/\/iksel.com.tr\/en\/","logo":{"@type":"ImageObject","inLanguage":"en-US","@id":"https:\/\/iksel.com.tr\/en\/#\/schema\/logo\/image\/","url":"https:\/\/iksel.com.tr\/wp-content\/uploads\/2026\/04\/Iksel-logo_koyu-renk-1.png","contentUrl":"https:\/\/iksel.com.tr\/wp-content\/uploads\/2026\/04\/Iksel-logo_koyu-renk-1.png","width":1226,"height":472,"caption":"\u0130KSEL Elektromekanik"},"image":{"@id":"https:\/\/iksel.com.tr\/en\/#\/schema\/logo\/image\/"}}]}},"_links":{"self":[{"href":"https:\/\/iksel.com.tr\/en\/wp-json\/wp\/v2\/pages\/22842","targetHints":{"allow":["GET"]}}],"collection":[{"href":"https:\/\/iksel.com.tr\/en\/wp-json\/wp\/v2\/pages"}],"about":[{"href":"https:\/\/iksel.com.tr\/en\/wp-json\/wp\/v2\/types\/page"}],"author":[{"embeddable":true,"href":"https:\/\/iksel.com.tr\/en\/wp-json\/wp\/v2\/users\/1"}],"replies":[{"embeddable":true,"href":"https:\/\/iksel.com.tr\/en\/wp-json\/wp\/v2\/comments?post=22842"}],"version-history":[{"count":28,"href":"https:\/\/iksel.com.tr\/en\/wp-json\/wp\/v2\/pages\/22842\/revisions"}],"predecessor-version":[{"id":23356,"href":"https:\/\/iksel.com.tr\/en\/wp-json\/wp\/v2\/pages\/22842\/revisions\/23356"}],"up":[{"embeddable":true,"href":"https:\/\/iksel.com.tr\/en\/wp-json\/wp\/v2\/pages\/19457"}],"wp:attachment":[{"href":"https:\/\/iksel.com.tr\/en\/wp-json\/wp\/v2\/media?parent=22842"}],"curies":[{"name":"wp","href":"https:\/\/api.w.org\/{rel}","templated":true}]}}